{"id":9847,"date":"2024-03-18T14:33:50","date_gmt":"2024-03-18T13:33:50","guid":{"rendered":"http:\/\/www.horse-dental-equipment.us\/?post_type=product&#038;p=9847"},"modified":"2025-10-26T18:15:37","modified_gmt":"2025-10-26T17:15:37","slug":"set-nivel-3-compact-watercooling","status":"publish","type":"product","link":"https:\/\/www.horse-dental-equipment.us\/es\/producto\/set-nivel-3-compact-watercooling\/","title":{"rendered":"Set Nivel 3 - COMPACT - Watercooling"},"content":{"rendered":"<p>HDE ofrece sets completos con el sistema Watercooling.<br \/>\nInal\u00e1mbrico y aut\u00f3nomo, permite una pr\u00e1ctica odontol\u00f3gica regular y c\u00f3moda, que reduce el tiempo de calentamiento cuando se trabaja en crecimientos excesivos y minimiza el polvo de dentina.<\/p>\n<p>El conjunto est\u00e1 compuesto por:<br \/>\n\u2022 Motor Evolution (unidad completa) con chaqueta - Watercooling<br \/>\n\u2022 Flexible Quickflex 1,20 m Evolution - Watercooling<br \/>\n\u2022 Flexxidisc COMPACT larga curva twist - Watercooling<br \/>\n\u2022 Polyfloat COMPACT larga recta (sin fresa diamantada) - Watercooling<br \/>\n\u2022 COMPACT - Fresa applecore \u00d814<br \/>\n\u2022 Cepillo de acero inoxidable con soporte<br \/>\n\u2022 Malet\u00edn Trolley sin placa de base para fresas (disponible en opci\u00f3n)<\/p>\n<p>Tambi\u00e9n disponible sin Watercooling: SET_L3CUS<\/p>\n<p><strong>Referencia de Jorgensen:<\/strong> J1410s3cwc<\/p>\n<p><iframe title=\"vimeo-player\" src=\"https:\/\/player.vimeo.com\/video\/972887919?h=ffeaef4886\" width=\"640\" height=\"360\" frameborder=\"0\" allowfullscreen=\"allowfullscreen\"><\/iframe><br \/>\nDr Jon Gieche&#8217;s Testimony<\/p>\n<p><iframe title=\"vimeo-player\" src=\"https:\/\/player.vimeo.com\/video\/948336536?h=1d464a17e3\" width=\"640\" height=\"360\" frameborder=\"0\" allowfullscreen=\"allowfullscreen\"><\/iframe><\/p>","protected":false},"excerpt":{"rendered":"<p>HDE offers complete sets with the Watercooling system. Wireless and autonomous, it allows a regular and comfortable dentistry practice, while reducing heating when working on overgrowths as well as minimizing dentine dust. The set is composed of: \u2022 Evolution motor (complete unit) with jacket &#8211; Watercooling \u2022 Quickflex drive shaft 47 inches &#8211; Watercooling \u2022 [&hellip;]<\/p>\n","protected":false},"featured_media":10656,"comment_status":"closed","ping_status":"closed","template":"","meta":{"_acf_changed":false},"product_brand":[],"product_cat":[78,450],"product_tag":[],"class_list":{"0":"post-9847","1":"product","2":"type-product","3":"status-publish","4":"has-post-thumbnail","6":"product_cat-complete-motorized-sets","7":"product_cat-compact-watercooling-sets","9":"first","10":"instock","11":"shipping-taxable","12":"purchasable","13":"product-type-simple"},"acf":[],"yoast_head":"<!-- This site is optimized with the Yoast SEO plugin v27.3 - https:\/\/yoast.com\/product\/yoast-seo-wordpress\/ -->\n<title>Set Level 3 - COMPACT - Watercooling - Horse Dental Equipment<\/title>\n<meta name=\"description\" content=\"HDE offers complete sets with the Watercooling system. Wireless and autonomous, it allows a regular and comfortable dentistry practice,...\" \/>\n<meta name=\"robots\" content=\"index, follow, max-snippet:-1, max-image-preview:large, max-video-preview:-1\" \/>\n<link rel=\"canonical\" href=\"https:\/\/www.horse-dental-equipment.us\/es\/producto\/set-nivel-3-compact-watercooling\/\" \/>\n<meta property=\"og:locale\" content=\"es_MX\" \/>\n<meta property=\"og:type\" content=\"article\" \/>\n<meta property=\"og:title\" content=\"Set Level 3 - COMPACT - Watercooling - Horse Dental Equipment\" \/>\n<meta property=\"og:description\" content=\"HDE offers complete sets with the Watercooling system. Wireless and autonomous, it allows a regular and comfortable dentistry practice,...\" \/>\n<meta property=\"og:url\" content=\"https:\/\/www.horse-dental-equipment.us\/es\/producto\/set-nivel-3-compact-watercooling\/\" \/>\n<meta property=\"og:site_name\" content=\"Horse Dental Equipment\" \/>\n<meta property=\"article:modified_time\" content=\"2025-10-26T17:15:37+00:00\" \/>\n<meta property=\"og:image\" content=\"https:\/\/www.horse-dental-equipment.us\/wp-content\/uploads\/2024\/03\/SET_L3CIR-1.jpg\" \/>\n\t<meta property=\"og:image:width\" content=\"800\" \/>\n\t<meta property=\"og:image:height\" content=\"619\" \/>\n\t<meta property=\"og:image:type\" content=\"image\/jpeg\" \/>\n<meta name=\"twitter:card\" content=\"summary_large_image\" \/>\n<meta name=\"twitter:label1\" content=\"Tiempo de lectura\" \/>\n\t<meta name=\"twitter:data1\" content=\"1 minuto\" \/>\n<script type=\"application\/ld+json\" class=\"yoast-schema-graph\">{\"@context\":\"https:\\\/\\\/schema.org\",\"@graph\":[{\"@type\":\"WebPage\",\"@id\":\"https:\\\/\\\/www.horse-dental-equipment.us\\\/product\\\/set-level-3-compact-watercooling\\\/\",\"url\":\"https:\\\/\\\/www.horse-dental-equipment.us\\\/product\\\/set-level-3-compact-watercooling\\\/\",\"name\":\"Set Level 3 - COMPACT - Watercooling - Horse Dental Equipment\",\"isPartOf\":{\"@id\":\"https:\\\/\\\/www.horse-dental-equipment.us\\\/#website\"},\"primaryImageOfPage\":{\"@id\":\"https:\\\/\\\/www.horse-dental-equipment.us\\\/product\\\/set-level-3-compact-watercooling\\\/#primaryimage\"},\"image\":{\"@id\":\"https:\\\/\\\/www.horse-dental-equipment.us\\\/product\\\/set-level-3-compact-watercooling\\\/#primaryimage\"},\"thumbnailUrl\":\"https:\\\/\\\/www.horse-dental-equipment.us\\\/wp-content\\\/uploads\\\/2024\\\/03\\\/SET_L3CIR-1.jpg\",\"datePublished\":\"2024-03-18T13:33:50+00:00\",\"dateModified\":\"2025-10-26T17:15:37+00:00\",\"description\":\"HDE offers complete sets with the Watercooling system. Wireless and autonomous, it allows a regular and comfortable dentistry practice,...\",\"breadcrumb\":{\"@id\":\"https:\\\/\\\/www.horse-dental-equipment.us\\\/product\\\/set-level-3-compact-watercooling\\\/#breadcrumb\"},\"inLanguage\":\"es\",\"potentialAction\":[{\"@type\":\"ReadAction\",\"target\":[\"https:\\\/\\\/www.horse-dental-equipment.us\\\/product\\\/set-level-3-compact-watercooling\\\/\"]}]},{\"@type\":\"ImageObject\",\"inLanguage\":\"es\",\"@id\":\"https:\\\/\\\/www.horse-dental-equipment.us\\\/product\\\/set-level-3-compact-watercooling\\\/#primaryimage\",\"url\":\"https:\\\/\\\/www.horse-dental-equipment.us\\\/wp-content\\\/uploads\\\/2024\\\/03\\\/SET_L3CIR-1.jpg\",\"contentUrl\":\"https:\\\/\\\/www.horse-dental-equipment.us\\\/wp-content\\\/uploads\\\/2024\\\/03\\\/SET_L3CIR-1.jpg\",\"width\":800,\"height\":619,\"caption\":\"Set Level 3 - COMPACT - Watercooling\"},{\"@type\":\"BreadcrumbList\",\"@id\":\"https:\\\/\\\/www.horse-dental-equipment.us\\\/product\\\/set-level-3-compact-watercooling\\\/#breadcrumb\",\"itemListElement\":[{\"@type\":\"ListItem\",\"position\":1,\"name\":\"Home\",\"item\":\"https:\\\/\\\/www.horse-dental-equipment.us\\\/\"},{\"@type\":\"ListItem\",\"position\":2,\"name\":\"Products\",\"item\":\"https:\\\/\\\/www.horse-dental-equipment.us\\\/products\\\/\"},{\"@type\":\"ListItem\",\"position\":3,\"name\":\"Set Level 3 &#8211; COMPACT &#8211; Watercooling\"}]},{\"@type\":\"WebSite\",\"@id\":\"https:\\\/\\\/www.horse-dental-equipment.us\\\/#website\",\"url\":\"https:\\\/\\\/www.horse-dental-equipment.us\\\/\",\"name\":\"Horse Dental Equipment\",\"description\":\"Your partner to develop your equine dentistry business\",\"potentialAction\":[{\"@type\":\"SearchAction\",\"target\":{\"@type\":\"EntryPoint\",\"urlTemplate\":\"https:\\\/\\\/www.horse-dental-equipment.us\\\/?s={search_term_string}\"},\"query-input\":{\"@type\":\"PropertyValueSpecification\",\"valueRequired\":true,\"valueName\":\"search_term_string\"}}],\"inLanguage\":\"es\"}]}<\/script>\n<!-- \/ Yoast SEO plugin. -->","yoast_head_json":{"title":"Set Nivel 3 - COMPACT - Watercooling - Horse Dental Equipment","description":"HDE ofrece sets completos con el sistema Watercooling.\nInalambrico y autonomo, permite una practica odontologica regular y comoda, que reduce el tiempo de calentamiento cuando se trabaja en crecimientos excesivos y minimiza el polvo de dentina.","robots":{"index":"index","follow":"follow","max-snippet":"max-snippet:-1","max-image-preview":"max-image-preview:large","max-video-preview":"max-video-preview:-1"},"canonical":"https:\/\/www.horse-dental-equipment.us\/es\/producto\/set-nivel-3-compact-watercooling\/","og_locale":"es_MX","og_type":"article","og_title":"Set Level 3 - COMPACT - Watercooling - Horse Dental Equipment","og_description":"HDE offers complete sets with the Watercooling system. Wireless and autonomous, it allows a regular and comfortable dentistry practice,...","og_url":"https:\/\/www.horse-dental-equipment.us\/es\/producto\/set-nivel-3-compact-watercooling\/","og_site_name":"Horse Dental Equipment","article_modified_time":"2025-10-26T17:15:37+00:00","og_image":[{"width":800,"height":619,"url":"https:\/\/www.horse-dental-equipment.us\/wp-content\/uploads\/2024\/03\/SET_L3CIR-1.jpg","type":"image\/jpeg"}],"twitter_card":"summary_large_image","twitter_misc":{"Tiempo de lectura":"1 minuto"},"schema":{"@context":"https:\/\/schema.org","@graph":[{"@type":"WebPage","@id":"https:\/\/www.horse-dental-equipment.us\/product\/set-level-3-compact-watercooling\/","url":"https:\/\/www.horse-dental-equipment.us\/product\/set-level-3-compact-watercooling\/","name":"Set Nivel 3 - COMPACT - Watercooling - Horse Dental Equipment","isPartOf":{"@id":"https:\/\/www.horse-dental-equipment.us\/#website"},"primaryImageOfPage":{"@id":"https:\/\/www.horse-dental-equipment.us\/product\/set-level-3-compact-watercooling\/#primaryimage"},"image":{"@id":"https:\/\/www.horse-dental-equipment.us\/product\/set-level-3-compact-watercooling\/#primaryimage"},"thumbnailUrl":"https:\/\/www.horse-dental-equipment.us\/wp-content\/uploads\/2024\/03\/SET_L3CIR-1.jpg","datePublished":"2024-03-18T13:33:50+00:00","dateModified":"2025-10-26T17:15:37+00:00","description":"HDE ofrece sets completos con el sistema Watercooling.\nInalambrico y autonomo, permite una practica odontologica regular y comoda, que reduce el tiempo de calentamiento cuando se trabaja en crecimientos excesivos y minimiza el polvo de dentina.","breadcrumb":{"@id":"https:\/\/www.horse-dental-equipment.us\/product\/set-level-3-compact-watercooling\/#breadcrumb"},"inLanguage":"es","potentialAction":[{"@type":"ReadAction","target":["https:\/\/www.horse-dental-equipment.us\/product\/set-level-3-compact-watercooling\/"]}]},{"@type":"ImageObject","inLanguage":"es","@id":"https:\/\/www.horse-dental-equipment.us\/product\/set-level-3-compact-watercooling\/#primaryimage","url":"https:\/\/www.horse-dental-equipment.us\/wp-content\/uploads\/2024\/03\/SET_L3CIR-1.jpg","contentUrl":"https:\/\/www.horse-dental-equipment.us\/wp-content\/uploads\/2024\/03\/SET_L3CIR-1.jpg","width":800,"height":619,"caption":"Set Level 3 - COMPACT - Watercooling"},{"@type":"BreadcrumbList","@id":"https:\/\/www.horse-dental-equipment.us\/product\/set-level-3-compact-watercooling\/#breadcrumb","itemListElement":[{"@type":"ListItem","position":1,"name":"Home","item":"https:\/\/www.horse-dental-equipment.us\/"},{"@type":"ListItem","position":2,"name":"Products","item":"https:\/\/www.horse-dental-equipment.us\/products\/"},{"@type":"ListItem","position":3,"name":"Set Level 3 &#8211; COMPACT &#8211; Watercooling"}]},{"@type":"WebSite","@id":"https:\/\/www.horse-dental-equipment.us\/#website","url":"https:\/\/www.horse-dental-equipment.us\/","name":"Horse Dental Equipment","description":"Your partner to develop your equine dentistry business","potentialAction":[{"@type":"SearchAction","target":{"@type":"EntryPoint","urlTemplate":"https:\/\/www.horse-dental-equipment.us\/?s={search_term_string}"},"query-input":{"@type":"PropertyValueSpecification","valueRequired":true,"valueName":"search_term_string"}}],"inLanguage":"es"}]}},"_links":{"self":[{"href":"https:\/\/www.horse-dental-equipment.us\/es\/wp-json\/wp\/v2\/product\/9847","targetHints":{"allow":["GET"]}}],"collection":[{"href":"https:\/\/www.horse-dental-equipment.us\/es\/wp-json\/wp\/v2\/product"}],"about":[{"href":"https:\/\/www.horse-dental-equipment.us\/es\/wp-json\/wp\/v2\/types\/product"}],"replies":[{"embeddable":true,"href":"https:\/\/www.horse-dental-equipment.us\/es\/wp-json\/wp\/v2\/comments?post=9847"}],"wp:featuredmedia":[{"embeddable":true,"href":"https:\/\/www.horse-dental-equipment.us\/es\/wp-json\/wp\/v2\/media\/10656"}],"wp:attachment":[{"href":"https:\/\/www.horse-dental-equipment.us\/es\/wp-json\/wp\/v2\/media?parent=9847"}],"wp:term":[{"taxonomy":"product_brand","embeddable":true,"href":"https:\/\/www.horse-dental-equipment.us\/es\/wp-json\/wp\/v2\/product_brand?post=9847"},{"taxonomy":"product_cat","embeddable":true,"href":"https:\/\/www.horse-dental-equipment.us\/es\/wp-json\/wp\/v2\/product_cat?post=9847"},{"taxonomy":"product_tag","embeddable":true,"href":"https:\/\/www.horse-dental-equipment.us\/es\/wp-json\/wp\/v2\/product_tag?post=9847"}],"curies":[{"name":"wp","href":"https:\/\/api.w.org\/{rel}","templated":true}]}}