{"id":9609,"date":"2023-05-24T09:33:09","date_gmt":"2023-05-24T07:33:09","guid":{"rendered":"http:\/\/www.horse-dental-equipment.us\/?post_type=product&#038;p=9609"},"modified":"2025-06-30T11:47:16","modified_gmt":"2025-06-30T09:47:16","slug":"lima-20-recta","status":"publish","type":"product","link":"https:\/\/www.horse-dental-equipment.us\/es\/producto\/lima-20-recta\/","title":{"rendered":"Lima 20'' Recta"},"content":{"rendered":"<p>Esta lima es la m\u00e1s vers\u00e1til. Puede utilizarse en las arcadas mandibular &amp; maxilar, as\u00ed como en las partes lingual y bucal.<\/p>\n<ul>\n<li>Longitud total: 50 cm<\/li>\n<li>Anchura de la cabeza: 32,5 mm<\/li>\n<li>Angulo de la cabeza: 0\u00b0<\/li>\n<\/ul>\n<p>Utilizar con el recambio de Tungsteno 80 mm (REC_V8TU).<\/p>","protected":false},"excerpt":{"rendered":"<p>This float is the most versatile. It can be used on both the mandibular &amp; maxillary arcades as well as the lingual and buccal parts. Total length: 50 cm Head width: 32.5 mm Head angle: 0\u00b0 To be used with Tungsten Carbide Blade 80 mm (REC_V8TU).<\/p>","protected":false},"featured_media":9610,"comment_status":"closed","ping_status":"closed","template":"","meta":{"_acf_changed":false},"product_brand":[],"product_cat":[180,90],"product_tag":[],"class_list":{"0":"post-9609","1":"product","2":"type-product","3":"status-publish","4":"has-post-thumbnail","6":"product_cat-manual-rasps","7":"product_cat-dental-floats-and-blades","9":"first","10":"instock","11":"shipping-taxable","12":"purchasable","13":"product-type-simple"},"acf":[],"yoast_head":"<!-- This site is optimized with the Yoast SEO plugin v27.3 - https:\/\/yoast.com\/product\/yoast-seo-wordpress\/ -->\n<title>20&#039;&#039; Straight Profile Float - Horse Dental Equipment<\/title>\n<meta name=\"description\" content=\"This float is the most versatile. It can be used on both the mandibular &amp; maxillary arcades as well as the lingual and buccal parts. Total length: 50 cm...\" \/>\n<meta name=\"robots\" content=\"index, follow, max-snippet:-1, max-image-preview:large, max-video-preview:-1\" \/>\n<link rel=\"canonical\" href=\"https:\/\/www.horse-dental-equipment.us\/es\/producto\/lima-20-recta\/\" \/>\n<meta property=\"og:locale\" content=\"es_MX\" \/>\n<meta property=\"og:type\" content=\"article\" \/>\n<meta property=\"og:title\" content=\"20&#039;&#039; Straight Profile Float - Horse Dental Equipment\" \/>\n<meta property=\"og:description\" content=\"This float is the most versatile. It can be used on both the mandibular &amp; maxillary arcades as well as the lingual and buccal parts. Total length: 50 cm...\" \/>\n<meta property=\"og:url\" content=\"https:\/\/www.horse-dental-equipment.us\/es\/producto\/lima-20-recta\/\" \/>\n<meta property=\"og:site_name\" content=\"Horse Dental Equipment\" \/>\n<meta property=\"article:modified_time\" content=\"2025-06-30T09:47:16+00:00\" \/>\n<meta property=\"og:image\" content=\"https:\/\/www.horse-dental-equipment.us\/wp-content\/uploads\/2023\/02\/RAP_50D-DN325.jpg\" \/>\n\t<meta property=\"og:image:width\" content=\"800\" \/>\n\t<meta property=\"og:image:height\" content=\"619\" \/>\n\t<meta property=\"og:image:type\" content=\"image\/jpeg\" \/>\n<meta name=\"twitter:card\" content=\"summary_large_image\" \/>\n<meta name=\"twitter:label1\" content=\"Tiempo de lectura\" \/>\n\t<meta name=\"twitter:data1\" content=\"1 minuto\" \/>\n<script type=\"application\/ld+json\" class=\"yoast-schema-graph\">{\"@context\":\"https:\\\/\\\/schema.org\",\"@graph\":[{\"@type\":\"WebPage\",\"@id\":\"https:\\\/\\\/www.horse-dental-equipment.us\\\/product\\\/20-straight-profile-float\\\/\",\"url\":\"https:\\\/\\\/www.horse-dental-equipment.us\\\/product\\\/20-straight-profile-float\\\/\",\"name\":\"20'' Straight Profile Float - Horse Dental Equipment\",\"isPartOf\":{\"@id\":\"https:\\\/\\\/www.horse-dental-equipment.us\\\/#website\"},\"primaryImageOfPage\":{\"@id\":\"https:\\\/\\\/www.horse-dental-equipment.us\\\/product\\\/20-straight-profile-float\\\/#primaryimage\"},\"image\":{\"@id\":\"https:\\\/\\\/www.horse-dental-equipment.us\\\/product\\\/20-straight-profile-float\\\/#primaryimage\"},\"thumbnailUrl\":\"https:\\\/\\\/www.horse-dental-equipment.us\\\/wp-content\\\/uploads\\\/2023\\\/02\\\/RAP_50D-DN325.jpg\",\"datePublished\":\"2023-05-24T07:33:09+00:00\",\"dateModified\":\"2025-06-30T09:47:16+00:00\",\"description\":\"This float is the most versatile. It can be used on both the mandibular & maxillary arcades as well as the lingual and buccal parts. Total length: 50 cm...\",\"breadcrumb\":{\"@id\":\"https:\\\/\\\/www.horse-dental-equipment.us\\\/product\\\/20-straight-profile-float\\\/#breadcrumb\"},\"inLanguage\":\"es\",\"potentialAction\":[{\"@type\":\"ReadAction\",\"target\":[\"https:\\\/\\\/www.horse-dental-equipment.us\\\/product\\\/20-straight-profile-float\\\/\"]}]},{\"@type\":\"ImageObject\",\"inLanguage\":\"es\",\"@id\":\"https:\\\/\\\/www.horse-dental-equipment.us\\\/product\\\/20-straight-profile-float\\\/#primaryimage\",\"url\":\"https:\\\/\\\/www.horse-dental-equipment.us\\\/wp-content\\\/uploads\\\/2023\\\/02\\\/RAP_50D-DN325.jpg\",\"contentUrl\":\"https:\\\/\\\/www.horse-dental-equipment.us\\\/wp-content\\\/uploads\\\/2023\\\/02\\\/RAP_50D-DN325.jpg\",\"width\":800,\"height\":619,\"caption\":\"20'' Straight Profile Float\"},{\"@type\":\"BreadcrumbList\",\"@id\":\"https:\\\/\\\/www.horse-dental-equipment.us\\\/product\\\/20-straight-profile-float\\\/#breadcrumb\",\"itemListElement\":[{\"@type\":\"ListItem\",\"position\":1,\"name\":\"Home\",\"item\":\"https:\\\/\\\/www.horse-dental-equipment.us\\\/\"},{\"@type\":\"ListItem\",\"position\":2,\"name\":\"Products\",\"item\":\"https:\\\/\\\/www.horse-dental-equipment.us\\\/products\\\/\"},{\"@type\":\"ListItem\",\"position\":3,\"name\":\"20&#8221; Straight Profile Float\"}]},{\"@type\":\"WebSite\",\"@id\":\"https:\\\/\\\/www.horse-dental-equipment.us\\\/#website\",\"url\":\"https:\\\/\\\/www.horse-dental-equipment.us\\\/\",\"name\":\"Horse Dental Equipment\",\"description\":\"Your partner to develop your equine dentistry business\",\"potentialAction\":[{\"@type\":\"SearchAction\",\"target\":{\"@type\":\"EntryPoint\",\"urlTemplate\":\"https:\\\/\\\/www.horse-dental-equipment.us\\\/?s={search_term_string}\"},\"query-input\":{\"@type\":\"PropertyValueSpecification\",\"valueRequired\":true,\"valueName\":\"search_term_string\"}}],\"inLanguage\":\"es\"}]}<\/script>\n<!-- \/ Yoast SEO plugin. -->","yoast_head_json":{"title":"Lima 20'' Recta - Horse Dental Equipment","description":"Esta lima es la mas versatil. Puede utilizarse en las arcadas mandibular &amp; maxilar, asi como en las partes lingual y bucal.\n - Longitud total: 50 cm\n - Anchura de la cabeza: 32,5 mm\n - Angulo de la cabeza: 0\u00b0\nUtilizar con el recambio de Tungsteno 80 mm (REC_V8TU).","robots":{"index":"index","follow":"follow","max-snippet":"max-snippet:-1","max-image-preview":"max-image-preview:large","max-video-preview":"max-video-preview:-1"},"canonical":"https:\/\/www.horse-dental-equipment.us\/es\/producto\/lima-20-recta\/","og_locale":"es_MX","og_type":"article","og_title":"20'' Straight Profile Float - Horse Dental Equipment","og_description":"This float is the most versatile. It can be used on both the mandibular & maxillary arcades as well as the lingual and buccal parts. Total length: 50 cm...","og_url":"https:\/\/www.horse-dental-equipment.us\/es\/producto\/lima-20-recta\/","og_site_name":"Horse Dental Equipment","article_modified_time":"2025-06-30T09:47:16+00:00","og_image":[{"width":800,"height":619,"url":"https:\/\/www.horse-dental-equipment.us\/wp-content\/uploads\/2023\/02\/RAP_50D-DN325.jpg","type":"image\/jpeg"}],"twitter_card":"summary_large_image","twitter_misc":{"Tiempo de lectura":"1 minuto"},"schema":{"@context":"https:\/\/schema.org","@graph":[{"@type":"WebPage","@id":"https:\/\/www.horse-dental-equipment.us\/product\/20-straight-profile-float\/","url":"https:\/\/www.horse-dental-equipment.us\/product\/20-straight-profile-float\/","name":"Lima 20'' Recta - Horse Dental Equipment","isPartOf":{"@id":"https:\/\/www.horse-dental-equipment.us\/#website"},"primaryImageOfPage":{"@id":"https:\/\/www.horse-dental-equipment.us\/product\/20-straight-profile-float\/#primaryimage"},"image":{"@id":"https:\/\/www.horse-dental-equipment.us\/product\/20-straight-profile-float\/#primaryimage"},"thumbnailUrl":"https:\/\/www.horse-dental-equipment.us\/wp-content\/uploads\/2023\/02\/RAP_50D-DN325.jpg","datePublished":"2023-05-24T07:33:09+00:00","dateModified":"2025-06-30T09:47:16+00:00","description":"Esta lima es la mas versatil. Puede utilizarse en las arcadas mandibular &amp; maxilar, asi como en las partes lingual y bucal.\n - Longitud total: 50 cm\n - Anchura de la cabeza: 32,5 mm\n - Angulo de la cabeza: 0\u00b0\nUtilizar con el recambio de Tungsteno 80 mm (REC_V8TU).","breadcrumb":{"@id":"https:\/\/www.horse-dental-equipment.us\/product\/20-straight-profile-float\/#breadcrumb"},"inLanguage":"es","potentialAction":[{"@type":"ReadAction","target":["https:\/\/www.horse-dental-equipment.us\/product\/20-straight-profile-float\/"]}]},{"@type":"ImageObject","inLanguage":"es","@id":"https:\/\/www.horse-dental-equipment.us\/product\/20-straight-profile-float\/#primaryimage","url":"https:\/\/www.horse-dental-equipment.us\/wp-content\/uploads\/2023\/02\/RAP_50D-DN325.jpg","contentUrl":"https:\/\/www.horse-dental-equipment.us\/wp-content\/uploads\/2023\/02\/RAP_50D-DN325.jpg","width":800,"height":619,"caption":"20'' Straight Profile Float"},{"@type":"BreadcrumbList","@id":"https:\/\/www.horse-dental-equipment.us\/product\/20-straight-profile-float\/#breadcrumb","itemListElement":[{"@type":"ListItem","position":1,"name":"Home","item":"https:\/\/www.horse-dental-equipment.us\/"},{"@type":"ListItem","position":2,"name":"Products","item":"https:\/\/www.horse-dental-equipment.us\/products\/"},{"@type":"ListItem","position":3,"name":"20&#8221; Straight Profile Float"}]},{"@type":"WebSite","@id":"https:\/\/www.horse-dental-equipment.us\/#website","url":"https:\/\/www.horse-dental-equipment.us\/","name":"Horse Dental Equipment","description":"Your partner to develop your equine dentistry business","potentialAction":[{"@type":"SearchAction","target":{"@type":"EntryPoint","urlTemplate":"https:\/\/www.horse-dental-equipment.us\/?s={search_term_string}"},"query-input":{"@type":"PropertyValueSpecification","valueRequired":true,"valueName":"search_term_string"}}],"inLanguage":"es"}]}},"_links":{"self":[{"href":"https:\/\/www.horse-dental-equipment.us\/es\/wp-json\/wp\/v2\/product\/9609","targetHints":{"allow":["GET"]}}],"collection":[{"href":"https:\/\/www.horse-dental-equipment.us\/es\/wp-json\/wp\/v2\/product"}],"about":[{"href":"https:\/\/www.horse-dental-equipment.us\/es\/wp-json\/wp\/v2\/types\/product"}],"replies":[{"embeddable":true,"href":"https:\/\/www.horse-dental-equipment.us\/es\/wp-json\/wp\/v2\/comments?post=9609"}],"wp:featuredmedia":[{"embeddable":true,"href":"https:\/\/www.horse-dental-equipment.us\/es\/wp-json\/wp\/v2\/media\/9610"}],"wp:attachment":[{"href":"https:\/\/www.horse-dental-equipment.us\/es\/wp-json\/wp\/v2\/media?parent=9609"}],"wp:term":[{"taxonomy":"product_brand","embeddable":true,"href":"https:\/\/www.horse-dental-equipment.us\/es\/wp-json\/wp\/v2\/product_brand?post=9609"},{"taxonomy":"product_cat","embeddable":true,"href":"https:\/\/www.horse-dental-equipment.us\/es\/wp-json\/wp\/v2\/product_cat?post=9609"},{"taxonomy":"product_tag","embeddable":true,"href":"https:\/\/www.horse-dental-equipment.us\/es\/wp-json\/wp\/v2\/product_tag?post=9609"}],"curies":[{"name":"wp","href":"https:\/\/api.w.org\/{rel}","templated":true}]}}