{"id":8504,"date":"2021-12-09T12:18:26","date_gmt":"2021-12-09T11:18:26","guid":{"rendered":"http:\/\/www.horse-dental-equipment.us\/?post_type=product&#038;p=8504"},"modified":"2025-10-29T11:47:43","modified_gmt":"2025-10-29T10:47:43","slug":"compact-reverse-disc-15-o36","status":"publish","type":"product","link":"https:\/\/www.horse-dental-equipment.us\/es\/producto\/compact-reverse-disc-15-o36\/","title":{"rendered":"COMPACT - Reverse Disc 15\u00b0 \u00d836"},"content":{"rendered":"<p>La Reverse Disc cuya dise\u00f1o ha sido registrado es una fresa que HDE desarroll\u00f3 en colaboraci\u00f3n con el Dr. Rob Pascoe.<\/p>\n<p>La Reverse Disc permite que la superficie de trabajo del instrumento se coloque incluso en los especios bucales m\u00e1s peque\u00f1os, especialmente en la cavidad bucal caudal, para abordar de manera efectiva los puntos afilados que son una causa com\u00fan de trauma y ulceraci\u00f3n bucal.<\/p>\n<p>La Reverse Disc tambi\u00e9n evita algunos de los desaf\u00edos que se ven con las cabezas de Applecore cuando se usa en esta \u00e1rea. En eso, abordar\u00e1 naturalmente las \u00e1reas m\u00e1s prominentes de los dientes.<\/p>\n<p>La Reverse Disc solo es compatible con las fresas Polyfloat COMPACT.<\/p>\n<p><strong>Referencia de Jorgensen:\u00a0<\/strong>J1412d34<\/p>","protected":false},"excerpt":{"rendered":"<p>The Reverse Disc which design has been registered is a burr that HDE developed in collaboration with Dr. Rob Pascoe. The Reverse Disc allows the working surface of the instrument to be positioned in even the smallest buccal spaces particularly in the caudal oral cavity to effectively address sharp points which are a common cause [&hellip;]<\/p>\n","protected":false},"featured_media":8537,"comment_status":"closed","ping_status":"closed","template":"","meta":{"_acf_changed":false},"product_brand":[],"product_cat":[81,82],"product_tag":[],"class_list":{"0":"post-8504","1":"product","2":"type-product","3":"status-publish","4":"has-post-thumbnail","6":"product_cat-individual-motorized-instruments","7":"product_cat-polyfloat-polyfloat-burrs","9":"first","10":"instock","11":"shipping-taxable","12":"purchasable","13":"product-type-simple"},"acf":[],"yoast_head":"<!-- This site is optimized with the Yoast SEO plugin v27.4 - https:\/\/yoast.com\/product\/yoast-seo-wordpress\/ -->\n<title>COMPACT - Reverse Disc 15\u00b0 \u00d836 - Horse Dental Equipment<\/title>\n<meta name=\"description\" content=\"The Reverse Disc which design has been registered is a burr that HDE developed in collaboration with Dr. Rob Pascoe. The Reverse Disc allows the working...\" \/>\n<meta name=\"robots\" content=\"index, follow, max-snippet:-1, max-image-preview:large, max-video-preview:-1\" \/>\n<link rel=\"canonical\" href=\"https:\/\/www.horse-dental-equipment.us\/es\/producto\/compact-reverse-disc-15-o36\/\" \/>\n<meta property=\"og:locale\" content=\"es_MX\" \/>\n<meta property=\"og:type\" content=\"article\" \/>\n<meta property=\"og:title\" content=\"COMPACT - Reverse Disc 15\u00b0 \u00d836 - Horse Dental Equipment\" \/>\n<meta property=\"og:description\" content=\"The Reverse Disc which design has been registered is a burr that HDE developed in collaboration with Dr. Rob Pascoe. The Reverse Disc allows the working...\" \/>\n<meta property=\"og:url\" content=\"https:\/\/www.horse-dental-equipment.us\/es\/producto\/compact-reverse-disc-15-o36\/\" \/>\n<meta property=\"og:site_name\" content=\"Horse Dental Equipment\" \/>\n<meta property=\"article:modified_time\" content=\"2025-10-29T10:47:43+00:00\" \/>\n<meta property=\"og:image\" content=\"https:\/\/www.horse-dental-equipment.us\/wp-content\/uploads\/2021\/12\/FRA_BD15D36FC.png\" \/>\n\t<meta property=\"og:image:width\" content=\"800\" \/>\n\t<meta property=\"og:image:height\" content=\"619\" \/>\n\t<meta property=\"og:image:type\" content=\"image\/png\" \/>\n<meta name=\"twitter:card\" content=\"summary_large_image\" \/>\n<meta name=\"twitter:label1\" content=\"Tiempo de lectura\" \/>\n\t<meta name=\"twitter:data1\" content=\"1 minuto\" \/>\n<script type=\"application\/ld+json\" class=\"yoast-schema-graph\">{\"@context\":\"https:\\\/\\\/schema.org\",\"@graph\":[{\"@type\":\"WebPage\",\"@id\":\"https:\\\/\\\/www.horse-dental-equipment.us\\\/product\\\/compact-reverse-disc-15-o36\\\/\",\"url\":\"https:\\\/\\\/www.horse-dental-equipment.us\\\/product\\\/compact-reverse-disc-15-o36\\\/\",\"name\":\"COMPACT - Reverse Disc 15\u00b0 \u00d836 - Horse Dental Equipment\",\"isPartOf\":{\"@id\":\"https:\\\/\\\/www.horse-dental-equipment.us\\\/#website\"},\"primaryImageOfPage\":{\"@id\":\"https:\\\/\\\/www.horse-dental-equipment.us\\\/product\\\/compact-reverse-disc-15-o36\\\/#primaryimage\"},\"image\":{\"@id\":\"https:\\\/\\\/www.horse-dental-equipment.us\\\/product\\\/compact-reverse-disc-15-o36\\\/#primaryimage\"},\"thumbnailUrl\":\"https:\\\/\\\/www.horse-dental-equipment.us\\\/wp-content\\\/uploads\\\/2021\\\/12\\\/FRA_BD15D36FC.png\",\"datePublished\":\"2021-12-09T11:18:26+00:00\",\"dateModified\":\"2025-10-29T10:47:43+00:00\",\"description\":\"The Reverse Disc which design has been registered is a burr that HDE developed in collaboration with Dr. Rob Pascoe. The Reverse Disc allows the working...\",\"breadcrumb\":{\"@id\":\"https:\\\/\\\/www.horse-dental-equipment.us\\\/product\\\/compact-reverse-disc-15-o36\\\/#breadcrumb\"},\"inLanguage\":\"es\",\"potentialAction\":[{\"@type\":\"ReadAction\",\"target\":[\"https:\\\/\\\/www.horse-dental-equipment.us\\\/product\\\/compact-reverse-disc-15-o36\\\/\"]}]},{\"@type\":\"ImageObject\",\"inLanguage\":\"es\",\"@id\":\"https:\\\/\\\/www.horse-dental-equipment.us\\\/product\\\/compact-reverse-disc-15-o36\\\/#primaryimage\",\"url\":\"https:\\\/\\\/www.horse-dental-equipment.us\\\/wp-content\\\/uploads\\\/2021\\\/12\\\/FRA_BD15D36FC.png\",\"contentUrl\":\"https:\\\/\\\/www.horse-dental-equipment.us\\\/wp-content\\\/uploads\\\/2021\\\/12\\\/FRA_BD15D36FC.png\",\"width\":800,\"height\":619,\"caption\":\"COMPACT - Reverse Disc 15\u00b0 \u00d836\"},{\"@type\":\"BreadcrumbList\",\"@id\":\"https:\\\/\\\/www.horse-dental-equipment.us\\\/product\\\/compact-reverse-disc-15-o36\\\/#breadcrumb\",\"itemListElement\":[{\"@type\":\"ListItem\",\"position\":1,\"name\":\"Home\",\"item\":\"https:\\\/\\\/www.horse-dental-equipment.us\\\/\"},{\"@type\":\"ListItem\",\"position\":2,\"name\":\"Products\",\"item\":\"https:\\\/\\\/www.horse-dental-equipment.us\\\/products\\\/\"},{\"@type\":\"ListItem\",\"position\":3,\"name\":\"COMPACT &#8211; Reverse Disc 15\u00b0 \u00d836\"}]},{\"@type\":\"WebSite\",\"@id\":\"https:\\\/\\\/www.horse-dental-equipment.us\\\/#website\",\"url\":\"https:\\\/\\\/www.horse-dental-equipment.us\\\/\",\"name\":\"Horse Dental Equipment\",\"description\":\"Your partner to develop your equine dentistry business\",\"potentialAction\":[{\"@type\":\"SearchAction\",\"target\":{\"@type\":\"EntryPoint\",\"urlTemplate\":\"https:\\\/\\\/www.horse-dental-equipment.us\\\/?s={search_term_string}\"},\"query-input\":{\"@type\":\"PropertyValueSpecification\",\"valueRequired\":true,\"valueName\":\"search_term_string\"}}],\"inLanguage\":\"es\"}]}<\/script>\n<!-- \/ Yoast SEO plugin. -->","yoast_head_json":{"title":"COMPACT - Reverse Disc 15\u00b0 \u00d836 - Horse Dental Equipment","description":"La Reverse Disc cuya dise\u00f1o ha sido registrado es una fresa que HDE desarrollo en colaboracion con el Dr. Rob Pascoe.\nLa Reverse Disc permite que la superficie de trabajo del instrumento se coloque incluso en los espacios bucales mas peque\u00f1os, especialmente en la cavidad bucal caudal, para abrodar de manera efectiva los puntos afilados que son una causa comun de trauma y ulceracion bucal.","robots":{"index":"index","follow":"follow","max-snippet":"max-snippet:-1","max-image-preview":"max-image-preview:large","max-video-preview":"max-video-preview:-1"},"canonical":"https:\/\/www.horse-dental-equipment.us\/es\/producto\/compact-reverse-disc-15-o36\/","og_locale":"es_MX","og_type":"article","og_title":"COMPACT - Reverse Disc 15\u00b0 \u00d836 - Horse Dental Equipment","og_description":"The Reverse Disc which design has been registered is a burr that HDE developed in collaboration with Dr. Rob Pascoe. The Reverse Disc allows the working...","og_url":"https:\/\/www.horse-dental-equipment.us\/es\/producto\/compact-reverse-disc-15-o36\/","og_site_name":"Horse Dental Equipment","article_modified_time":"2025-10-29T10:47:43+00:00","og_image":[{"width":800,"height":619,"url":"https:\/\/www.horse-dental-equipment.us\/wp-content\/uploads\/2021\/12\/FRA_BD15D36FC.png","type":"image\/png"}],"twitter_card":"summary_large_image","twitter_misc":{"Tiempo de lectura":"1 minuto"},"schema":{"@context":"https:\/\/schema.org","@graph":[{"@type":"WebPage","@id":"https:\/\/www.horse-dental-equipment.us\/product\/compact-reverse-disc-15-o36\/","url":"https:\/\/www.horse-dental-equipment.us\/product\/compact-reverse-disc-15-o36\/","name":"COMPACT - Reverse Disc 15\u00b0 \u00d836 - Horse Dental Equipment","isPartOf":{"@id":"https:\/\/www.horse-dental-equipment.us\/#website"},"primaryImageOfPage":{"@id":"https:\/\/www.horse-dental-equipment.us\/product\/compact-reverse-disc-15-o36\/#primaryimage"},"image":{"@id":"https:\/\/www.horse-dental-equipment.us\/product\/compact-reverse-disc-15-o36\/#primaryimage"},"thumbnailUrl":"https:\/\/www.horse-dental-equipment.us\/wp-content\/uploads\/2021\/12\/FRA_BD15D36FC.png","datePublished":"2021-12-09T11:18:26+00:00","dateModified":"2025-10-29T10:47:43+00:00","description":"La Reverse Disc cuya dise\u00f1o ha sido registrado es una fresa que HDE desarrollo en colaboracion con el Dr. Rob Pascoe.\nLa Reverse Disc permite que la superficie de trabajo del instrumento se coloque incluso en los espacios bucales mas peque\u00f1os, especialmente en la cavidad bucal caudal, para abrodar de manera efectiva los puntos afilados que son una causa comun de trauma y ulceracion bucal.","breadcrumb":{"@id":"https:\/\/www.horse-dental-equipment.us\/product\/compact-reverse-disc-15-o36\/#breadcrumb"},"inLanguage":"es","potentialAction":[{"@type":"ReadAction","target":["https:\/\/www.horse-dental-equipment.us\/product\/compact-reverse-disc-15-o36\/"]}]},{"@type":"ImageObject","inLanguage":"es","@id":"https:\/\/www.horse-dental-equipment.us\/product\/compact-reverse-disc-15-o36\/#primaryimage","url":"https:\/\/www.horse-dental-equipment.us\/wp-content\/uploads\/2021\/12\/FRA_BD15D36FC.png","contentUrl":"https:\/\/www.horse-dental-equipment.us\/wp-content\/uploads\/2021\/12\/FRA_BD15D36FC.png","width":800,"height":619,"caption":"COMPACT - Reverse Disc 15\u00b0 \u00d836"},{"@type":"BreadcrumbList","@id":"https:\/\/www.horse-dental-equipment.us\/product\/compact-reverse-disc-15-o36\/#breadcrumb","itemListElement":[{"@type":"ListItem","position":1,"name":"Home","item":"https:\/\/www.horse-dental-equipment.us\/"},{"@type":"ListItem","position":2,"name":"Products","item":"https:\/\/www.horse-dental-equipment.us\/products\/"},{"@type":"ListItem","position":3,"name":"COMPACT &#8211; Reverse Disc 15\u00b0 \u00d836"}]},{"@type":"WebSite","@id":"https:\/\/www.horse-dental-equipment.us\/#website","url":"https:\/\/www.horse-dental-equipment.us\/","name":"Horse Dental Equipment","description":"Your partner to develop your equine dentistry business","potentialAction":[{"@type":"SearchAction","target":{"@type":"EntryPoint","urlTemplate":"https:\/\/www.horse-dental-equipment.us\/?s={search_term_string}"},"query-input":{"@type":"PropertyValueSpecification","valueRequired":true,"valueName":"search_term_string"}}],"inLanguage":"es"}]}},"_links":{"self":[{"href":"https:\/\/www.horse-dental-equipment.us\/es\/wp-json\/wp\/v2\/product\/8504","targetHints":{"allow":["GET"]}}],"collection":[{"href":"https:\/\/www.horse-dental-equipment.us\/es\/wp-json\/wp\/v2\/product"}],"about":[{"href":"https:\/\/www.horse-dental-equipment.us\/es\/wp-json\/wp\/v2\/types\/product"}],"replies":[{"embeddable":true,"href":"https:\/\/www.horse-dental-equipment.us\/es\/wp-json\/wp\/v2\/comments?post=8504"}],"wp:featuredmedia":[{"embeddable":true,"href":"https:\/\/www.horse-dental-equipment.us\/es\/wp-json\/wp\/v2\/media\/8537"}],"wp:attachment":[{"href":"https:\/\/www.horse-dental-equipment.us\/es\/wp-json\/wp\/v2\/media?parent=8504"}],"wp:term":[{"taxonomy":"product_brand","embeddable":true,"href":"https:\/\/www.horse-dental-equipment.us\/es\/wp-json\/wp\/v2\/product_brand?post=8504"},{"taxonomy":"product_cat","embeddable":true,"href":"https:\/\/www.horse-dental-equipment.us\/es\/wp-json\/wp\/v2\/product_cat?post=8504"},{"taxonomy":"product_tag","embeddable":true,"href":"https:\/\/www.horse-dental-equipment.us\/es\/wp-json\/wp\/v2\/product_tag?post=8504"}],"curies":[{"name":"wp","href":"https:\/\/api.w.org\/{rel}","templated":true}]}}