{"id":7589,"date":"2021-06-23T11:56:53","date_gmt":"2021-06-23T09:56:53","guid":{"rendered":"http:\/\/www.horse-dental-equipment.us\/?post_type=product&#038;p=7589"},"modified":"2026-04-01T14:26:21","modified_gmt":"2026-04-01T12:26:21","slug":"sonda-dental-roma-larga-35-mm","status":"publish","type":"product","link":"https:\/\/www.horse-dental-equipment.us\/es\/producto\/sonda-dental-roma-larga-35-mm\/","title":{"rendered":"Sonda Dental Roma Larga (35 mm)"},"content":{"rendered":"<p>Las sondas romas est\u00e1n dise\u00f1adas para explorar los canales de la f\u00edstula y medir la profundidad de las bolsas gingivales y las caries infundibulares.<\/p>\n<p>Hay 2 modelos disponibles en diferentes longitudes:<\/p>\n<ul>\n<li>25 mm<\/li>\n<li>35 mm<\/li>\n<\/ul>","protected":false},"excerpt":{"rendered":"<p>Las sondas romas est\u00e1n dise\u00f1adas para explorar los canales de la f\u00edstula y medir la profundidad de las bolsas gingivales y las caries infundibulares.\n\nHay 2 modelos disponibles en diferentes longitudes:\n\u2022 25 mm\n\u2022 35 mm<\/p>","protected":false},"featured_media":7855,"comment_status":"closed","ping_status":"closed","template":"","meta":{"_acf_changed":false},"product_brand":[],"product_cat":[15,111],"product_tag":[],"class_list":{"0":"post-7589","1":"product","2":"type-product","3":"status-publish","4":"has-post-thumbnail","6":"product_cat-pegasos","7":"product_cat-pegasos-stomatology","9":"first","10":"instock","11":"shipping-taxable","12":"purchasable","13":"product-type-simple"},"acf":[],"yoast_head":"<!-- This site is optimized with the Yoast SEO plugin v27.3 - https:\/\/yoast.com\/product\/yoast-seo-wordpress\/ -->\n<title>Dental Probe Blunt Long (1.38 inch) - Horse Dental Equipment<\/title>\n<meta name=\"description\" content=\"The blunt probes are designed for exploring fistula canals and measuring the depth of gingival pockets and infundibular caries.\" \/>\n<meta name=\"robots\" content=\"index, follow, max-snippet:-1, max-image-preview:large, max-video-preview:-1\" \/>\n<link rel=\"canonical\" href=\"https:\/\/www.horse-dental-equipment.us\/es\/producto\/sonda-dental-roma-larga-35-mm\/\" \/>\n<meta property=\"og:locale\" content=\"es_MX\" \/>\n<meta property=\"og:type\" content=\"article\" \/>\n<meta property=\"og:title\" content=\"Dental Probe Blunt Long (1.38 inch) - Horse Dental Equipment\" \/>\n<meta property=\"og:description\" content=\"The blunt probes are designed for exploring fistula canals and measuring the depth of gingival pockets and infundibular caries.\" \/>\n<meta property=\"og:url\" content=\"https:\/\/www.horse-dental-equipment.us\/es\/producto\/sonda-dental-roma-larga-35-mm\/\" \/>\n<meta property=\"og:site_name\" content=\"Horse Dental Equipment\" \/>\n<meta property=\"article:modified_time\" content=\"2026-04-01T12:26:21+00:00\" \/>\n<meta property=\"og:image\" content=\"https:\/\/www.horse-dental-equipment.us\/wp-content\/uploads\/2021\/06\/PEGA_311007-1.png\" \/>\n\t<meta property=\"og:image:width\" content=\"800\" \/>\n\t<meta property=\"og:image:height\" content=\"619\" \/>\n\t<meta property=\"og:image:type\" content=\"image\/png\" \/>\n<meta name=\"twitter:card\" content=\"summary_large_image\" \/>\n<meta name=\"twitter:label1\" content=\"Tiempo de lectura\" \/>\n\t<meta name=\"twitter:data1\" content=\"1 minuto\" \/>\n<script type=\"application\/ld+json\" class=\"yoast-schema-graph\">{\"@context\":\"https:\\\/\\\/schema.org\",\"@graph\":[{\"@type\":\"WebPage\",\"@id\":\"https:\\\/\\\/www.horse-dental-equipment.us\\\/product\\\/dental-probe-blunt-long-1-38-inch\\\/\",\"url\":\"https:\\\/\\\/www.horse-dental-equipment.us\\\/product\\\/dental-probe-blunt-long-1-38-inch\\\/\",\"name\":\"Dental Probe Blunt Long (1.38 inch) - Horse Dental Equipment\",\"isPartOf\":{\"@id\":\"https:\\\/\\\/www.horse-dental-equipment.us\\\/#website\"},\"primaryImageOfPage\":{\"@id\":\"https:\\\/\\\/www.horse-dental-equipment.us\\\/product\\\/dental-probe-blunt-long-1-38-inch\\\/#primaryimage\"},\"image\":{\"@id\":\"https:\\\/\\\/www.horse-dental-equipment.us\\\/product\\\/dental-probe-blunt-long-1-38-inch\\\/#primaryimage\"},\"thumbnailUrl\":\"https:\\\/\\\/www.horse-dental-equipment.us\\\/wp-content\\\/uploads\\\/2021\\\/06\\\/PEGA_311007-1.png\",\"datePublished\":\"2021-06-23T09:56:53+00:00\",\"dateModified\":\"2026-04-01T12:26:21+00:00\",\"description\":\"The blunt probes are designed for exploring fistula canals and measuring the depth of gingival pockets and infundibular caries.\",\"breadcrumb\":{\"@id\":\"https:\\\/\\\/www.horse-dental-equipment.us\\\/product\\\/dental-probe-blunt-long-1-38-inch\\\/#breadcrumb\"},\"inLanguage\":\"es\",\"potentialAction\":[{\"@type\":\"ReadAction\",\"target\":[\"https:\\\/\\\/www.horse-dental-equipment.us\\\/product\\\/dental-probe-blunt-long-1-38-inch\\\/\"]}]},{\"@type\":\"ImageObject\",\"inLanguage\":\"es\",\"@id\":\"https:\\\/\\\/www.horse-dental-equipment.us\\\/product\\\/dental-probe-blunt-long-1-38-inch\\\/#primaryimage\",\"url\":\"https:\\\/\\\/www.horse-dental-equipment.us\\\/wp-content\\\/uploads\\\/2021\\\/06\\\/PEGA_311007-1.png\",\"contentUrl\":\"https:\\\/\\\/www.horse-dental-equipment.us\\\/wp-content\\\/uploads\\\/2021\\\/06\\\/PEGA_311007-1.png\",\"width\":800,\"height\":619,\"caption\":\"Dental Probe Blunt Long (1.38 inch)\"},{\"@type\":\"BreadcrumbList\",\"@id\":\"https:\\\/\\\/www.horse-dental-equipment.us\\\/product\\\/dental-probe-blunt-long-1-38-inch\\\/#breadcrumb\",\"itemListElement\":[{\"@type\":\"ListItem\",\"position\":1,\"name\":\"Home\",\"item\":\"https:\\\/\\\/www.horse-dental-equipment.us\\\/\"},{\"@type\":\"ListItem\",\"position\":2,\"name\":\"Products\",\"item\":\"https:\\\/\\\/www.horse-dental-equipment.us\\\/products\\\/\"},{\"@type\":\"ListItem\",\"position\":3,\"name\":\"Dental Probe Blunt Long (1.38 inch)\"}]},{\"@type\":\"WebSite\",\"@id\":\"https:\\\/\\\/www.horse-dental-equipment.us\\\/#website\",\"url\":\"https:\\\/\\\/www.horse-dental-equipment.us\\\/\",\"name\":\"Horse Dental Equipment\",\"description\":\"Your partner to develop your equine dentistry business\",\"potentialAction\":[{\"@type\":\"SearchAction\",\"target\":{\"@type\":\"EntryPoint\",\"urlTemplate\":\"https:\\\/\\\/www.horse-dental-equipment.us\\\/?s={search_term_string}\"},\"query-input\":{\"@type\":\"PropertyValueSpecification\",\"valueRequired\":true,\"valueName\":\"search_term_string\"}}],\"inLanguage\":\"es\"}]}<\/script>\n<!-- \/ Yoast SEO plugin. -->","yoast_head_json":{"title":"Sonda Dental Roma Larga (35 mm) - Horse Dental Equipment","description":"Las sondas romas est\u00e1n dise\u00f1adas para explorar los canales de la f\u00edstula y medir la profundidad de las bolsas gingivales y las caries infundibulares.","robots":{"index":"index","follow":"follow","max-snippet":"max-snippet:-1","max-image-preview":"max-image-preview:large","max-video-preview":"max-video-preview:-1"},"canonical":"https:\/\/www.horse-dental-equipment.us\/es\/producto\/sonda-dental-roma-larga-35-mm\/","og_locale":"es_MX","og_type":"article","og_title":"Dental Probe Blunt Long (1.38 inch) - Horse Dental Equipment","og_description":"The blunt probes are designed for exploring fistula canals and measuring the depth of gingival pockets and infundibular caries.","og_url":"https:\/\/www.horse-dental-equipment.us\/es\/producto\/sonda-dental-roma-larga-35-mm\/","og_site_name":"Horse Dental Equipment","article_modified_time":"2026-04-01T12:26:21+00:00","og_image":[{"width":800,"height":619,"url":"https:\/\/www.horse-dental-equipment.us\/wp-content\/uploads\/2021\/06\/PEGA_311007-1.png","type":"image\/png"}],"twitter_card":"summary_large_image","twitter_misc":{"Tiempo de lectura":"1 minuto"},"schema":{"@context":"https:\/\/schema.org","@graph":[{"@type":"WebPage","@id":"https:\/\/www.horse-dental-equipment.us\/product\/dental-probe-blunt-long-1-38-inch\/","url":"https:\/\/www.horse-dental-equipment.us\/product\/dental-probe-blunt-long-1-38-inch\/","name":"Sonda Dental Roma Larga (35 mm) - Horse Dental Equipment","isPartOf":{"@id":"https:\/\/www.horse-dental-equipment.us\/#website"},"primaryImageOfPage":{"@id":"https:\/\/www.horse-dental-equipment.us\/product\/dental-probe-blunt-long-1-38-inch\/#primaryimage"},"image":{"@id":"https:\/\/www.horse-dental-equipment.us\/product\/dental-probe-blunt-long-1-38-inch\/#primaryimage"},"thumbnailUrl":"https:\/\/www.horse-dental-equipment.us\/wp-content\/uploads\/2021\/06\/PEGA_311007-1.png","datePublished":"2021-06-23T09:56:53+00:00","dateModified":"2026-04-01T12:26:21+00:00","description":"Las sondas romas est\u00e1n dise\u00f1adas para explorar los canales de la f\u00edstula y medir la profundidad de las bolsas gingivales y las caries infundibulares.","breadcrumb":{"@id":"https:\/\/www.horse-dental-equipment.us\/product\/dental-probe-blunt-long-1-38-inch\/#breadcrumb"},"inLanguage":"es","potentialAction":[{"@type":"ReadAction","target":["https:\/\/www.horse-dental-equipment.us\/product\/dental-probe-blunt-long-1-38-inch\/"]}]},{"@type":"ImageObject","inLanguage":"es","@id":"https:\/\/www.horse-dental-equipment.us\/product\/dental-probe-blunt-long-1-38-inch\/#primaryimage","url":"https:\/\/www.horse-dental-equipment.us\/wp-content\/uploads\/2021\/06\/PEGA_311007-1.png","contentUrl":"https:\/\/www.horse-dental-equipment.us\/wp-content\/uploads\/2021\/06\/PEGA_311007-1.png","width":800,"height":619,"caption":"Dental Probe Blunt Long (1.38 inch)"},{"@type":"BreadcrumbList","@id":"https:\/\/www.horse-dental-equipment.us\/product\/dental-probe-blunt-long-1-38-inch\/#breadcrumb","itemListElement":[{"@type":"ListItem","position":1,"name":"Home","item":"https:\/\/www.horse-dental-equipment.us\/"},{"@type":"ListItem","position":2,"name":"Products","item":"https:\/\/www.horse-dental-equipment.us\/products\/"},{"@type":"ListItem","position":3,"name":"Dental Probe Blunt Long (1.38 inch)"}]},{"@type":"WebSite","@id":"https:\/\/www.horse-dental-equipment.us\/#website","url":"https:\/\/www.horse-dental-equipment.us\/","name":"Horse Dental Equipment","description":"Your partner to develop your equine dentistry business","potentialAction":[{"@type":"SearchAction","target":{"@type":"EntryPoint","urlTemplate":"https:\/\/www.horse-dental-equipment.us\/?s={search_term_string}"},"query-input":{"@type":"PropertyValueSpecification","valueRequired":true,"valueName":"search_term_string"}}],"inLanguage":"es"}]}},"_links":{"self":[{"href":"https:\/\/www.horse-dental-equipment.us\/es\/wp-json\/wp\/v2\/product\/7589","targetHints":{"allow":["GET"]}}],"collection":[{"href":"https:\/\/www.horse-dental-equipment.us\/es\/wp-json\/wp\/v2\/product"}],"about":[{"href":"https:\/\/www.horse-dental-equipment.us\/es\/wp-json\/wp\/v2\/types\/product"}],"replies":[{"embeddable":true,"href":"https:\/\/www.horse-dental-equipment.us\/es\/wp-json\/wp\/v2\/comments?post=7589"}],"wp:featuredmedia":[{"embeddable":true,"href":"https:\/\/www.horse-dental-equipment.us\/es\/wp-json\/wp\/v2\/media\/7855"}],"wp:attachment":[{"href":"https:\/\/www.horse-dental-equipment.us\/es\/wp-json\/wp\/v2\/media?parent=7589"}],"wp:term":[{"taxonomy":"product_brand","embeddable":true,"href":"https:\/\/www.horse-dental-equipment.us\/es\/wp-json\/wp\/v2\/product_brand?post=7589"},{"taxonomy":"product_cat","embeddable":true,"href":"https:\/\/www.horse-dental-equipment.us\/es\/wp-json\/wp\/v2\/product_cat?post=7589"},{"taxonomy":"product_tag","embeddable":true,"href":"https:\/\/www.horse-dental-equipment.us\/es\/wp-json\/wp\/v2\/product_tag?post=7589"}],"curies":[{"name":"wp","href":"https:\/\/api.w.org\/{rel}","templated":true}]}}