{"id":7577,"date":"2021-07-01T11:04:11","date_gmt":"2021-07-01T09:04:11","guid":{"rendered":"http:\/\/www.horse-dental-equipment.us\/?post_type=product&#038;p=7577"},"modified":"2026-04-01T14:25:32","modified_gmt":"2026-04-01T12:25:32","slug":"fresa-dental-equodent-modelo-peter-fahrenkrug-ponis-watercooling","status":"publish","type":"product","link":"https:\/\/www.horse-dental-equipment.us\/es\/producto\/fresa-dental-equodent-modelo-peter-fahrenkrug-ponis-watercooling\/","title":{"rendered":"Fresa Dental Equodent Modelo Peter Fahrenkrug para Ponis - Watercooling"},"content":{"rendered":"<p>Este modelo Equodent Dental Handpiece est\u00e1 especialmente dise\u00f1ado para ponis, gracias a su reducido tama\u00f1o, esta fresa dental con cabeza en forma de bala es sumamente \u00fatil para realizar tratamientos en cabezas estrechas y especialmente en la parte posterior de la boca.<\/p>\n<ul>\n<li>Longitud: 39,5 cm<\/li>\n<li>Di\u00e1metro: 11 mm<\/li>\n<li>Peso: 0,550 kg<\/li>\n<\/ul>\n<p><iframe title=\"vimeo-player\" src=\"https:\/\/player.vimeo.com\/video\/1101865996?h=025d0ca5a8\" width=\"640\" height=\"360\" frameborder=\"0\" allowfullscreen=\"allowfullscreen\"><\/iframe><\/p>\n<p>Equodent Dental Handpiece Model Peter Fahrenkrug for Ponies &#8211; Watercooling &#8211; Dr Frank Schellenberger<\/p>","protected":false},"excerpt":{"rendered":"<p>This Equodent Dental Handpiece model is specially designed for ponies, thanks to its reduced size, this bullet nose head dental burr is extremely useful to perform treatments in narrow heads and especially in the back of the mouth. Length: 15.35 inches Diameter: 0.43 inch Weight: 1.15 pound Equodent Dental Handpiece Model Peter Fahrenkrug for Ponies [&hellip;]<\/p>\n","protected":false},"featured_media":7578,"comment_status":"closed","ping_status":"closed","template":"","meta":{"_acf_changed":false},"product_brand":[],"product_cat":[15,484,113],"product_tag":[],"class_list":{"0":"post-7577","1":"product","2":"type-product","3":"status-publish","4":"has-post-thumbnail","6":"product_cat-pegasos","7":"product_cat-pony-range","8":"product_cat-pegasos-power-equipment","10":"first","11":"instock","12":"shipping-taxable","13":"purchasable","14":"product-type-simple"},"acf":[],"yoast_head":"<!-- This site is optimized with the Yoast SEO plugin v27.3 - https:\/\/yoast.com\/product\/yoast-seo-wordpress\/ -->\n<title>Equodent Dental Handpiece Model Peter Fahrenkrug for Ponies - Watercooling - Horse Dental Equipment<\/title>\n<meta name=\"description\" content=\"This Equodent Dental Handpiece model is specially designed for ponies, thanks to its reduced size, this bullet nose head dental burr is extremely useful...\" \/>\n<meta name=\"robots\" content=\"index, follow, max-snippet:-1, max-image-preview:large, max-video-preview:-1\" \/>\n<link rel=\"canonical\" href=\"https:\/\/www.horse-dental-equipment.us\/es\/producto\/fresa-dental-equodent-modelo-peter-fahrenkrug-ponis-watercooling\/\" \/>\n<meta property=\"og:locale\" content=\"es_MX\" \/>\n<meta property=\"og:type\" content=\"article\" \/>\n<meta property=\"og:title\" content=\"Equodent Dental Handpiece Model Peter Fahrenkrug for Ponies - Watercooling - Horse Dental Equipment\" \/>\n<meta property=\"og:description\" content=\"This Equodent Dental Handpiece model is specially designed for ponies, thanks to its reduced size, this bullet nose head dental burr is extremely useful...\" \/>\n<meta property=\"og:url\" content=\"https:\/\/www.horse-dental-equipment.us\/es\/producto\/fresa-dental-equodent-modelo-peter-fahrenkrug-ponis-watercooling\/\" \/>\n<meta property=\"og:site_name\" content=\"Horse Dental Equipment\" \/>\n<meta property=\"article:modified_time\" content=\"2026-04-01T12:25:32+00:00\" \/>\n<meta property=\"og:image\" content=\"https:\/\/www.horse-dental-equipment.us\/wp-content\/uploads\/2021\/06\/PEGA_211122.png\" \/>\n\t<meta property=\"og:image:width\" content=\"800\" \/>\n\t<meta property=\"og:image:height\" content=\"619\" \/>\n\t<meta property=\"og:image:type\" content=\"image\/png\" \/>\n<meta name=\"twitter:card\" content=\"summary_large_image\" \/>\n<meta name=\"twitter:label1\" content=\"Tiempo de lectura\" \/>\n\t<meta name=\"twitter:data1\" content=\"1 minuto\" \/>\n<script type=\"application\/ld+json\" class=\"yoast-schema-graph\">{\"@context\":\"https:\\\/\\\/schema.org\",\"@graph\":[{\"@type\":\"WebPage\",\"@id\":\"https:\\\/\\\/www.horse-dental-equipment.us\\\/product\\\/equodent-dental-handpiece-model-peter-fahrenkrug-ponies-watercooling\\\/\",\"url\":\"https:\\\/\\\/www.horse-dental-equipment.us\\\/product\\\/equodent-dental-handpiece-model-peter-fahrenkrug-ponies-watercooling\\\/\",\"name\":\"Equodent Dental Handpiece Model Peter Fahrenkrug for Ponies - Watercooling - Horse Dental Equipment\",\"isPartOf\":{\"@id\":\"https:\\\/\\\/www.horse-dental-equipment.us\\\/#website\"},\"primaryImageOfPage\":{\"@id\":\"https:\\\/\\\/www.horse-dental-equipment.us\\\/product\\\/equodent-dental-handpiece-model-peter-fahrenkrug-ponies-watercooling\\\/#primaryimage\"},\"image\":{\"@id\":\"https:\\\/\\\/www.horse-dental-equipment.us\\\/product\\\/equodent-dental-handpiece-model-peter-fahrenkrug-ponies-watercooling\\\/#primaryimage\"},\"thumbnailUrl\":\"https:\\\/\\\/www.horse-dental-equipment.us\\\/wp-content\\\/uploads\\\/2021\\\/06\\\/PEGA_211122.png\",\"datePublished\":\"2021-07-01T09:04:11+00:00\",\"dateModified\":\"2026-04-01T12:25:32+00:00\",\"description\":\"This Equodent Dental Handpiece model is specially designed for ponies, thanks to its reduced size, this bullet nose head dental burr is extremely useful...\",\"breadcrumb\":{\"@id\":\"https:\\\/\\\/www.horse-dental-equipment.us\\\/product\\\/equodent-dental-handpiece-model-peter-fahrenkrug-ponies-watercooling\\\/#breadcrumb\"},\"inLanguage\":\"es\",\"potentialAction\":[{\"@type\":\"ReadAction\",\"target\":[\"https:\\\/\\\/www.horse-dental-equipment.us\\\/product\\\/equodent-dental-handpiece-model-peter-fahrenkrug-ponies-watercooling\\\/\"]}]},{\"@type\":\"ImageObject\",\"inLanguage\":\"es\",\"@id\":\"https:\\\/\\\/www.horse-dental-equipment.us\\\/product\\\/equodent-dental-handpiece-model-peter-fahrenkrug-ponies-watercooling\\\/#primaryimage\",\"url\":\"https:\\\/\\\/www.horse-dental-equipment.us\\\/wp-content\\\/uploads\\\/2021\\\/06\\\/PEGA_211122.png\",\"contentUrl\":\"https:\\\/\\\/www.horse-dental-equipment.us\\\/wp-content\\\/uploads\\\/2021\\\/06\\\/PEGA_211122.png\",\"width\":800,\"height\":619,\"caption\":\"Equodent Dental Handpiece Model Peter Fahrenkrug for Ponies - Watercooling\"},{\"@type\":\"BreadcrumbList\",\"@id\":\"https:\\\/\\\/www.horse-dental-equipment.us\\\/product\\\/equodent-dental-handpiece-model-peter-fahrenkrug-ponies-watercooling\\\/#breadcrumb\",\"itemListElement\":[{\"@type\":\"ListItem\",\"position\":1,\"name\":\"Home\",\"item\":\"https:\\\/\\\/www.horse-dental-equipment.us\\\/\"},{\"@type\":\"ListItem\",\"position\":2,\"name\":\"Products\",\"item\":\"https:\\\/\\\/www.horse-dental-equipment.us\\\/products\\\/\"},{\"@type\":\"ListItem\",\"position\":3,\"name\":\"Equodent Dental Handpiece Model Peter Fahrenkrug for Ponies &#8211; Watercooling\"}]},{\"@type\":\"WebSite\",\"@id\":\"https:\\\/\\\/www.horse-dental-equipment.us\\\/#website\",\"url\":\"https:\\\/\\\/www.horse-dental-equipment.us\\\/\",\"name\":\"Horse Dental Equipment\",\"description\":\"Your partner to develop your equine dentistry business\",\"potentialAction\":[{\"@type\":\"SearchAction\",\"target\":{\"@type\":\"EntryPoint\",\"urlTemplate\":\"https:\\\/\\\/www.horse-dental-equipment.us\\\/?s={search_term_string}\"},\"query-input\":{\"@type\":\"PropertyValueSpecification\",\"valueRequired\":true,\"valueName\":\"search_term_string\"}}],\"inLanguage\":\"es\"}]}<\/script>\n<!-- \/ Yoast SEO plugin. -->","yoast_head_json":{"title":"Fresa Dental Equodent Modelo Peter Fahrenkrug para Ponis - Watercooling - Horse Dental Equipment","description":"Este modelo Equodent Dental Handpiece esta especialmente dise\u00f1ado para ponis, gracias a su reducido tama\u00f1o, esta fresa dental con cabeza en forma de bala es sumamente util para realizar tratamientos en cabezas estrechas y especialmente en la parte posterior de la boca.","robots":{"index":"index","follow":"follow","max-snippet":"max-snippet:-1","max-image-preview":"max-image-preview:large","max-video-preview":"max-video-preview:-1"},"canonical":"https:\/\/www.horse-dental-equipment.us\/es\/producto\/fresa-dental-equodent-modelo-peter-fahrenkrug-ponis-watercooling\/","og_locale":"es_MX","og_type":"article","og_title":"Equodent Dental Handpiece Model Peter Fahrenkrug for Ponies - Watercooling - Horse Dental Equipment","og_description":"This Equodent Dental Handpiece model is specially designed for ponies, thanks to its reduced size, this bullet nose head dental burr is extremely useful...","og_url":"https:\/\/www.horse-dental-equipment.us\/es\/producto\/fresa-dental-equodent-modelo-peter-fahrenkrug-ponis-watercooling\/","og_site_name":"Horse Dental Equipment","article_modified_time":"2026-04-01T12:25:32+00:00","og_image":[{"width":800,"height":619,"url":"https:\/\/www.horse-dental-equipment.us\/wp-content\/uploads\/2021\/06\/PEGA_211122.png","type":"image\/png"}],"twitter_card":"summary_large_image","twitter_misc":{"Tiempo de lectura":"1 minuto"},"schema":{"@context":"https:\/\/schema.org","@graph":[{"@type":"WebPage","@id":"https:\/\/www.horse-dental-equipment.us\/product\/equodent-dental-handpiece-model-peter-fahrenkrug-ponies-watercooling\/","url":"https:\/\/www.horse-dental-equipment.us\/product\/equodent-dental-handpiece-model-peter-fahrenkrug-ponies-watercooling\/","name":"Fresa Dental Equodent Modelo Peter Fahrenkrug para Ponis - Watercooling - Horse Dental Equipment","isPartOf":{"@id":"https:\/\/www.horse-dental-equipment.us\/#website"},"primaryImageOfPage":{"@id":"https:\/\/www.horse-dental-equipment.us\/product\/equodent-dental-handpiece-model-peter-fahrenkrug-ponies-watercooling\/#primaryimage"},"image":{"@id":"https:\/\/www.horse-dental-equipment.us\/product\/equodent-dental-handpiece-model-peter-fahrenkrug-ponies-watercooling\/#primaryimage"},"thumbnailUrl":"https:\/\/www.horse-dental-equipment.us\/wp-content\/uploads\/2021\/06\/PEGA_211122.png","datePublished":"2021-07-01T09:04:11+00:00","dateModified":"2026-04-01T12:25:32+00:00","description":"Este modelo Equodent Dental Handpiece esta especialmente dise\u00f1ado para ponis, gracias a su reducido tama\u00f1o, esta fresa dental con cabeza en forma de bala es sumamente util para realizar tratamientos en cabezas estrechas y especialmente en la parte posterior de la boca.","breadcrumb":{"@id":"https:\/\/www.horse-dental-equipment.us\/product\/equodent-dental-handpiece-model-peter-fahrenkrug-ponies-watercooling\/#breadcrumb"},"inLanguage":"es","potentialAction":[{"@type":"ReadAction","target":["https:\/\/www.horse-dental-equipment.us\/product\/equodent-dental-handpiece-model-peter-fahrenkrug-ponies-watercooling\/"]}]},{"@type":"ImageObject","inLanguage":"es","@id":"https:\/\/www.horse-dental-equipment.us\/product\/equodent-dental-handpiece-model-peter-fahrenkrug-ponies-watercooling\/#primaryimage","url":"https:\/\/www.horse-dental-equipment.us\/wp-content\/uploads\/2021\/06\/PEGA_211122.png","contentUrl":"https:\/\/www.horse-dental-equipment.us\/wp-content\/uploads\/2021\/06\/PEGA_211122.png","width":800,"height":619,"caption":"Equodent Dental Handpiece Model Peter Fahrenkrug for Ponies - Watercooling"},{"@type":"BreadcrumbList","@id":"https:\/\/www.horse-dental-equipment.us\/product\/equodent-dental-handpiece-model-peter-fahrenkrug-ponies-watercooling\/#breadcrumb","itemListElement":[{"@type":"ListItem","position":1,"name":"Home","item":"https:\/\/www.horse-dental-equipment.us\/"},{"@type":"ListItem","position":2,"name":"Products","item":"https:\/\/www.horse-dental-equipment.us\/products\/"},{"@type":"ListItem","position":3,"name":"Equodent Dental Handpiece Model Peter Fahrenkrug for Ponies &#8211; Watercooling"}]},{"@type":"WebSite","@id":"https:\/\/www.horse-dental-equipment.us\/#website","url":"https:\/\/www.horse-dental-equipment.us\/","name":"Horse Dental Equipment","description":"Your partner to develop your equine dentistry business","potentialAction":[{"@type":"SearchAction","target":{"@type":"EntryPoint","urlTemplate":"https:\/\/www.horse-dental-equipment.us\/?s={search_term_string}"},"query-input":{"@type":"PropertyValueSpecification","valueRequired":true,"valueName":"search_term_string"}}],"inLanguage":"es"}]}},"_links":{"self":[{"href":"https:\/\/www.horse-dental-equipment.us\/es\/wp-json\/wp\/v2\/product\/7577","targetHints":{"allow":["GET"]}}],"collection":[{"href":"https:\/\/www.horse-dental-equipment.us\/es\/wp-json\/wp\/v2\/product"}],"about":[{"href":"https:\/\/www.horse-dental-equipment.us\/es\/wp-json\/wp\/v2\/types\/product"}],"replies":[{"embeddable":true,"href":"https:\/\/www.horse-dental-equipment.us\/es\/wp-json\/wp\/v2\/comments?post=7577"}],"wp:featuredmedia":[{"embeddable":true,"href":"https:\/\/www.horse-dental-equipment.us\/es\/wp-json\/wp\/v2\/media\/7578"}],"wp:attachment":[{"href":"https:\/\/www.horse-dental-equipment.us\/es\/wp-json\/wp\/v2\/media?parent=7577"}],"wp:term":[{"taxonomy":"product_brand","embeddable":true,"href":"https:\/\/www.horse-dental-equipment.us\/es\/wp-json\/wp\/v2\/product_brand?post=7577"},{"taxonomy":"product_cat","embeddable":true,"href":"https:\/\/www.horse-dental-equipment.us\/es\/wp-json\/wp\/v2\/product_cat?post=7577"},{"taxonomy":"product_tag","embeddable":true,"href":"https:\/\/www.horse-dental-equipment.us\/es\/wp-json\/wp\/v2\/product_tag?post=7577"}],"curies":[{"name":"wp","href":"https:\/\/api.w.org\/{rel}","templated":true}]}}