{"id":6804,"date":"2021-04-06T15:53:28","date_gmt":"2021-04-06T13:53:28","guid":{"rendered":"http:\/\/www.horse-dental-equipment.us\/?post_type=product&#038;p=6804"},"modified":"2026-04-01T14:27:08","modified_gmt":"2026-04-01T12:27:08","slug":"fulcrum","status":"publish","type":"product","link":"https:\/\/www.horse-dental-equipment.us\/es\/producto\/fulcrum\/","title":{"rendered":"Fulcrum"},"content":{"rendered":"<p>Gracias a este fulcrum invertido, no es necesario un fulcrum adicional.<br \/>\nPuede utilizarse tanto en el maxilar superior como en el inferior. Est\u00e1 especialmente adaptado a la extracci\u00f3n de los molares 06 y 07.<br \/>\nTambi\u00e9n es muy valioso para la extracci\u00f3n de los molares inferiores 09 y 10 debido a sus ra\u00edces curvas.<\/p>\n<p>Para m\u00e1s informaci\u00f3n sobre los instrumentos de extracci\u00f3n Pegasos, puede <a href=\"http:\/\/www.horse-dental-equipment.us\/wp-content\/uploads\/2022\/01\/Pegasos-extraction-leaflet.pdf\">descargar nuestro folleto<\/a>.<\/p>","protected":false},"excerpt":{"rendered":"<p>Thanks to this Reverse Fulcrum Extension there is no extra Reverse Fulcrum Forceps needed. This system works both for lower and upper cheek teeth. It is especially recommended for 06 and 07s. It can be a quite helpful approach for lower 09 and 10 as well due to the curved nature of these teeth. For [&hellip;]<\/p>\n","protected":false},"featured_media":8989,"comment_status":"closed","ping_status":"closed","template":"","meta":{"_acf_changed":false},"product_brand":[],"product_cat":[15,111],"product_tag":[],"class_list":{"0":"post-6804","1":"product","2":"type-product","3":"status-publish","4":"has-post-thumbnail","6":"product_cat-pegasos","7":"product_cat-pegasos-stomatology","9":"first","10":"instock","11":"shipping-taxable","12":"purchasable","13":"product-type-simple"},"acf":[],"yoast_head":"<!-- This site is optimized with the Yoast SEO plugin v27.3 - https:\/\/yoast.com\/product\/yoast-seo-wordpress\/ -->\n<title>Reverse Fulcrum Extension (fits Molar Forceps No. 1 and No. 2) - Horse Dental Equipment<\/title>\n<meta name=\"description\" content=\"Thanks to this Reverse Fulcrum Extension there is no extra Reverse Fulcrum Forceps needed. This system works both for lower and upper cheek teeth.\" \/>\n<meta name=\"robots\" content=\"index, follow, max-snippet:-1, max-image-preview:large, max-video-preview:-1\" \/>\n<link rel=\"canonical\" href=\"https:\/\/www.horse-dental-equipment.us\/es\/producto\/fulcrum\/\" \/>\n<meta property=\"og:locale\" content=\"es_MX\" \/>\n<meta property=\"og:type\" content=\"article\" \/>\n<meta property=\"og:title\" content=\"Reverse Fulcrum Extension (fits Molar Forceps No. 1 and No. 2) - Horse Dental Equipment\" \/>\n<meta property=\"og:description\" content=\"Thanks to this Reverse Fulcrum Extension there is no extra Reverse Fulcrum Forceps needed. This system works both for lower and upper cheek teeth.\" \/>\n<meta property=\"og:url\" content=\"https:\/\/www.horse-dental-equipment.us\/es\/producto\/fulcrum\/\" \/>\n<meta property=\"og:site_name\" content=\"Horse Dental Equipment\" \/>\n<meta property=\"article:modified_time\" content=\"2026-04-01T12:27:08+00:00\" \/>\n<meta property=\"og:image\" content=\"https:\/\/www.horse-dental-equipment.us\/wp-content\/uploads\/2021\/04\/PEGA_321010-V2.png\" \/>\n\t<meta property=\"og:image:width\" content=\"800\" \/>\n\t<meta property=\"og:image:height\" content=\"619\" \/>\n\t<meta property=\"og:image:type\" content=\"image\/png\" \/>\n<meta name=\"twitter:card\" content=\"summary_large_image\" \/>\n<meta name=\"twitter:label1\" content=\"Tiempo de lectura\" \/>\n\t<meta name=\"twitter:data1\" content=\"1 minuto\" \/>\n<script type=\"application\/ld+json\" class=\"yoast-schema-graph\">{\"@context\":\"https:\\\/\\\/schema.org\",\"@graph\":[{\"@type\":\"WebPage\",\"@id\":\"https:\\\/\\\/www.horse-dental-equipment.us\\\/product\\\/reverse-fulcrum-extension-fits-molar-forceps-no-1-no-2\\\/\",\"url\":\"https:\\\/\\\/www.horse-dental-equipment.us\\\/product\\\/reverse-fulcrum-extension-fits-molar-forceps-no-1-no-2\\\/\",\"name\":\"Reverse Fulcrum Extension (fits Molar Forceps No. 1 and No. 2) - Horse Dental Equipment\",\"isPartOf\":{\"@id\":\"https:\\\/\\\/www.horse-dental-equipment.us\\\/#website\"},\"primaryImageOfPage\":{\"@id\":\"https:\\\/\\\/www.horse-dental-equipment.us\\\/product\\\/reverse-fulcrum-extension-fits-molar-forceps-no-1-no-2\\\/#primaryimage\"},\"image\":{\"@id\":\"https:\\\/\\\/www.horse-dental-equipment.us\\\/product\\\/reverse-fulcrum-extension-fits-molar-forceps-no-1-no-2\\\/#primaryimage\"},\"thumbnailUrl\":\"https:\\\/\\\/www.horse-dental-equipment.us\\\/wp-content\\\/uploads\\\/2021\\\/04\\\/PEGA_321010-V2.png\",\"datePublished\":\"2021-04-06T13:53:28+00:00\",\"dateModified\":\"2026-04-01T12:27:08+00:00\",\"description\":\"Thanks to this Reverse Fulcrum Extension there is no extra Reverse Fulcrum Forceps needed. This system works both for lower and upper cheek teeth.\",\"breadcrumb\":{\"@id\":\"https:\\\/\\\/www.horse-dental-equipment.us\\\/product\\\/reverse-fulcrum-extension-fits-molar-forceps-no-1-no-2\\\/#breadcrumb\"},\"inLanguage\":\"es\",\"potentialAction\":[{\"@type\":\"ReadAction\",\"target\":[\"https:\\\/\\\/www.horse-dental-equipment.us\\\/product\\\/reverse-fulcrum-extension-fits-molar-forceps-no-1-no-2\\\/\"]}]},{\"@type\":\"ImageObject\",\"inLanguage\":\"es\",\"@id\":\"https:\\\/\\\/www.horse-dental-equipment.us\\\/product\\\/reverse-fulcrum-extension-fits-molar-forceps-no-1-no-2\\\/#primaryimage\",\"url\":\"https:\\\/\\\/www.horse-dental-equipment.us\\\/wp-content\\\/uploads\\\/2021\\\/04\\\/PEGA_321010-V2.png\",\"contentUrl\":\"https:\\\/\\\/www.horse-dental-equipment.us\\\/wp-content\\\/uploads\\\/2021\\\/04\\\/PEGA_321010-V2.png\",\"width\":800,\"height\":619,\"caption\":\"Reverse Fulcrum Extension (fits molar forceps No. 1 and No. 2)\"},{\"@type\":\"BreadcrumbList\",\"@id\":\"https:\\\/\\\/www.horse-dental-equipment.us\\\/product\\\/reverse-fulcrum-extension-fits-molar-forceps-no-1-no-2\\\/#breadcrumb\",\"itemListElement\":[{\"@type\":\"ListItem\",\"position\":1,\"name\":\"Home\",\"item\":\"https:\\\/\\\/www.horse-dental-equipment.us\\\/\"},{\"@type\":\"ListItem\",\"position\":2,\"name\":\"Products\",\"item\":\"https:\\\/\\\/www.horse-dental-equipment.us\\\/products\\\/\"},{\"@type\":\"ListItem\",\"position\":3,\"name\":\"Reverse Fulcrum Extension (fits Molar Forceps No. 1 and No. 2)\"}]},{\"@type\":\"WebSite\",\"@id\":\"https:\\\/\\\/www.horse-dental-equipment.us\\\/#website\",\"url\":\"https:\\\/\\\/www.horse-dental-equipment.us\\\/\",\"name\":\"Horse Dental Equipment\",\"description\":\"Your partner to develop your equine dentistry business\",\"potentialAction\":[{\"@type\":\"SearchAction\",\"target\":{\"@type\":\"EntryPoint\",\"urlTemplate\":\"https:\\\/\\\/www.horse-dental-equipment.us\\\/?s={search_term_string}\"},\"query-input\":{\"@type\":\"PropertyValueSpecification\",\"valueRequired\":true,\"valueName\":\"search_term_string\"}}],\"inLanguage\":\"es\"}]}<\/script>\n<!-- \/ Yoast SEO plugin. -->","yoast_head_json":{"title":"Fulcrum - Horse Dental Equipment","description":"Gracias a este fulcrum invertido, no es necesario un fulcrum adicional.\nPuede utilizarse tanto en el maxilar superior como en el inferior. Esta especialmente adaptado a la extraccion de los molares 06 y 07.","robots":{"index":"index","follow":"follow","max-snippet":"max-snippet:-1","max-image-preview":"max-image-preview:large","max-video-preview":"max-video-preview:-1"},"canonical":"https:\/\/www.horse-dental-equipment.us\/es\/producto\/fulcrum\/","og_locale":"es_MX","og_type":"article","og_title":"Reverse Fulcrum Extension (fits Molar Forceps No. 1 and No. 2) - Horse Dental Equipment","og_description":"Thanks to this Reverse Fulcrum Extension there is no extra Reverse Fulcrum Forceps needed. This system works both for lower and upper cheek teeth.","og_url":"https:\/\/www.horse-dental-equipment.us\/es\/producto\/fulcrum\/","og_site_name":"Horse Dental Equipment","article_modified_time":"2026-04-01T12:27:08+00:00","og_image":[{"width":800,"height":619,"url":"https:\/\/www.horse-dental-equipment.us\/wp-content\/uploads\/2021\/04\/PEGA_321010-V2.png","type":"image\/png"}],"twitter_card":"summary_large_image","twitter_misc":{"Tiempo de lectura":"1 minuto"},"schema":{"@context":"https:\/\/schema.org","@graph":[{"@type":"WebPage","@id":"https:\/\/www.horse-dental-equipment.us\/product\/reverse-fulcrum-extension-fits-molar-forceps-no-1-no-2\/","url":"https:\/\/www.horse-dental-equipment.us\/product\/reverse-fulcrum-extension-fits-molar-forceps-no-1-no-2\/","name":"Fulcrum - Horse Dental Equipment","isPartOf":{"@id":"https:\/\/www.horse-dental-equipment.us\/#website"},"primaryImageOfPage":{"@id":"https:\/\/www.horse-dental-equipment.us\/product\/reverse-fulcrum-extension-fits-molar-forceps-no-1-no-2\/#primaryimage"},"image":{"@id":"https:\/\/www.horse-dental-equipment.us\/product\/reverse-fulcrum-extension-fits-molar-forceps-no-1-no-2\/#primaryimage"},"thumbnailUrl":"https:\/\/www.horse-dental-equipment.us\/wp-content\/uploads\/2021\/04\/PEGA_321010-V2.png","datePublished":"2021-04-06T13:53:28+00:00","dateModified":"2026-04-01T12:27:08+00:00","description":"Gracias a este fulcrum invertido, no es necesario un fulcrum adicional.\nPuede utilizarse tanto en el maxilar superior como en el inferior. Esta especialmente adaptado a la extraccion de los molares 06 y 07.","breadcrumb":{"@id":"https:\/\/www.horse-dental-equipment.us\/product\/reverse-fulcrum-extension-fits-molar-forceps-no-1-no-2\/#breadcrumb"},"inLanguage":"es","potentialAction":[{"@type":"ReadAction","target":["https:\/\/www.horse-dental-equipment.us\/product\/reverse-fulcrum-extension-fits-molar-forceps-no-1-no-2\/"]}]},{"@type":"ImageObject","inLanguage":"es","@id":"https:\/\/www.horse-dental-equipment.us\/product\/reverse-fulcrum-extension-fits-molar-forceps-no-1-no-2\/#primaryimage","url":"https:\/\/www.horse-dental-equipment.us\/wp-content\/uploads\/2021\/04\/PEGA_321010-V2.png","contentUrl":"https:\/\/www.horse-dental-equipment.us\/wp-content\/uploads\/2021\/04\/PEGA_321010-V2.png","width":800,"height":619,"caption":"Reverse Fulcrum Extension (fits molar forceps No. 1 and No. 2)"},{"@type":"BreadcrumbList","@id":"https:\/\/www.horse-dental-equipment.us\/product\/reverse-fulcrum-extension-fits-molar-forceps-no-1-no-2\/#breadcrumb","itemListElement":[{"@type":"ListItem","position":1,"name":"Home","item":"https:\/\/www.horse-dental-equipment.us\/"},{"@type":"ListItem","position":2,"name":"Products","item":"https:\/\/www.horse-dental-equipment.us\/products\/"},{"@type":"ListItem","position":3,"name":"Reverse Fulcrum Extension (fits Molar Forceps No. 1 and No. 2)"}]},{"@type":"WebSite","@id":"https:\/\/www.horse-dental-equipment.us\/#website","url":"https:\/\/www.horse-dental-equipment.us\/","name":"Horse Dental Equipment","description":"Your partner to develop your equine dentistry business","potentialAction":[{"@type":"SearchAction","target":{"@type":"EntryPoint","urlTemplate":"https:\/\/www.horse-dental-equipment.us\/?s={search_term_string}"},"query-input":{"@type":"PropertyValueSpecification","valueRequired":true,"valueName":"search_term_string"}}],"inLanguage":"es"}]}},"_links":{"self":[{"href":"https:\/\/www.horse-dental-equipment.us\/es\/wp-json\/wp\/v2\/product\/6804","targetHints":{"allow":["GET"]}}],"collection":[{"href":"https:\/\/www.horse-dental-equipment.us\/es\/wp-json\/wp\/v2\/product"}],"about":[{"href":"https:\/\/www.horse-dental-equipment.us\/es\/wp-json\/wp\/v2\/types\/product"}],"replies":[{"embeddable":true,"href":"https:\/\/www.horse-dental-equipment.us\/es\/wp-json\/wp\/v2\/comments?post=6804"}],"wp:featuredmedia":[{"embeddable":true,"href":"https:\/\/www.horse-dental-equipment.us\/es\/wp-json\/wp\/v2\/media\/8989"}],"wp:attachment":[{"href":"https:\/\/www.horse-dental-equipment.us\/es\/wp-json\/wp\/v2\/media?parent=6804"}],"wp:term":[{"taxonomy":"product_brand","embeddable":true,"href":"https:\/\/www.horse-dental-equipment.us\/es\/wp-json\/wp\/v2\/product_brand?post=6804"},{"taxonomy":"product_cat","embeddable":true,"href":"https:\/\/www.horse-dental-equipment.us\/es\/wp-json\/wp\/v2\/product_cat?post=6804"},{"taxonomy":"product_tag","embeddable":true,"href":"https:\/\/www.horse-dental-equipment.us\/es\/wp-json\/wp\/v2\/product_tag?post=6804"}],"curies":[{"name":"wp","href":"https:\/\/api.w.org\/{rel}","templated":true}]}}