{"id":6801,"date":"2021-04-06T15:50:02","date_gmt":"2021-04-06T13:50:02","guid":{"rendered":"http:\/\/www.horse-dental-equipment.us\/?post_type=product&#038;p=6801"},"modified":"2026-04-01T14:27:35","modified_gmt":"2026-04-01T12:27:35","slug":"pinza-molares-poni","status":"publish","type":"product","link":"https:\/\/www.horse-dental-equipment.us\/es\/producto\/pinza-molares-poni\/","title":{"rendered":"Pinza para Molares - Poni"},"content":{"rendered":"<p>Las pinzas para molares se utilizan para liberar a\u00fan m\u00e1s los dientes con movimientos de rotaci\u00f3n e inclinaci\u00f3n y, finalmente, para extraer los dientes en combinaci\u00f3n con un fulcrum.<br \/>\nPara los caballos con cabezas peque\u00f1as, le sugerimos el \"Modelo Poni\".<\/p>\n<p>Para m\u00e1s informaci\u00f3n sobre los instrumentos de extracci\u00f3n Pegasos, puede <a href=\"http:\/\/www.horse-dental-equipment.us\/wp-content\/uploads\/2022\/01\/Pegasos-extraction-leaflet.pdf\">descargar nuestro folleto<\/a>.<\/p>","protected":false},"excerpt":{"rendered":"<p>Las pinzas para molares se utilizan para liberar a\u00fan m\u00e1s los dientes con movimientos de rotaci\u00f3n e inclinaci\u00f3n y, finalmente, para extraer los dientes en combinaci\u00f3n con un fulcrum.\nPara los caballos con cabezas peque\u00f1as, le sugerimos el \"Modelo Poni\".\n\nPara m\u00e1s informaci\u00f3n sobre los instrumentos de extracci\u00f3n Pegasos, puede descargar nuestro folleto.<\/p>","protected":false},"featured_media":6810,"comment_status":"closed","ping_status":"closed","template":"","meta":{"_acf_changed":false},"product_brand":[],"product_cat":[15,111,484],"product_tag":[],"class_list":{"0":"post-6801","1":"product","2":"type-product","3":"status-publish","4":"has-post-thumbnail","6":"product_cat-pegasos","7":"product_cat-pegasos-stomatology","8":"product_cat-pony-range","10":"first","11":"instock","12":"shipping-taxable","13":"purchasable","14":"product-type-simple"},"acf":[],"yoast_head":"<!-- This site is optimized with the Yoast SEO plugin v27.4 - https:\/\/yoast.com\/product\/yoast-seo-wordpress\/ -->\n<title>Molar Forceps \u2013 Pony - Horse Dental Equipment<\/title>\n<meta name=\"description\" content=\"Extraction forceps are used to further loosen teeth with rotational and tilting movements and finally to extract the teeth in combination with a fulcrum.\" \/>\n<meta name=\"robots\" content=\"index, follow, max-snippet:-1, max-image-preview:large, max-video-preview:-1\" \/>\n<link rel=\"canonical\" href=\"https:\/\/www.horse-dental-equipment.us\/es\/producto\/pinza-molares-poni\/\" \/>\n<meta property=\"og:locale\" content=\"es_MX\" \/>\n<meta property=\"og:type\" content=\"article\" \/>\n<meta property=\"og:title\" content=\"Molar Forceps \u2013 Pony - Horse Dental Equipment\" \/>\n<meta property=\"og:description\" content=\"Extraction forceps are used to further loosen teeth with rotational and tilting movements and finally to extract the teeth in combination with a fulcrum.\" \/>\n<meta property=\"og:url\" content=\"https:\/\/www.horse-dental-equipment.us\/es\/producto\/pinza-molares-poni\/\" \/>\n<meta property=\"og:site_name\" content=\"Horse Dental Equipment\" \/>\n<meta property=\"article:modified_time\" content=\"2026-04-01T12:27:35+00:00\" \/>\n<meta property=\"og:image\" content=\"https:\/\/www.horse-dental-equipment.us\/wp-content\/uploads\/2021\/04\/PEGA_321020-1.png\" \/>\n\t<meta property=\"og:image:width\" content=\"800\" \/>\n\t<meta property=\"og:image:height\" content=\"619\" \/>\n\t<meta property=\"og:image:type\" content=\"image\/png\" \/>\n<meta name=\"twitter:card\" content=\"summary_large_image\" \/>\n<meta name=\"twitter:label1\" content=\"Tiempo de lectura\" \/>\n\t<meta name=\"twitter:data1\" content=\"1 minuto\" \/>\n<script type=\"application\/ld+json\" class=\"yoast-schema-graph\">{\"@context\":\"https:\\\/\\\/schema.org\",\"@graph\":[{\"@type\":\"WebPage\",\"@id\":\"https:\\\/\\\/www.horse-dental-equipment.us\\\/product\\\/molar-forceps-pony\\\/\",\"url\":\"https:\\\/\\\/www.horse-dental-equipment.us\\\/product\\\/molar-forceps-pony\\\/\",\"name\":\"Molar Forceps \u2013 Pony - Horse Dental Equipment\",\"isPartOf\":{\"@id\":\"https:\\\/\\\/www.horse-dental-equipment.us\\\/#website\"},\"primaryImageOfPage\":{\"@id\":\"https:\\\/\\\/www.horse-dental-equipment.us\\\/product\\\/molar-forceps-pony\\\/#primaryimage\"},\"image\":{\"@id\":\"https:\\\/\\\/www.horse-dental-equipment.us\\\/product\\\/molar-forceps-pony\\\/#primaryimage\"},\"thumbnailUrl\":\"https:\\\/\\\/www.horse-dental-equipment.us\\\/wp-content\\\/uploads\\\/2021\\\/04\\\/PEGA_321020-1.png\",\"datePublished\":\"2021-04-06T13:50:02+00:00\",\"dateModified\":\"2026-04-01T12:27:35+00:00\",\"description\":\"Extraction forceps are used to further loosen teeth with rotational and tilting movements and finally to extract the teeth in combination with a fulcrum.\",\"breadcrumb\":{\"@id\":\"https:\\\/\\\/www.horse-dental-equipment.us\\\/product\\\/molar-forceps-pony\\\/#breadcrumb\"},\"inLanguage\":\"es\",\"potentialAction\":[{\"@type\":\"ReadAction\",\"target\":[\"https:\\\/\\\/www.horse-dental-equipment.us\\\/product\\\/molar-forceps-pony\\\/\"]}]},{\"@type\":\"ImageObject\",\"inLanguage\":\"es\",\"@id\":\"https:\\\/\\\/www.horse-dental-equipment.us\\\/product\\\/molar-forceps-pony\\\/#primaryimage\",\"url\":\"https:\\\/\\\/www.horse-dental-equipment.us\\\/wp-content\\\/uploads\\\/2021\\\/04\\\/PEGA_321020-1.png\",\"contentUrl\":\"https:\\\/\\\/www.horse-dental-equipment.us\\\/wp-content\\\/uploads\\\/2021\\\/04\\\/PEGA_321020-1.png\",\"width\":800,\"height\":619,\"caption\":\"Molar Forceps - Pony\"},{\"@type\":\"BreadcrumbList\",\"@id\":\"https:\\\/\\\/www.horse-dental-equipment.us\\\/product\\\/molar-forceps-pony\\\/#breadcrumb\",\"itemListElement\":[{\"@type\":\"ListItem\",\"position\":1,\"name\":\"Home\",\"item\":\"https:\\\/\\\/www.horse-dental-equipment.us\\\/\"},{\"@type\":\"ListItem\",\"position\":2,\"name\":\"Products\",\"item\":\"https:\\\/\\\/www.horse-dental-equipment.us\\\/products\\\/\"},{\"@type\":\"ListItem\",\"position\":3,\"name\":\"Molar Forceps \u2013 Pony\"}]},{\"@type\":\"WebSite\",\"@id\":\"https:\\\/\\\/www.horse-dental-equipment.us\\\/#website\",\"url\":\"https:\\\/\\\/www.horse-dental-equipment.us\\\/\",\"name\":\"Horse Dental Equipment\",\"description\":\"Your partner to develop your equine dentistry business\",\"potentialAction\":[{\"@type\":\"SearchAction\",\"target\":{\"@type\":\"EntryPoint\",\"urlTemplate\":\"https:\\\/\\\/www.horse-dental-equipment.us\\\/?s={search_term_string}\"},\"query-input\":{\"@type\":\"PropertyValueSpecification\",\"valueRequired\":true,\"valueName\":\"search_term_string\"}}],\"inLanguage\":\"es\"}]}<\/script>\n<!-- \/ Yoast SEO plugin. -->","yoast_head_json":{"title":"Pinza para Molares - Poni - Horse Dental Equipment","description":"Las pinzas para molares se utilizan para liberar a\u00fan m\u00e1s los dientes con movimientos de rotaci\u00f3n e inclinaci\u00f3n y, finalmente, para extraer los dientes en combinaci\u00f3n con un fulcrum.","robots":{"index":"index","follow":"follow","max-snippet":"max-snippet:-1","max-image-preview":"max-image-preview:large","max-video-preview":"max-video-preview:-1"},"canonical":"https:\/\/www.horse-dental-equipment.us\/es\/producto\/pinza-molares-poni\/","og_locale":"es_MX","og_type":"article","og_title":"Molar Forceps \u2013 Pony - Horse Dental Equipment","og_description":"Extraction forceps are used to further loosen teeth with rotational and tilting movements and finally to extract the teeth in combination with a fulcrum.","og_url":"https:\/\/www.horse-dental-equipment.us\/es\/producto\/pinza-molares-poni\/","og_site_name":"Horse Dental Equipment","article_modified_time":"2026-04-01T12:27:35+00:00","og_image":[{"width":800,"height":619,"url":"https:\/\/www.horse-dental-equipment.us\/wp-content\/uploads\/2021\/04\/PEGA_321020-1.png","type":"image\/png"}],"twitter_card":"summary_large_image","twitter_misc":{"Tiempo de lectura":"1 minuto"},"schema":{"@context":"https:\/\/schema.org","@graph":[{"@type":"WebPage","@id":"https:\/\/www.horse-dental-equipment.us\/product\/molar-forceps-pony\/","url":"https:\/\/www.horse-dental-equipment.us\/product\/molar-forceps-pony\/","name":"Pinza para Molares - Poni - Horse Dental Equipment","isPartOf":{"@id":"https:\/\/www.horse-dental-equipment.us\/#website"},"primaryImageOfPage":{"@id":"https:\/\/www.horse-dental-equipment.us\/product\/molar-forceps-pony\/#primaryimage"},"image":{"@id":"https:\/\/www.horse-dental-equipment.us\/product\/molar-forceps-pony\/#primaryimage"},"thumbnailUrl":"https:\/\/www.horse-dental-equipment.us\/wp-content\/uploads\/2021\/04\/PEGA_321020-1.png","datePublished":"2021-04-06T13:50:02+00:00","dateModified":"2026-04-01T12:27:35+00:00","description":"Las pinzas para molares se utilizan para liberar a\u00fan m\u00e1s los dientes con movimientos de rotaci\u00f3n e inclinaci\u00f3n y, finalmente, para extraer los dientes en combinaci\u00f3n con un fulcrum.","breadcrumb":{"@id":"https:\/\/www.horse-dental-equipment.us\/product\/molar-forceps-pony\/#breadcrumb"},"inLanguage":"es","potentialAction":[{"@type":"ReadAction","target":["https:\/\/www.horse-dental-equipment.us\/product\/molar-forceps-pony\/"]}]},{"@type":"ImageObject","inLanguage":"es","@id":"https:\/\/www.horse-dental-equipment.us\/product\/molar-forceps-pony\/#primaryimage","url":"https:\/\/www.horse-dental-equipment.us\/wp-content\/uploads\/2021\/04\/PEGA_321020-1.png","contentUrl":"https:\/\/www.horse-dental-equipment.us\/wp-content\/uploads\/2021\/04\/PEGA_321020-1.png","width":800,"height":619,"caption":"Molar Forceps - Pony"},{"@type":"BreadcrumbList","@id":"https:\/\/www.horse-dental-equipment.us\/product\/molar-forceps-pony\/#breadcrumb","itemListElement":[{"@type":"ListItem","position":1,"name":"Home","item":"https:\/\/www.horse-dental-equipment.us\/"},{"@type":"ListItem","position":2,"name":"Products","item":"https:\/\/www.horse-dental-equipment.us\/products\/"},{"@type":"ListItem","position":3,"name":"Molar Forceps \u2013 Pony"}]},{"@type":"WebSite","@id":"https:\/\/www.horse-dental-equipment.us\/#website","url":"https:\/\/www.horse-dental-equipment.us\/","name":"Horse Dental Equipment","description":"Your partner to develop your equine dentistry business","potentialAction":[{"@type":"SearchAction","target":{"@type":"EntryPoint","urlTemplate":"https:\/\/www.horse-dental-equipment.us\/?s={search_term_string}"},"query-input":{"@type":"PropertyValueSpecification","valueRequired":true,"valueName":"search_term_string"}}],"inLanguage":"es"}]}},"_links":{"self":[{"href":"https:\/\/www.horse-dental-equipment.us\/es\/wp-json\/wp\/v2\/product\/6801","targetHints":{"allow":["GET"]}}],"collection":[{"href":"https:\/\/www.horse-dental-equipment.us\/es\/wp-json\/wp\/v2\/product"}],"about":[{"href":"https:\/\/www.horse-dental-equipment.us\/es\/wp-json\/wp\/v2\/types\/product"}],"replies":[{"embeddable":true,"href":"https:\/\/www.horse-dental-equipment.us\/es\/wp-json\/wp\/v2\/comments?post=6801"}],"wp:featuredmedia":[{"embeddable":true,"href":"https:\/\/www.horse-dental-equipment.us\/es\/wp-json\/wp\/v2\/media\/6810"}],"wp:attachment":[{"href":"https:\/\/www.horse-dental-equipment.us\/es\/wp-json\/wp\/v2\/media?parent=6801"}],"wp:term":[{"taxonomy":"product_brand","embeddable":true,"href":"https:\/\/www.horse-dental-equipment.us\/es\/wp-json\/wp\/v2\/product_brand?post=6801"},{"taxonomy":"product_cat","embeddable":true,"href":"https:\/\/www.horse-dental-equipment.us\/es\/wp-json\/wp\/v2\/product_cat?post=6801"},{"taxonomy":"product_tag","embeddable":true,"href":"https:\/\/www.horse-dental-equipment.us\/es\/wp-json\/wp\/v2\/product_tag?post=6801"}],"curies":[{"name":"wp","href":"https:\/\/api.w.org\/{rel}","templated":true}]}}