{"id":6784,"date":"2021-04-02T17:34:21","date_gmt":"2021-04-02T15:34:21","guid":{"rendered":"http:\/\/www.horse-dental-equipment.us\/?post_type=product&#038;p=6784"},"modified":"2025-08-22T14:18:40","modified_gmt":"2025-08-22T12:18:40","slug":"esparcidor-molares-no-3-espesor-6-mm","status":"publish","type":"product","link":"https:\/\/www.horse-dental-equipment.us\/es\/producto\/esparcidor-molares-no-3-espesor-6-mm\/","title":{"rendered":"Esparcidor de Molares N\u00b03 - Espesor 6 mm"},"content":{"rendered":"<p>Hay tres tama\u00f1os diferentes de esparcidores disponibles. Permiten un trabajo estandarizado paso a paso.<br \/>\nEsparcidor n\u00b03 - medio - el espesor de 6 mm se utiliza s\u00f3lo parcialmente (1\/3 - 2\/3) para los dientes de la mejilla maxilar y hasta el efecto completo para los dientes de la mejilla mandibular.<br \/>\nSe recomienda utilizar las pinzas para liberar el diente con movimientos de rotaci\u00f3n entre los pasos de esparcimiento, de lo contrario aumentar\u00e1 el riesgo de romper el diente\/ra\u00edces.<br \/>\nLos esparcidores se pueden desmontar y volver a montar de muchas formas diferentes, como las pinzas para molares.<\/p>\n<p>Para m\u00e1s informaci\u00f3n sobre los instrumentos de extracci\u00f3n Pegasos, puede <a href=\"http:\/\/www.horse-dental-equipment.us\/wp-content\/uploads\/2022\/01\/Pegasos-extraction-leaflet.pdf\">descargar nuestro folleto<\/a>.<\/p>","protected":false},"excerpt":{"rendered":"<p>There are three different sizes of spreaders available. They allow for a standardized working step by step.\u00ad Spreader No. 3 &#8211; medium &#8211; the 0.24 inch thickness is used only partially (1\/3 &#8211; 2\/3) for the maxillary cheek teeth and up to full effect for mandibular cheek teeth. It is recommended to use the forceps [&hellip;]<\/p>\n","protected":false},"featured_media":6816,"comment_status":"closed","ping_status":"closed","template":"","meta":{"_acf_changed":false},"product_brand":[],"product_cat":[15,111],"product_tag":[],"class_list":{"0":"post-6784","1":"product","2":"type-product","3":"status-publish","4":"has-post-thumbnail","6":"product_cat-pegasos","7":"product_cat-pegasos-stomatology","9":"first","10":"instock","11":"shipping-taxable","12":"purchasable","13":"product-type-simple"},"acf":[],"yoast_head":"<!-- This site is optimized with the Yoast SEO plugin v27.3 - https:\/\/yoast.com\/product\/yoast-seo-wordpress\/ -->\n<title>Molar Spreader No. 3 \u2013 Thickness 0.24 inch - Horse Dental Equipment<\/title>\n<meta name=\"description\" content=\"There are three different sizes of spreaders available. They allow for a standardized working step by step. \u00adSpreader No. 3 - medium - the 0.24 inch...\" \/>\n<meta name=\"robots\" content=\"index, follow, max-snippet:-1, max-image-preview:large, max-video-preview:-1\" \/>\n<link rel=\"canonical\" href=\"https:\/\/www.horse-dental-equipment.us\/es\/producto\/esparcidor-molares-no-3-espesor-6-mm\/\" \/>\n<meta property=\"og:locale\" content=\"es_MX\" \/>\n<meta property=\"og:type\" content=\"article\" \/>\n<meta property=\"og:title\" content=\"Molar Spreader No. 3 \u2013 Thickness 0.24 inch - Horse Dental Equipment\" \/>\n<meta property=\"og:description\" content=\"There are three different sizes of spreaders available. They allow for a standardized working step by step. \u00adSpreader No. 3 - medium - the 0.24 inch...\" \/>\n<meta property=\"og:url\" content=\"https:\/\/www.horse-dental-equipment.us\/es\/producto\/esparcidor-molares-no-3-espesor-6-mm\/\" \/>\n<meta property=\"og:site_name\" content=\"Horse Dental Equipment\" \/>\n<meta property=\"article:modified_time\" content=\"2025-08-22T12:18:40+00:00\" \/>\n<meta property=\"og:image\" content=\"https:\/\/www.horse-dental-equipment.us\/wp-content\/uploads\/2021\/04\/PEGA_320003.png\" \/>\n\t<meta property=\"og:image:width\" content=\"800\" \/>\n\t<meta property=\"og:image:height\" content=\"619\" \/>\n\t<meta property=\"og:image:type\" content=\"image\/png\" \/>\n<meta name=\"twitter:card\" content=\"summary_large_image\" \/>\n<meta name=\"twitter:label1\" content=\"Tiempo de lectura\" \/>\n\t<meta name=\"twitter:data1\" content=\"1 minuto\" \/>\n<script type=\"application\/ld+json\" class=\"yoast-schema-graph\">{\"@context\":\"https:\\\/\\\/schema.org\",\"@graph\":[{\"@type\":\"WebPage\",\"@id\":\"https:\\\/\\\/www.horse-dental-equipment.us\\\/product\\\/molar-spreader-no-3-thickness-0-24-inch\\\/\",\"url\":\"https:\\\/\\\/www.horse-dental-equipment.us\\\/product\\\/molar-spreader-no-3-thickness-0-24-inch\\\/\",\"name\":\"Molar Spreader No. 3 \u2013 Thickness 0.24 inch - Horse Dental Equipment\",\"isPartOf\":{\"@id\":\"https:\\\/\\\/www.horse-dental-equipment.us\\\/#website\"},\"primaryImageOfPage\":{\"@id\":\"https:\\\/\\\/www.horse-dental-equipment.us\\\/product\\\/molar-spreader-no-3-thickness-0-24-inch\\\/#primaryimage\"},\"image\":{\"@id\":\"https:\\\/\\\/www.horse-dental-equipment.us\\\/product\\\/molar-spreader-no-3-thickness-0-24-inch\\\/#primaryimage\"},\"thumbnailUrl\":\"https:\\\/\\\/www.horse-dental-equipment.us\\\/wp-content\\\/uploads\\\/2021\\\/04\\\/PEGA_320003.png\",\"datePublished\":\"2021-04-02T15:34:21+00:00\",\"dateModified\":\"2025-08-22T12:18:40+00:00\",\"description\":\"There are three different sizes of spreaders available. They allow for a standardized working step by step. \u00adSpreader No. 3 - medium - the 0.24 inch...\",\"breadcrumb\":{\"@id\":\"https:\\\/\\\/www.horse-dental-equipment.us\\\/product\\\/molar-spreader-no-3-thickness-0-24-inch\\\/#breadcrumb\"},\"inLanguage\":\"es\",\"potentialAction\":[{\"@type\":\"ReadAction\",\"target\":[\"https:\\\/\\\/www.horse-dental-equipment.us\\\/product\\\/molar-spreader-no-3-thickness-0-24-inch\\\/\"]}]},{\"@type\":\"ImageObject\",\"inLanguage\":\"es\",\"@id\":\"https:\\\/\\\/www.horse-dental-equipment.us\\\/product\\\/molar-spreader-no-3-thickness-0-24-inch\\\/#primaryimage\",\"url\":\"https:\\\/\\\/www.horse-dental-equipment.us\\\/wp-content\\\/uploads\\\/2021\\\/04\\\/PEGA_320003.png\",\"contentUrl\":\"https:\\\/\\\/www.horse-dental-equipment.us\\\/wp-content\\\/uploads\\\/2021\\\/04\\\/PEGA_320003.png\",\"width\":800,\"height\":619,\"caption\":\"Molar Spreader No. 3 - Thickness 0.24 inch\"},{\"@type\":\"BreadcrumbList\",\"@id\":\"https:\\\/\\\/www.horse-dental-equipment.us\\\/product\\\/molar-spreader-no-3-thickness-0-24-inch\\\/#breadcrumb\",\"itemListElement\":[{\"@type\":\"ListItem\",\"position\":1,\"name\":\"Home\",\"item\":\"https:\\\/\\\/www.horse-dental-equipment.us\\\/\"},{\"@type\":\"ListItem\",\"position\":2,\"name\":\"Products\",\"item\":\"https:\\\/\\\/www.horse-dental-equipment.us\\\/products\\\/\"},{\"@type\":\"ListItem\",\"position\":3,\"name\":\"Molar Spreader No. 3 \u2013 Thickness 0.24 inch\"}]},{\"@type\":\"WebSite\",\"@id\":\"https:\\\/\\\/www.horse-dental-equipment.us\\\/#website\",\"url\":\"https:\\\/\\\/www.horse-dental-equipment.us\\\/\",\"name\":\"Horse Dental Equipment\",\"description\":\"Your partner to develop your equine dentistry business\",\"potentialAction\":[{\"@type\":\"SearchAction\",\"target\":{\"@type\":\"EntryPoint\",\"urlTemplate\":\"https:\\\/\\\/www.horse-dental-equipment.us\\\/?s={search_term_string}\"},\"query-input\":{\"@type\":\"PropertyValueSpecification\",\"valueRequired\":true,\"valueName\":\"search_term_string\"}}],\"inLanguage\":\"es\"}]}<\/script>\n<!-- \/ Yoast SEO plugin. -->","yoast_head_json":{"title":"Esparcidor de Molares N\u00b03 - Espesor 6 mm - Horse Dental Equipment","description":"Hay tres tama\u00f1os diferentes de esparcidores disponibles. Permiten un trabajo estandarizado paso a paso.\nEsparcidor n\u00b03 - medio - el espesor de 6 mm se utiliza solo parcialmente (1\/3 - 2\/3) para los dientes de la mejilla maxilar y hasta el efecto completo para los dientes de la mejilla mandibular.","robots":{"index":"index","follow":"follow","max-snippet":"max-snippet:-1","max-image-preview":"max-image-preview:large","max-video-preview":"max-video-preview:-1"},"canonical":"https:\/\/www.horse-dental-equipment.us\/es\/producto\/esparcidor-molares-no-3-espesor-6-mm\/","og_locale":"es_MX","og_type":"article","og_title":"Molar Spreader No. 3 \u2013 Thickness 0.24 inch - Horse Dental Equipment","og_description":"There are three different sizes of spreaders available. They allow for a standardized working step by step. \u00adSpreader No. 3 - medium - the 0.24 inch...","og_url":"https:\/\/www.horse-dental-equipment.us\/es\/producto\/esparcidor-molares-no-3-espesor-6-mm\/","og_site_name":"Horse Dental Equipment","article_modified_time":"2025-08-22T12:18:40+00:00","og_image":[{"width":800,"height":619,"url":"https:\/\/www.horse-dental-equipment.us\/wp-content\/uploads\/2021\/04\/PEGA_320003.png","type":"image\/png"}],"twitter_card":"summary_large_image","twitter_misc":{"Tiempo de lectura":"1 minuto"},"schema":{"@context":"https:\/\/schema.org","@graph":[{"@type":"WebPage","@id":"https:\/\/www.horse-dental-equipment.us\/product\/molar-spreader-no-3-thickness-0-24-inch\/","url":"https:\/\/www.horse-dental-equipment.us\/product\/molar-spreader-no-3-thickness-0-24-inch\/","name":"Esparcidor de Molares N\u00b03 - Espesor 6 mm - Horse Dental Equipment","isPartOf":{"@id":"https:\/\/www.horse-dental-equipment.us\/#website"},"primaryImageOfPage":{"@id":"https:\/\/www.horse-dental-equipment.us\/product\/molar-spreader-no-3-thickness-0-24-inch\/#primaryimage"},"image":{"@id":"https:\/\/www.horse-dental-equipment.us\/product\/molar-spreader-no-3-thickness-0-24-inch\/#primaryimage"},"thumbnailUrl":"https:\/\/www.horse-dental-equipment.us\/wp-content\/uploads\/2021\/04\/PEGA_320003.png","datePublished":"2021-04-02T15:34:21+00:00","dateModified":"2025-08-22T12:18:40+00:00","description":"Hay tres tama\u00f1os diferentes de esparcidores disponibles. Permiten un trabajo estandarizado paso a paso.\nEsparcidor n\u00b03 - medio - el espesor de 6 mm se utiliza solo parcialmente (1\/3 - 2\/3) para los dientes de la mejilla maxilar y hasta el efecto completo para los dientes de la mejilla mandibular.","breadcrumb":{"@id":"https:\/\/www.horse-dental-equipment.us\/product\/molar-spreader-no-3-thickness-0-24-inch\/#breadcrumb"},"inLanguage":"es","potentialAction":[{"@type":"ReadAction","target":["https:\/\/www.horse-dental-equipment.us\/product\/molar-spreader-no-3-thickness-0-24-inch\/"]}]},{"@type":"ImageObject","inLanguage":"es","@id":"https:\/\/www.horse-dental-equipment.us\/product\/molar-spreader-no-3-thickness-0-24-inch\/#primaryimage","url":"https:\/\/www.horse-dental-equipment.us\/wp-content\/uploads\/2021\/04\/PEGA_320003.png","contentUrl":"https:\/\/www.horse-dental-equipment.us\/wp-content\/uploads\/2021\/04\/PEGA_320003.png","width":800,"height":619,"caption":"Molar Spreader No. 3 - Thickness 0.24 inch"},{"@type":"BreadcrumbList","@id":"https:\/\/www.horse-dental-equipment.us\/product\/molar-spreader-no-3-thickness-0-24-inch\/#breadcrumb","itemListElement":[{"@type":"ListItem","position":1,"name":"Home","item":"https:\/\/www.horse-dental-equipment.us\/"},{"@type":"ListItem","position":2,"name":"Products","item":"https:\/\/www.horse-dental-equipment.us\/products\/"},{"@type":"ListItem","position":3,"name":"Molar Spreader No. 3 \u2013 Thickness 0.24 inch"}]},{"@type":"WebSite","@id":"https:\/\/www.horse-dental-equipment.us\/#website","url":"https:\/\/www.horse-dental-equipment.us\/","name":"Horse Dental Equipment","description":"Your partner to develop your equine dentistry business","potentialAction":[{"@type":"SearchAction","target":{"@type":"EntryPoint","urlTemplate":"https:\/\/www.horse-dental-equipment.us\/?s={search_term_string}"},"query-input":{"@type":"PropertyValueSpecification","valueRequired":true,"valueName":"search_term_string"}}],"inLanguage":"es"}]}},"_links":{"self":[{"href":"https:\/\/www.horse-dental-equipment.us\/es\/wp-json\/wp\/v2\/product\/6784","targetHints":{"allow":["GET"]}}],"collection":[{"href":"https:\/\/www.horse-dental-equipment.us\/es\/wp-json\/wp\/v2\/product"}],"about":[{"href":"https:\/\/www.horse-dental-equipment.us\/es\/wp-json\/wp\/v2\/types\/product"}],"replies":[{"embeddable":true,"href":"https:\/\/www.horse-dental-equipment.us\/es\/wp-json\/wp\/v2\/comments?post=6784"}],"wp:featuredmedia":[{"embeddable":true,"href":"https:\/\/www.horse-dental-equipment.us\/es\/wp-json\/wp\/v2\/media\/6816"}],"wp:attachment":[{"href":"https:\/\/www.horse-dental-equipment.us\/es\/wp-json\/wp\/v2\/media?parent=6784"}],"wp:term":[{"taxonomy":"product_brand","embeddable":true,"href":"https:\/\/www.horse-dental-equipment.us\/es\/wp-json\/wp\/v2\/product_brand?post=6784"},{"taxonomy":"product_cat","embeddable":true,"href":"https:\/\/www.horse-dental-equipment.us\/es\/wp-json\/wp\/v2\/product_cat?post=6784"},{"taxonomy":"product_tag","embeddable":true,"href":"https:\/\/www.horse-dental-equipment.us\/es\/wp-json\/wp\/v2\/product_tag?post=6784"}],"curies":[{"name":"wp","href":"https:\/\/api.w.org\/{rel}","templated":true}]}}