{"id":3214,"date":"2020-07-08T15:27:22","date_gmt":"2020-07-08T13:27:22","guid":{"rendered":"http:\/\/www.horse-dental-equipment.us\/produit\/complete-extraction-systemhandle-straight-concave-and-convex-curved-inserts-4-and-5-mm\/"},"modified":"2026-04-01T14:32:24","modified_gmt":"2026-04-01T12:32:24","slug":"kit-completo-extraccion-dientes-lobo-6-insertos","status":"publish","type":"product","link":"https:\/\/www.horse-dental-equipment.us\/es\/producto\/kit-completo-extraccion-dientes-lobo-6-insertos\/","title":{"rendered":"Kit Completo de Extracci\u00f3n de Dientes de Lobo (6 insertos)"},"content":{"rendered":"<p>El kit est\u00e1 compuesto por un mango negro corto con diferentes insertos. Es muy \u00fatil para la extracci\u00f3n de dientes de lobo, incisivos, caninos y fragmentos de ra\u00edces profundamente localizados.<br \/>\nContiene 2 insertos de cada forma: recta, c\u00f3ncava y convexa en di\u00e1metros de 4 y 5 mm.<\/p>","protected":false},"excerpt":{"rendered":"<p>El kit est\u00e1 compuesto por un mango negro corto con diferentes insertos. Es muy \u00fatil para la extracci\u00f3n de dientes de lobo, incisivos, caninos y fragmentos de ra\u00edces profundamente localizados.\nContiene 2 insertos de cada forma: recta, c\u00f3ncava y convexa en di\u00e1metros de 4 y 5 mm.<\/p>","protected":false},"featured_media":6825,"comment_status":"closed","ping_status":"closed","template":"","meta":{"_acf_changed":false},"product_brand":[],"product_cat":[15,121,124],"product_tag":[],"class_list":{"0":"post-3214","1":"product","2":"type-product","3":"status-publish","4":"has-post-thumbnail","6":"product_cat-pegasos","7":"product_cat-pegasos-extraction-kit","8":"product_cat-wolf-tooth-extraction-set","10":"first","11":"instock","12":"purchasable","13":"product-type-simple"},"acf":[],"yoast_head":"<!-- This site is optimized with the Yoast SEO plugin v27.3 - https:\/\/yoast.com\/product\/yoast-seo-wordpress\/ -->\n<title>Complete Extraction System - Horse Dental Equipment<\/title>\n<meta name=\"description\" content=\"The kit is composed of a short handle with different luxators which is highly valuable for the extraction of wolf tooth, incisors, canines and deeply...\" \/>\n<meta name=\"robots\" content=\"index, follow, max-snippet:-1, max-image-preview:large, max-video-preview:-1\" \/>\n<link rel=\"canonical\" href=\"https:\/\/www.horse-dental-equipment.us\/es\/producto\/kit-completo-extraccion-dientes-lobo-6-insertos\/\" \/>\n<meta property=\"og:locale\" content=\"es_MX\" \/>\n<meta property=\"og:type\" content=\"article\" \/>\n<meta property=\"og:title\" content=\"Complete Extraction System - Horse Dental Equipment\" \/>\n<meta property=\"og:description\" content=\"The kit is composed of a short handle with different luxators which is highly valuable for the extraction of wolf tooth, incisors, canines and deeply...\" \/>\n<meta property=\"og:url\" content=\"https:\/\/www.horse-dental-equipment.us\/es\/producto\/kit-completo-extraccion-dientes-lobo-6-insertos\/\" \/>\n<meta property=\"og:site_name\" content=\"Horse Dental Equipment\" \/>\n<meta property=\"article:modified_time\" content=\"2026-04-01T12:32:24+00:00\" \/>\n<meta property=\"og:image\" content=\"https:\/\/www.horse-dental-equipment.us\/wp-content\/uploads\/2020\/07\/PEGA_312040.png\" \/>\n\t<meta property=\"og:image:width\" content=\"800\" \/>\n\t<meta property=\"og:image:height\" content=\"619\" \/>\n\t<meta property=\"og:image:type\" content=\"image\/png\" \/>\n<meta name=\"twitter:card\" content=\"summary_large_image\" \/>\n<meta name=\"twitter:label1\" content=\"Tiempo de lectura\" \/>\n\t<meta name=\"twitter:data1\" content=\"1 minuto\" \/>\n<script type=\"application\/ld+json\" class=\"yoast-schema-graph\">{\"@context\":\"https:\\\/\\\/schema.org\",\"@graph\":[{\"@type\":\"WebPage\",\"@id\":\"https:\\\/\\\/www.horse-dental-equipment.us\\\/product\\\/complete-extraction-system\\\/\",\"url\":\"https:\\\/\\\/www.horse-dental-equipment.us\\\/product\\\/complete-extraction-system\\\/\",\"name\":\"Complete Extraction System - Horse Dental Equipment\",\"isPartOf\":{\"@id\":\"https:\\\/\\\/www.horse-dental-equipment.us\\\/#website\"},\"primaryImageOfPage\":{\"@id\":\"https:\\\/\\\/www.horse-dental-equipment.us\\\/product\\\/complete-extraction-system\\\/#primaryimage\"},\"image\":{\"@id\":\"https:\\\/\\\/www.horse-dental-equipment.us\\\/product\\\/complete-extraction-system\\\/#primaryimage\"},\"thumbnailUrl\":\"https:\\\/\\\/www.horse-dental-equipment.us\\\/wp-content\\\/uploads\\\/2020\\\/07\\\/PEGA_312040.png\",\"datePublished\":\"2020-07-08T13:27:22+00:00\",\"dateModified\":\"2026-04-01T12:32:24+00:00\",\"description\":\"The kit is composed of a short handle with different luxators which is highly valuable for the extraction of wolf tooth, incisors, canines and deeply...\",\"breadcrumb\":{\"@id\":\"https:\\\/\\\/www.horse-dental-equipment.us\\\/product\\\/complete-extraction-system\\\/#breadcrumb\"},\"inLanguage\":\"es\",\"potentialAction\":[{\"@type\":\"ReadAction\",\"target\":[\"https:\\\/\\\/www.horse-dental-equipment.us\\\/product\\\/complete-extraction-system\\\/\"]}]},{\"@type\":\"ImageObject\",\"inLanguage\":\"es\",\"@id\":\"https:\\\/\\\/www.horse-dental-equipment.us\\\/product\\\/complete-extraction-system\\\/#primaryimage\",\"url\":\"https:\\\/\\\/www.horse-dental-equipment.us\\\/wp-content\\\/uploads\\\/2020\\\/07\\\/PEGA_312040.png\",\"contentUrl\":\"https:\\\/\\\/www.horse-dental-equipment.us\\\/wp-content\\\/uploads\\\/2020\\\/07\\\/PEGA_312040.png\",\"width\":800,\"height\":619,\"caption\":\"Complete Extraction System\"},{\"@type\":\"BreadcrumbList\",\"@id\":\"https:\\\/\\\/www.horse-dental-equipment.us\\\/product\\\/complete-extraction-system\\\/#breadcrumb\",\"itemListElement\":[{\"@type\":\"ListItem\",\"position\":1,\"name\":\"Home\",\"item\":\"https:\\\/\\\/www.horse-dental-equipment.us\\\/\"},{\"@type\":\"ListItem\",\"position\":2,\"name\":\"Products\",\"item\":\"https:\\\/\\\/www.horse-dental-equipment.us\\\/products\\\/\"},{\"@type\":\"ListItem\",\"position\":3,\"name\":\"Complete Extraction System\"}]},{\"@type\":\"WebSite\",\"@id\":\"https:\\\/\\\/www.horse-dental-equipment.us\\\/#website\",\"url\":\"https:\\\/\\\/www.horse-dental-equipment.us\\\/\",\"name\":\"Horse Dental Equipment\",\"description\":\"Your partner to develop your equine dentistry business\",\"potentialAction\":[{\"@type\":\"SearchAction\",\"target\":{\"@type\":\"EntryPoint\",\"urlTemplate\":\"https:\\\/\\\/www.horse-dental-equipment.us\\\/?s={search_term_string}\"},\"query-input\":{\"@type\":\"PropertyValueSpecification\",\"valueRequired\":true,\"valueName\":\"search_term_string\"}}],\"inLanguage\":\"es\"}]}<\/script>\n<!-- \/ Yoast SEO plugin. -->","yoast_head_json":{"title":"Kit Completo de Extracci\u00f3n de Dientes de Lobo (6 insertos) - Horse Dental Equipment","description":"El kit esta compuesto por un mango negro corto con diferentes insertos. Es muy util para la extraccion de dientes de lobo, incisivos, caninos y fragmentos de raices profundamente localizados.\nContiene 2 insertos de cada forma: recta, concava y convexa en diametros de 4 y 5 mm.","robots":{"index":"index","follow":"follow","max-snippet":"max-snippet:-1","max-image-preview":"max-image-preview:large","max-video-preview":"max-video-preview:-1"},"canonical":"https:\/\/www.horse-dental-equipment.us\/es\/producto\/kit-completo-extraccion-dientes-lobo-6-insertos\/","og_locale":"es_MX","og_type":"article","og_title":"Complete Extraction System - Horse Dental Equipment","og_description":"The kit is composed of a short handle with different luxators which is highly valuable for the extraction of wolf tooth, incisors, canines and deeply...","og_url":"https:\/\/www.horse-dental-equipment.us\/es\/producto\/kit-completo-extraccion-dientes-lobo-6-insertos\/","og_site_name":"Horse Dental Equipment","article_modified_time":"2026-04-01T12:32:24+00:00","og_image":[{"width":800,"height":619,"url":"https:\/\/www.horse-dental-equipment.us\/wp-content\/uploads\/2020\/07\/PEGA_312040.png","type":"image\/png"}],"twitter_card":"summary_large_image","twitter_misc":{"Tiempo de lectura":"1 minuto"},"schema":{"@context":"https:\/\/schema.org","@graph":[{"@type":"WebPage","@id":"https:\/\/www.horse-dental-equipment.us\/product\/complete-extraction-system\/","url":"https:\/\/www.horse-dental-equipment.us\/product\/complete-extraction-system\/","name":"Kit Completo de Extracci\u00f3n de Dientes de Lobo (6 insertos) - Horse Dental Equipment","isPartOf":{"@id":"https:\/\/www.horse-dental-equipment.us\/#website"},"primaryImageOfPage":{"@id":"https:\/\/www.horse-dental-equipment.us\/product\/complete-extraction-system\/#primaryimage"},"image":{"@id":"https:\/\/www.horse-dental-equipment.us\/product\/complete-extraction-system\/#primaryimage"},"thumbnailUrl":"https:\/\/www.horse-dental-equipment.us\/wp-content\/uploads\/2020\/07\/PEGA_312040.png","datePublished":"2020-07-08T13:27:22+00:00","dateModified":"2026-04-01T12:32:24+00:00","description":"El kit esta compuesto por un mango negro corto con diferentes insertos. Es muy util para la extraccion de dientes de lobo, incisivos, caninos y fragmentos de raices profundamente localizados.\nContiene 2 insertos de cada forma: recta, concava y convexa en diametros de 4 y 5 mm.","breadcrumb":{"@id":"https:\/\/www.horse-dental-equipment.us\/product\/complete-extraction-system\/#breadcrumb"},"inLanguage":"es","potentialAction":[{"@type":"ReadAction","target":["https:\/\/www.horse-dental-equipment.us\/product\/complete-extraction-system\/"]}]},{"@type":"ImageObject","inLanguage":"es","@id":"https:\/\/www.horse-dental-equipment.us\/product\/complete-extraction-system\/#primaryimage","url":"https:\/\/www.horse-dental-equipment.us\/wp-content\/uploads\/2020\/07\/PEGA_312040.png","contentUrl":"https:\/\/www.horse-dental-equipment.us\/wp-content\/uploads\/2020\/07\/PEGA_312040.png","width":800,"height":619,"caption":"Complete Extraction System"},{"@type":"BreadcrumbList","@id":"https:\/\/www.horse-dental-equipment.us\/product\/complete-extraction-system\/#breadcrumb","itemListElement":[{"@type":"ListItem","position":1,"name":"Home","item":"https:\/\/www.horse-dental-equipment.us\/"},{"@type":"ListItem","position":2,"name":"Products","item":"https:\/\/www.horse-dental-equipment.us\/products\/"},{"@type":"ListItem","position":3,"name":"Complete Extraction System"}]},{"@type":"WebSite","@id":"https:\/\/www.horse-dental-equipment.us\/#website","url":"https:\/\/www.horse-dental-equipment.us\/","name":"Horse Dental Equipment","description":"Your partner to develop your equine dentistry business","potentialAction":[{"@type":"SearchAction","target":{"@type":"EntryPoint","urlTemplate":"https:\/\/www.horse-dental-equipment.us\/?s={search_term_string}"},"query-input":{"@type":"PropertyValueSpecification","valueRequired":true,"valueName":"search_term_string"}}],"inLanguage":"es"}]}},"_links":{"self":[{"href":"https:\/\/www.horse-dental-equipment.us\/es\/wp-json\/wp\/v2\/product\/3214","targetHints":{"allow":["GET"]}}],"collection":[{"href":"https:\/\/www.horse-dental-equipment.us\/es\/wp-json\/wp\/v2\/product"}],"about":[{"href":"https:\/\/www.horse-dental-equipment.us\/es\/wp-json\/wp\/v2\/types\/product"}],"replies":[{"embeddable":true,"href":"https:\/\/www.horse-dental-equipment.us\/es\/wp-json\/wp\/v2\/comments?post=3214"}],"wp:featuredmedia":[{"embeddable":true,"href":"https:\/\/www.horse-dental-equipment.us\/es\/wp-json\/wp\/v2\/media\/6825"}],"wp:attachment":[{"href":"https:\/\/www.horse-dental-equipment.us\/es\/wp-json\/wp\/v2\/media?parent=3214"}],"wp:term":[{"taxonomy":"product_brand","embeddable":true,"href":"https:\/\/www.horse-dental-equipment.us\/es\/wp-json\/wp\/v2\/product_brand?post=3214"},{"taxonomy":"product_cat","embeddable":true,"href":"https:\/\/www.horse-dental-equipment.us\/es\/wp-json\/wp\/v2\/product_cat?post=3214"},{"taxonomy":"product_tag","embeddable":true,"href":"https:\/\/www.horse-dental-equipment.us\/es\/wp-json\/wp\/v2\/product_tag?post=3214"}],"curies":[{"name":"wp","href":"https:\/\/api.w.org\/{rel}","templated":true}]}}