{"id":3209,"date":"2020-07-08T15:27:19","date_gmt":"2020-07-08T13:27:19","guid":{"rendered":"http:\/\/www.horse-dental-equipment.us\/produit\/narrow-luxators-set-4-mm\/"},"modified":"2025-08-22T14:26:15","modified_gmt":"2025-08-22T12:26:15","slug":"set-5-luxadores-4-mm","status":"publish","type":"product","link":"https:\/\/www.horse-dental-equipment.us\/es\/producto\/set-5-luxadores-4-mm\/","title":{"rendered":"Set de 5 Luxadores - 4 mm"},"content":{"rendered":"<p>Set que contiene 5 luxadores finos (4 mm) de diferentes longitudes. Ser\u00e1n \u00fatiles para eliminar fragmentos muy peque\u00f1os.<br \/>\nPara utilizar con el mango en T de acero inoxidable (0\u00b0, 8\u00b0, 18\u00b0 y\/o 30\u00b0).<\/p>","protected":false},"excerpt":{"rendered":"<p>Set que contiene 5 luxadores finos (4 mm) de diferentes longitudes. Ser\u00e1n \u00fatiles para eliminar fragmentos muy peque\u00f1os.\nPara utilizar con el mango en T de acero inoxidable (0\u00b0, 8\u00b0, 18\u00b0 y\/o 30\u00b0).<\/p>","protected":false},"featured_media":4329,"comment_status":"closed","ping_status":"closed","template":"","meta":{"_acf_changed":false},"product_brand":[],"product_cat":[15,111],"product_tag":[],"class_list":{"0":"post-3209","1":"product","2":"type-product","3":"status-publish","4":"has-post-thumbnail","6":"product_cat-pegasos","7":"product_cat-pegasos-stomatology","9":"first","10":"instock","11":"purchasable","12":"product-type-simple"},"acf":[],"yoast_head":"<!-- This site is optimized with the Yoast SEO plugin v27.3 - https:\/\/yoast.com\/product\/yoast-seo-wordpress\/ -->\n<title>Narrow Luxators Set - 0.16 inch - Horse Dental Equipment<\/title>\n<meta name=\"description\" content=\"Narrow Luxators Set (0.16 inch) contains 5 different insert lengths. They are used for extra small fragments.\" \/>\n<meta name=\"robots\" content=\"index, follow, max-snippet:-1, max-image-preview:large, max-video-preview:-1\" \/>\n<link rel=\"canonical\" href=\"https:\/\/www.horse-dental-equipment.us\/es\/producto\/set-5-luxadores-4-mm\/\" \/>\n<meta property=\"og:locale\" content=\"es_MX\" \/>\n<meta property=\"og:type\" content=\"article\" \/>\n<meta property=\"og:title\" content=\"Narrow Luxators Set - 0.16 inch - Horse Dental Equipment\" \/>\n<meta property=\"og:description\" content=\"Narrow Luxators Set (0.16 inch) contains 5 different insert lengths. They are used for extra small fragments.\" \/>\n<meta property=\"og:url\" content=\"https:\/\/www.horse-dental-equipment.us\/es\/producto\/set-5-luxadores-4-mm\/\" \/>\n<meta property=\"og:site_name\" content=\"Horse Dental Equipment\" \/>\n<meta property=\"article:modified_time\" content=\"2025-08-22T12:26:15+00:00\" \/>\n<meta property=\"og:image\" content=\"https:\/\/www.horse-dental-equipment.us\/wp-content\/uploads\/2020\/07\/PEGA_310010.jpg\" \/>\n\t<meta property=\"og:image:width\" content=\"800\" \/>\n\t<meta property=\"og:image:height\" content=\"619\" \/>\n\t<meta property=\"og:image:type\" content=\"image\/jpeg\" \/>\n<meta name=\"twitter:card\" content=\"summary_large_image\" \/>\n<meta name=\"twitter:label1\" content=\"Tiempo de lectura\" \/>\n\t<meta name=\"twitter:data1\" content=\"1 minuto\" \/>\n<script type=\"application\/ld+json\" class=\"yoast-schema-graph\">{\"@context\":\"https:\\\/\\\/schema.org\",\"@graph\":[{\"@type\":\"WebPage\",\"@id\":\"https:\\\/\\\/www.horse-dental-equipment.us\\\/product\\\/narrow-luxators-set-0-16-inch\\\/\",\"url\":\"https:\\\/\\\/www.horse-dental-equipment.us\\\/product\\\/narrow-luxators-set-0-16-inch\\\/\",\"name\":\"Narrow Luxators Set - 0.16 inch - Horse Dental Equipment\",\"isPartOf\":{\"@id\":\"https:\\\/\\\/www.horse-dental-equipment.us\\\/#website\"},\"primaryImageOfPage\":{\"@id\":\"https:\\\/\\\/www.horse-dental-equipment.us\\\/product\\\/narrow-luxators-set-0-16-inch\\\/#primaryimage\"},\"image\":{\"@id\":\"https:\\\/\\\/www.horse-dental-equipment.us\\\/product\\\/narrow-luxators-set-0-16-inch\\\/#primaryimage\"},\"thumbnailUrl\":\"https:\\\/\\\/www.horse-dental-equipment.us\\\/wp-content\\\/uploads\\\/2020\\\/07\\\/PEGA_310010.jpg\",\"datePublished\":\"2020-07-08T13:27:19+00:00\",\"dateModified\":\"2025-08-22T12:26:15+00:00\",\"description\":\"Narrow Luxators Set (0.16 inch) contains 5 different insert lengths. They are used for extra small fragments.\",\"breadcrumb\":{\"@id\":\"https:\\\/\\\/www.horse-dental-equipment.us\\\/product\\\/narrow-luxators-set-0-16-inch\\\/#breadcrumb\"},\"inLanguage\":\"es\",\"potentialAction\":[{\"@type\":\"ReadAction\",\"target\":[\"https:\\\/\\\/www.horse-dental-equipment.us\\\/product\\\/narrow-luxators-set-0-16-inch\\\/\"]}]},{\"@type\":\"ImageObject\",\"inLanguage\":\"es\",\"@id\":\"https:\\\/\\\/www.horse-dental-equipment.us\\\/product\\\/narrow-luxators-set-0-16-inch\\\/#primaryimage\",\"url\":\"https:\\\/\\\/www.horse-dental-equipment.us\\\/wp-content\\\/uploads\\\/2020\\\/07\\\/PEGA_310010.jpg\",\"contentUrl\":\"https:\\\/\\\/www.horse-dental-equipment.us\\\/wp-content\\\/uploads\\\/2020\\\/07\\\/PEGA_310010.jpg\",\"width\":800,\"height\":619,\"caption\":\"Narrow Luxators Set \u2013 4 mm\"},{\"@type\":\"BreadcrumbList\",\"@id\":\"https:\\\/\\\/www.horse-dental-equipment.us\\\/product\\\/narrow-luxators-set-0-16-inch\\\/#breadcrumb\",\"itemListElement\":[{\"@type\":\"ListItem\",\"position\":1,\"name\":\"Home\",\"item\":\"https:\\\/\\\/www.horse-dental-equipment.us\\\/\"},{\"@type\":\"ListItem\",\"position\":2,\"name\":\"Products\",\"item\":\"https:\\\/\\\/www.horse-dental-equipment.us\\\/products\\\/\"},{\"@type\":\"ListItem\",\"position\":3,\"name\":\"Narrow Luxators Set &#8211; 0.16 inch\"}]},{\"@type\":\"WebSite\",\"@id\":\"https:\\\/\\\/www.horse-dental-equipment.us\\\/#website\",\"url\":\"https:\\\/\\\/www.horse-dental-equipment.us\\\/\",\"name\":\"Horse Dental Equipment\",\"description\":\"Your partner to develop your equine dentistry business\",\"potentialAction\":[{\"@type\":\"SearchAction\",\"target\":{\"@type\":\"EntryPoint\",\"urlTemplate\":\"https:\\\/\\\/www.horse-dental-equipment.us\\\/?s={search_term_string}\"},\"query-input\":{\"@type\":\"PropertyValueSpecification\",\"valueRequired\":true,\"valueName\":\"search_term_string\"}}],\"inLanguage\":\"es\"}]}<\/script>\n<!-- \/ Yoast SEO plugin. -->","yoast_head_json":{"title":"Set de 5 Luxadores - 4 mm - Horse Dental Equipment","description":"Set que contiene 5 luxadores finos (4 mm) de diferentes longitudes. Ser\u00e1n \u00fatiles para eliminar fragmentos muy peque\u00f1os.\nPara utilizar con el mango en T de acero inoxidable (0\u00b0, 8\u00b0, 18\u00b0 y\/o 30\u00b0).","robots":{"index":"index","follow":"follow","max-snippet":"max-snippet:-1","max-image-preview":"max-image-preview:large","max-video-preview":"max-video-preview:-1"},"canonical":"https:\/\/www.horse-dental-equipment.us\/es\/producto\/set-5-luxadores-4-mm\/","og_locale":"es_MX","og_type":"article","og_title":"Narrow Luxators Set - 0.16 inch - Horse Dental Equipment","og_description":"Narrow Luxators Set (0.16 inch) contains 5 different insert lengths. They are used for extra small fragments.","og_url":"https:\/\/www.horse-dental-equipment.us\/es\/producto\/set-5-luxadores-4-mm\/","og_site_name":"Horse Dental Equipment","article_modified_time":"2025-08-22T12:26:15+00:00","og_image":[{"width":800,"height":619,"url":"https:\/\/www.horse-dental-equipment.us\/wp-content\/uploads\/2020\/07\/PEGA_310010.jpg","type":"image\/jpeg"}],"twitter_card":"summary_large_image","twitter_misc":{"Tiempo de lectura":"1 minuto"},"schema":{"@context":"https:\/\/schema.org","@graph":[{"@type":"WebPage","@id":"https:\/\/www.horse-dental-equipment.us\/product\/narrow-luxators-set-0-16-inch\/","url":"https:\/\/www.horse-dental-equipment.us\/product\/narrow-luxators-set-0-16-inch\/","name":"Set de 5 Luxadores - 4 mm - Horse Dental Equipment","isPartOf":{"@id":"https:\/\/www.horse-dental-equipment.us\/#website"},"primaryImageOfPage":{"@id":"https:\/\/www.horse-dental-equipment.us\/product\/narrow-luxators-set-0-16-inch\/#primaryimage"},"image":{"@id":"https:\/\/www.horse-dental-equipment.us\/product\/narrow-luxators-set-0-16-inch\/#primaryimage"},"thumbnailUrl":"https:\/\/www.horse-dental-equipment.us\/wp-content\/uploads\/2020\/07\/PEGA_310010.jpg","datePublished":"2020-07-08T13:27:19+00:00","dateModified":"2025-08-22T12:26:15+00:00","description":"Set que contiene 5 luxadores finos (4 mm) de diferentes longitudes. Ser\u00e1n \u00fatiles para eliminar fragmentos muy peque\u00f1os.\nPara utilizar con el mango en T de acero inoxidable (0\u00b0, 8\u00b0, 18\u00b0 y\/o 30\u00b0).","breadcrumb":{"@id":"https:\/\/www.horse-dental-equipment.us\/product\/narrow-luxators-set-0-16-inch\/#breadcrumb"},"inLanguage":"es","potentialAction":[{"@type":"ReadAction","target":["https:\/\/www.horse-dental-equipment.us\/product\/narrow-luxators-set-0-16-inch\/"]}]},{"@type":"ImageObject","inLanguage":"es","@id":"https:\/\/www.horse-dental-equipment.us\/product\/narrow-luxators-set-0-16-inch\/#primaryimage","url":"https:\/\/www.horse-dental-equipment.us\/wp-content\/uploads\/2020\/07\/PEGA_310010.jpg","contentUrl":"https:\/\/www.horse-dental-equipment.us\/wp-content\/uploads\/2020\/07\/PEGA_310010.jpg","width":800,"height":619,"caption":"Narrow Luxators Set \u2013 4 mm"},{"@type":"BreadcrumbList","@id":"https:\/\/www.horse-dental-equipment.us\/product\/narrow-luxators-set-0-16-inch\/#breadcrumb","itemListElement":[{"@type":"ListItem","position":1,"name":"Home","item":"https:\/\/www.horse-dental-equipment.us\/"},{"@type":"ListItem","position":2,"name":"Products","item":"https:\/\/www.horse-dental-equipment.us\/products\/"},{"@type":"ListItem","position":3,"name":"Narrow Luxators Set &#8211; 0.16 inch"}]},{"@type":"WebSite","@id":"https:\/\/www.horse-dental-equipment.us\/#website","url":"https:\/\/www.horse-dental-equipment.us\/","name":"Horse Dental Equipment","description":"Your partner to develop your equine dentistry business","potentialAction":[{"@type":"SearchAction","target":{"@type":"EntryPoint","urlTemplate":"https:\/\/www.horse-dental-equipment.us\/?s={search_term_string}"},"query-input":{"@type":"PropertyValueSpecification","valueRequired":true,"valueName":"search_term_string"}}],"inLanguage":"es"}]}},"_links":{"self":[{"href":"https:\/\/www.horse-dental-equipment.us\/es\/wp-json\/wp\/v2\/product\/3209","targetHints":{"allow":["GET"]}}],"collection":[{"href":"https:\/\/www.horse-dental-equipment.us\/es\/wp-json\/wp\/v2\/product"}],"about":[{"href":"https:\/\/www.horse-dental-equipment.us\/es\/wp-json\/wp\/v2\/types\/product"}],"replies":[{"embeddable":true,"href":"https:\/\/www.horse-dental-equipment.us\/es\/wp-json\/wp\/v2\/comments?post=3209"}],"wp:featuredmedia":[{"embeddable":true,"href":"https:\/\/www.horse-dental-equipment.us\/es\/wp-json\/wp\/v2\/media\/4329"}],"wp:attachment":[{"href":"https:\/\/www.horse-dental-equipment.us\/es\/wp-json\/wp\/v2\/media?parent=3209"}],"wp:term":[{"taxonomy":"product_brand","embeddable":true,"href":"https:\/\/www.horse-dental-equipment.us\/es\/wp-json\/wp\/v2\/product_brand?post=3209"},{"taxonomy":"product_cat","embeddable":true,"href":"https:\/\/www.horse-dental-equipment.us\/es\/wp-json\/wp\/v2\/product_cat?post=3209"},{"taxonomy":"product_tag","embeddable":true,"href":"https:\/\/www.horse-dental-equipment.us\/es\/wp-json\/wp\/v2\/product_tag?post=3209"}],"curies":[{"name":"wp","href":"https:\/\/api.w.org\/{rel}","templated":true}]}}