{"id":3153,"date":"2020-07-08T15:27:10","date_gmt":"2020-07-08T13:27:10","guid":{"rendered":"http:\/\/www.horse-dental-equipment.us\/produit\/upper-back-molar-rasp-upturned-head-2\/"},"modified":"2026-05-05T16:24:17","modified_gmt":"2026-05-05T14:24:17","slug":"lima-con-recambio-atornillar","status":"publish","type":"product","link":"https:\/\/www.horse-dental-equipment.us\/es\/producto\/lima-con-recambio-atornillar\/","title":{"rendered":"Lima con Recambio Atornillar"},"content":{"rendered":"<p class=\" translation-block\">RAP_B16: lima para molares (maxilares), angulo 15\u00b0, 63 cm (recambio 50 mm).<\/p>\n<p>Disponible hasta fin de stock.<\/p>\n<p><a href=\"https:\/\/helium-connect.fr\/player\/54c6710f8d12a6546600000a\/fid\/69f9f6773ca446f4bb6cceb8\">Rellene el formulario<\/a> para solicitar su cotizaci\u00f3n e ind\u00edquenos qu\u00e9 producto(s) de la categor\u00eda de <strong>liquidaci\u00f3n<\/strong> le interesa.<\/p>","protected":false},"excerpt":{"rendered":"<p>Upper back molar rasp, angle 15\u00b0, 63 cm. 50 mm &#8211; Blades to screw. Sold without blades. Each float is clearly numbered for quick recognition. The rubber handles are easy to clean. Available while stocks last. Fill in the form to request a quote and let us know which product(s) in the destocking category you [&hellip;]<\/p>\n","protected":false},"featured_media":4574,"comment_status":"closed","ping_status":"closed","template":"","meta":{"_acf_changed":false},"product_brand":[],"product_cat":[458],"product_tag":[],"class_list":{"0":"post-3153","1":"product","2":"type-product","3":"status-publish","4":"has-post-thumbnail","6":"product_cat-destocking","8":"first","9":"instock","10":"sale","11":"purchasable","12":"product-type-simple"},"acf":[],"yoast_head":"<!-- This site is optimized with the Yoast SEO plugin v27.5 - https:\/\/yoast.com\/product\/yoast-seo-wordpress\/ -->\n<title>Upper back molar rasp (upturned head) - screw on - Horse Dental Equipment<\/title>\n<meta name=\"robots\" content=\"index, follow, max-snippet:-1, max-image-preview:large, max-video-preview:-1\" \/>\n<link rel=\"canonical\" href=\"https:\/\/www.horse-dental-equipment.us\/es\/producto\/lima-con-recambio-atornillar\/\" \/>\n<meta property=\"og:locale\" content=\"es_MX\" \/>\n<meta property=\"og:type\" content=\"article\" \/>\n<meta property=\"og:title\" content=\"Upper back molar rasp (upturned head) - screw on - Horse Dental Equipment\" \/>\n<meta property=\"og:description\" content=\"Upper back molar rasp, angle 15\u00b0, 63 cm. 50 mm &#8211; Blades to screw. Sold without blades. Each float is clearly numbered for quick recognition. The rubber handles are easy to clean. Available while stocks last. Fill in the form to request a quote and let us know which product(s) in the destocking category you [&hellip;]\" \/>\n<meta property=\"og:url\" content=\"https:\/\/www.horse-dental-equipment.us\/es\/producto\/lima-con-recambio-atornillar\/\" \/>\n<meta property=\"og:site_name\" content=\"Horse Dental Equipment\" \/>\n<meta property=\"article:modified_time\" content=\"2026-05-05T14:24:17+00:00\" \/>\n<meta property=\"og:image\" content=\"https:\/\/www.horse-dental-equipment.us\/wp-content\/uploads\/2020\/07\/RAP_B16.png\" \/>\n\t<meta property=\"og:image:width\" content=\"800\" \/>\n\t<meta property=\"og:image:height\" content=\"619\" \/>\n\t<meta property=\"og:image:type\" content=\"image\/png\" \/>\n<meta name=\"twitter:card\" content=\"summary_large_image\" \/>\n<meta name=\"twitter:label1\" content=\"Tiempo de lectura\" \/>\n\t<meta name=\"twitter:data1\" content=\"1 minuto\" \/>\n<script type=\"application\/ld+json\" class=\"yoast-schema-graph\">{\"@context\":\"https:\\\/\\\/schema.org\",\"@graph\":[{\"@type\":\"WebPage\",\"@id\":\"https:\\\/\\\/www.horse-dental-equipment.us\\\/product\\\/upper-back-molar-rasp-upturned-head-2\\\/\",\"url\":\"https:\\\/\\\/www.horse-dental-equipment.us\\\/product\\\/upper-back-molar-rasp-upturned-head-2\\\/\",\"name\":\"Upper back molar rasp (upturned head) - screw on - Horse Dental Equipment\",\"isPartOf\":{\"@id\":\"https:\\\/\\\/www.horse-dental-equipment.us\\\/#website\"},\"primaryImageOfPage\":{\"@id\":\"https:\\\/\\\/www.horse-dental-equipment.us\\\/product\\\/upper-back-molar-rasp-upturned-head-2\\\/#primaryimage\"},\"image\":{\"@id\":\"https:\\\/\\\/www.horse-dental-equipment.us\\\/product\\\/upper-back-molar-rasp-upturned-head-2\\\/#primaryimage\"},\"thumbnailUrl\":\"https:\\\/\\\/www.horse-dental-equipment.us\\\/wp-content\\\/uploads\\\/2020\\\/07\\\/RAP_B16.png\",\"datePublished\":\"2020-07-08T13:27:10+00:00\",\"dateModified\":\"2026-05-05T14:24:17+00:00\",\"breadcrumb\":{\"@id\":\"https:\\\/\\\/www.horse-dental-equipment.us\\\/product\\\/upper-back-molar-rasp-upturned-head-2\\\/#breadcrumb\"},\"inLanguage\":\"es\",\"potentialAction\":[{\"@type\":\"ReadAction\",\"target\":[\"https:\\\/\\\/www.horse-dental-equipment.us\\\/product\\\/upper-back-molar-rasp-upturned-head-2\\\/\"]}]},{\"@type\":\"ImageObject\",\"inLanguage\":\"es\",\"@id\":\"https:\\\/\\\/www.horse-dental-equipment.us\\\/product\\\/upper-back-molar-rasp-upturned-head-2\\\/#primaryimage\",\"url\":\"https:\\\/\\\/www.horse-dental-equipment.us\\\/wp-content\\\/uploads\\\/2020\\\/07\\\/RAP_B16.png\",\"contentUrl\":\"https:\\\/\\\/www.horse-dental-equipment.us\\\/wp-content\\\/uploads\\\/2020\\\/07\\\/RAP_B16.png\",\"width\":800,\"height\":619,\"caption\":\"Upper back molar rasp (upturned head)\"},{\"@type\":\"BreadcrumbList\",\"@id\":\"https:\\\/\\\/www.horse-dental-equipment.us\\\/product\\\/upper-back-molar-rasp-upturned-head-2\\\/#breadcrumb\",\"itemListElement\":[{\"@type\":\"ListItem\",\"position\":1,\"name\":\"Home\",\"item\":\"https:\\\/\\\/www.horse-dental-equipment.us\\\/\"},{\"@type\":\"ListItem\",\"position\":2,\"name\":\"Products\",\"item\":\"https:\\\/\\\/www.horse-dental-equipment.us\\\/products\\\/\"},{\"@type\":\"ListItem\",\"position\":3,\"name\":\"Upper back molar rasp (upturned head) &#8211; screw on\"}]},{\"@type\":\"WebSite\",\"@id\":\"https:\\\/\\\/www.horse-dental-equipment.us\\\/#website\",\"url\":\"https:\\\/\\\/www.horse-dental-equipment.us\\\/\",\"name\":\"Horse Dental Equipment\",\"description\":\"Your partner to develop your equine dentistry business\",\"potentialAction\":[{\"@type\":\"SearchAction\",\"target\":{\"@type\":\"EntryPoint\",\"urlTemplate\":\"https:\\\/\\\/www.horse-dental-equipment.us\\\/?s={search_term_string}\"},\"query-input\":{\"@type\":\"PropertyValueSpecification\",\"valueRequired\":true,\"valueName\":\"search_term_string\"}}],\"inLanguage\":\"es\"}]}<\/script>\n<!-- \/ Yoast SEO plugin. -->","yoast_head_json":{"title":"Lima con Recambio Atornillar - Horse Dental Equipment","robots":{"index":"index","follow":"follow","max-snippet":"max-snippet:-1","max-image-preview":"max-image-preview:large","max-video-preview":"max-video-preview:-1"},"canonical":"https:\/\/www.horse-dental-equipment.us\/es\/producto\/lima-con-recambio-atornillar\/","og_locale":"es_MX","og_type":"article","og_title":"Upper back molar rasp (upturned head) - screw on - Horse Dental Equipment","og_description":"Upper back molar rasp, angle 15\u00b0, 63 cm. 50 mm &#8211; Blades to screw. Sold without blades. Each float is clearly numbered for quick recognition. The rubber handles are easy to clean. Available while stocks last. Fill in the form to request a quote and let us know which product(s) in the destocking category you [&hellip;]","og_url":"https:\/\/www.horse-dental-equipment.us\/es\/producto\/lima-con-recambio-atornillar\/","og_site_name":"Horse Dental Equipment","article_modified_time":"2026-05-05T14:24:17+00:00","og_image":[{"width":800,"height":619,"url":"https:\/\/www.horse-dental-equipment.us\/wp-content\/uploads\/2020\/07\/RAP_B16.png","type":"image\/png"}],"twitter_card":"summary_large_image","twitter_misc":{"Tiempo de lectura":"1 minuto"},"schema":{"@context":"https:\/\/schema.org","@graph":[{"@type":"WebPage","@id":"https:\/\/www.horse-dental-equipment.us\/product\/upper-back-molar-rasp-upturned-head-2\/","url":"https:\/\/www.horse-dental-equipment.us\/product\/upper-back-molar-rasp-upturned-head-2\/","name":"Lima con Recambio Atornillar - Horse Dental Equipment","isPartOf":{"@id":"https:\/\/www.horse-dental-equipment.us\/#website"},"primaryImageOfPage":{"@id":"https:\/\/www.horse-dental-equipment.us\/product\/upper-back-molar-rasp-upturned-head-2\/#primaryimage"},"image":{"@id":"https:\/\/www.horse-dental-equipment.us\/product\/upper-back-molar-rasp-upturned-head-2\/#primaryimage"},"thumbnailUrl":"https:\/\/www.horse-dental-equipment.us\/wp-content\/uploads\/2020\/07\/RAP_B16.png","datePublished":"2020-07-08T13:27:10+00:00","dateModified":"2026-05-05T14:24:17+00:00","breadcrumb":{"@id":"https:\/\/www.horse-dental-equipment.us\/product\/upper-back-molar-rasp-upturned-head-2\/#breadcrumb"},"inLanguage":"es","potentialAction":[{"@type":"ReadAction","target":["https:\/\/www.horse-dental-equipment.us\/product\/upper-back-molar-rasp-upturned-head-2\/"]}]},{"@type":"ImageObject","inLanguage":"es","@id":"https:\/\/www.horse-dental-equipment.us\/product\/upper-back-molar-rasp-upturned-head-2\/#primaryimage","url":"https:\/\/www.horse-dental-equipment.us\/wp-content\/uploads\/2020\/07\/RAP_B16.png","contentUrl":"https:\/\/www.horse-dental-equipment.us\/wp-content\/uploads\/2020\/07\/RAP_B16.png","width":800,"height":619,"caption":"Upper back molar rasp (upturned head)"},{"@type":"BreadcrumbList","@id":"https:\/\/www.horse-dental-equipment.us\/product\/upper-back-molar-rasp-upturned-head-2\/#breadcrumb","itemListElement":[{"@type":"ListItem","position":1,"name":"Home","item":"https:\/\/www.horse-dental-equipment.us\/"},{"@type":"ListItem","position":2,"name":"Products","item":"https:\/\/www.horse-dental-equipment.us\/products\/"},{"@type":"ListItem","position":3,"name":"Upper back molar rasp (upturned head) &#8211; screw on"}]},{"@type":"WebSite","@id":"https:\/\/www.horse-dental-equipment.us\/#website","url":"https:\/\/www.horse-dental-equipment.us\/","name":"Horse Dental Equipment","description":"Your partner to develop your equine dentistry business","potentialAction":[{"@type":"SearchAction","target":{"@type":"EntryPoint","urlTemplate":"https:\/\/www.horse-dental-equipment.us\/?s={search_term_string}"},"query-input":{"@type":"PropertyValueSpecification","valueRequired":true,"valueName":"search_term_string"}}],"inLanguage":"es"}]}},"_links":{"self":[{"href":"https:\/\/www.horse-dental-equipment.us\/es\/wp-json\/wp\/v2\/product\/3153","targetHints":{"allow":["GET"]}}],"collection":[{"href":"https:\/\/www.horse-dental-equipment.us\/es\/wp-json\/wp\/v2\/product"}],"about":[{"href":"https:\/\/www.horse-dental-equipment.us\/es\/wp-json\/wp\/v2\/types\/product"}],"replies":[{"embeddable":true,"href":"https:\/\/www.horse-dental-equipment.us\/es\/wp-json\/wp\/v2\/comments?post=3153"}],"wp:featuredmedia":[{"embeddable":true,"href":"https:\/\/www.horse-dental-equipment.us\/es\/wp-json\/wp\/v2\/media\/4574"}],"wp:attachment":[{"href":"https:\/\/www.horse-dental-equipment.us\/es\/wp-json\/wp\/v2\/media?parent=3153"}],"wp:term":[{"taxonomy":"product_brand","embeddable":true,"href":"https:\/\/www.horse-dental-equipment.us\/es\/wp-json\/wp\/v2\/product_brand?post=3153"},{"taxonomy":"product_cat","embeddable":true,"href":"https:\/\/www.horse-dental-equipment.us\/es\/wp-json\/wp\/v2\/product_cat?post=3153"},{"taxonomy":"product_tag","embeddable":true,"href":"https:\/\/www.horse-dental-equipment.us\/es\/wp-json\/wp\/v2\/product_tag?post=3153"}],"curies":[{"name":"wp","href":"https:\/\/api.w.org\/{rel}","templated":true}]}}