{"id":3064,"date":"2020-07-08T15:26:58","date_gmt":"2020-07-08T13:26:58","guid":{"rendered":"http:\/\/www.horse-dental-equipment.us\/produit\/magnetic-lamp\/"},"modified":"2025-06-30T11:45:35","modified_gmt":"2025-06-30T09:45:35","slug":"lampara-magnetica","status":"publish","type":"product","link":"https:\/\/www.horse-dental-equipment.us\/es\/producto\/lampara-magnetica\/","title":{"rendered":"L\u00e1mpara Magn\u00e9tica"},"content":{"rendered":"<p>\u2022 Soporte magn\u00e9tico integrado<br \/>\n\u2022 Conexiones reforzadas<br \/>\n\u2022 Pila: LR14 o LR20<br \/>\n\u2022 Flujo luminoso: 130 l\u00famenes<br \/>\n\u2022 Angulo: 170\u00b0<\/p>\n<p><strong>Referencia de Jorgensen:<\/strong> J1415d3<\/p>","protected":false},"excerpt":{"rendered":"<p>\u2022 Integrated magnetic holder \u2022 Enhanced connections \u2022 Battery: LR14 or LR20 \u2022 Light charge: 130 lumens \u2022 Angle: 170\u00b0 Jorgensen&#8217;s reference: J1415d3<\/p>","protected":false},"featured_media":4516,"comment_status":"closed","ping_status":"closed","template":"","meta":{"_acf_changed":false},"product_brand":[],"product_cat":[240,225,99],"product_tag":[],"class_list":{"0":"post-3064","1":"product","2":"type-product","3":"status-publish","4":"has-post-thumbnail","6":"product_cat-accessories-of-mouth-openers","7":"product_cat-accessories","8":"product_cat-lamps","10":"first","11":"instock","12":"purchasable","13":"product-type-simple"},"acf":[],"yoast_head":"<!-- This site is optimized with the Yoast SEO plugin v27.3 - https:\/\/yoast.com\/product\/yoast-seo-wordpress\/ -->\n<title>Magnetic Lamp - Horse Dental Equipment<\/title>\n<meta name=\"description\" content=\"Integrated magnetic holder \/ Enhanced connections \/ Battery: LR14 or LR20 \/ Light charge: 130 lumens \/ Angle: 170\u00b0\" \/>\n<meta name=\"robots\" content=\"index, follow, max-snippet:-1, max-image-preview:large, max-video-preview:-1\" \/>\n<link rel=\"canonical\" href=\"https:\/\/www.horse-dental-equipment.us\/es\/producto\/lampara-magnetica\/\" \/>\n<meta property=\"og:locale\" content=\"es_MX\" \/>\n<meta property=\"og:type\" content=\"article\" \/>\n<meta property=\"og:title\" content=\"Magnetic Lamp - Horse Dental Equipment\" \/>\n<meta property=\"og:description\" content=\"Integrated magnetic holder \/ Enhanced connections \/ Battery: LR14 or LR20 \/ Light charge: 130 lumens \/ Angle: 170\u00b0\" \/>\n<meta property=\"og:url\" content=\"https:\/\/www.horse-dental-equipment.us\/es\/producto\/lampara-magnetica\/\" \/>\n<meta property=\"og:site_name\" content=\"Horse Dental Equipment\" \/>\n<meta property=\"article:modified_time\" content=\"2025-06-30T09:45:35+00:00\" \/>\n<meta property=\"og:image\" content=\"https:\/\/www.horse-dental-equipment.us\/wp-content\/uploads\/2020\/07\/OB_LOBV5.png\" \/>\n\t<meta property=\"og:image:width\" content=\"800\" \/>\n\t<meta property=\"og:image:height\" content=\"619\" \/>\n\t<meta property=\"og:image:type\" content=\"image\/png\" \/>\n<meta name=\"twitter:card\" content=\"summary_large_image\" \/>\n<meta name=\"twitter:label1\" content=\"Tiempo de lectura\" \/>\n\t<meta name=\"twitter:data1\" content=\"1 minuto\" \/>\n<script type=\"application\/ld+json\" class=\"yoast-schema-graph\">{\"@context\":\"https:\\\/\\\/schema.org\",\"@graph\":[{\"@type\":\"WebPage\",\"@id\":\"https:\\\/\\\/www.horse-dental-equipment.us\\\/product\\\/magnetic-lamp\\\/\",\"url\":\"https:\\\/\\\/www.horse-dental-equipment.us\\\/product\\\/magnetic-lamp\\\/\",\"name\":\"Magnetic Lamp - Horse Dental Equipment\",\"isPartOf\":{\"@id\":\"https:\\\/\\\/www.horse-dental-equipment.us\\\/#website\"},\"primaryImageOfPage\":{\"@id\":\"https:\\\/\\\/www.horse-dental-equipment.us\\\/product\\\/magnetic-lamp\\\/#primaryimage\"},\"image\":{\"@id\":\"https:\\\/\\\/www.horse-dental-equipment.us\\\/product\\\/magnetic-lamp\\\/#primaryimage\"},\"thumbnailUrl\":\"https:\\\/\\\/www.horse-dental-equipment.us\\\/wp-content\\\/uploads\\\/2020\\\/07\\\/OB_LOBV5.png\",\"datePublished\":\"2020-07-08T13:26:58+00:00\",\"dateModified\":\"2025-06-30T09:45:35+00:00\",\"description\":\"Integrated magnetic holder \\\/ Enhanced connections \\\/ Battery: LR14 or LR20 \\\/ Light charge: 130 lumens \\\/ Angle: 170\u00b0\",\"breadcrumb\":{\"@id\":\"https:\\\/\\\/www.horse-dental-equipment.us\\\/product\\\/magnetic-lamp\\\/#breadcrumb\"},\"inLanguage\":\"es\",\"potentialAction\":[{\"@type\":\"ReadAction\",\"target\":[\"https:\\\/\\\/www.horse-dental-equipment.us\\\/product\\\/magnetic-lamp\\\/\"]}]},{\"@type\":\"ImageObject\",\"inLanguage\":\"es\",\"@id\":\"https:\\\/\\\/www.horse-dental-equipment.us\\\/product\\\/magnetic-lamp\\\/#primaryimage\",\"url\":\"https:\\\/\\\/www.horse-dental-equipment.us\\\/wp-content\\\/uploads\\\/2020\\\/07\\\/OB_LOBV5.png\",\"contentUrl\":\"https:\\\/\\\/www.horse-dental-equipment.us\\\/wp-content\\\/uploads\\\/2020\\\/07\\\/OB_LOBV5.png\",\"width\":800,\"height\":619,\"caption\":\"Magnetic Lamp\"},{\"@type\":\"BreadcrumbList\",\"@id\":\"https:\\\/\\\/www.horse-dental-equipment.us\\\/product\\\/magnetic-lamp\\\/#breadcrumb\",\"itemListElement\":[{\"@type\":\"ListItem\",\"position\":1,\"name\":\"Home\",\"item\":\"https:\\\/\\\/www.horse-dental-equipment.us\\\/\"},{\"@type\":\"ListItem\",\"position\":2,\"name\":\"Products\",\"item\":\"https:\\\/\\\/www.horse-dental-equipment.us\\\/products\\\/\"},{\"@type\":\"ListItem\",\"position\":3,\"name\":\"Magnetic Lamp\"}]},{\"@type\":\"WebSite\",\"@id\":\"https:\\\/\\\/www.horse-dental-equipment.us\\\/#website\",\"url\":\"https:\\\/\\\/www.horse-dental-equipment.us\\\/\",\"name\":\"Horse Dental Equipment\",\"description\":\"Your partner to develop your equine dentistry business\",\"potentialAction\":[{\"@type\":\"SearchAction\",\"target\":{\"@type\":\"EntryPoint\",\"urlTemplate\":\"https:\\\/\\\/www.horse-dental-equipment.us\\\/?s={search_term_string}\"},\"query-input\":{\"@type\":\"PropertyValueSpecification\",\"valueRequired\":true,\"valueName\":\"search_term_string\"}}],\"inLanguage\":\"es\"}]}<\/script>\n<!-- \/ Yoast SEO plugin. -->","yoast_head_json":{"title":"L\u00e1mpara Magn\u00e9tica - Horse Dental Equipment","description":"- Soporte magn\u00e9tico integrado\n - Conexiones reforzadas\n - Pila: LR14 o LR20\n - Flujo luminoso: 130 lumenes\n - Angulo: 170\u00b0","robots":{"index":"index","follow":"follow","max-snippet":"max-snippet:-1","max-image-preview":"max-image-preview:large","max-video-preview":"max-video-preview:-1"},"canonical":"https:\/\/www.horse-dental-equipment.us\/es\/producto\/lampara-magnetica\/","og_locale":"es_MX","og_type":"article","og_title":"Magnetic Lamp - Horse Dental Equipment","og_description":"Integrated magnetic holder \/ Enhanced connections \/ Battery: LR14 or LR20 \/ Light charge: 130 lumens \/ Angle: 170\u00b0","og_url":"https:\/\/www.horse-dental-equipment.us\/es\/producto\/lampara-magnetica\/","og_site_name":"Horse Dental Equipment","article_modified_time":"2025-06-30T09:45:35+00:00","og_image":[{"width":800,"height":619,"url":"https:\/\/www.horse-dental-equipment.us\/wp-content\/uploads\/2020\/07\/OB_LOBV5.png","type":"image\/png"}],"twitter_card":"summary_large_image","twitter_misc":{"Tiempo de lectura":"1 minuto"},"schema":{"@context":"https:\/\/schema.org","@graph":[{"@type":"WebPage","@id":"https:\/\/www.horse-dental-equipment.us\/product\/magnetic-lamp\/","url":"https:\/\/www.horse-dental-equipment.us\/product\/magnetic-lamp\/","name":"L\u00e1mpara Magn\u00e9tica - Horse Dental Equipment","isPartOf":{"@id":"https:\/\/www.horse-dental-equipment.us\/#website"},"primaryImageOfPage":{"@id":"https:\/\/www.horse-dental-equipment.us\/product\/magnetic-lamp\/#primaryimage"},"image":{"@id":"https:\/\/www.horse-dental-equipment.us\/product\/magnetic-lamp\/#primaryimage"},"thumbnailUrl":"https:\/\/www.horse-dental-equipment.us\/wp-content\/uploads\/2020\/07\/OB_LOBV5.png","datePublished":"2020-07-08T13:26:58+00:00","dateModified":"2025-06-30T09:45:35+00:00","description":"- Soporte magn\u00e9tico integrado\n - Conexiones reforzadas\n - Pila: LR14 o LR20\n - Flujo luminoso: 130 lumenes\n - Angulo: 170\u00b0","breadcrumb":{"@id":"https:\/\/www.horse-dental-equipment.us\/product\/magnetic-lamp\/#breadcrumb"},"inLanguage":"es","potentialAction":[{"@type":"ReadAction","target":["https:\/\/www.horse-dental-equipment.us\/product\/magnetic-lamp\/"]}]},{"@type":"ImageObject","inLanguage":"es","@id":"https:\/\/www.horse-dental-equipment.us\/product\/magnetic-lamp\/#primaryimage","url":"https:\/\/www.horse-dental-equipment.us\/wp-content\/uploads\/2020\/07\/OB_LOBV5.png","contentUrl":"https:\/\/www.horse-dental-equipment.us\/wp-content\/uploads\/2020\/07\/OB_LOBV5.png","width":800,"height":619,"caption":"Magnetic Lamp"},{"@type":"BreadcrumbList","@id":"https:\/\/www.horse-dental-equipment.us\/product\/magnetic-lamp\/#breadcrumb","itemListElement":[{"@type":"ListItem","position":1,"name":"Home","item":"https:\/\/www.horse-dental-equipment.us\/"},{"@type":"ListItem","position":2,"name":"Products","item":"https:\/\/www.horse-dental-equipment.us\/products\/"},{"@type":"ListItem","position":3,"name":"Magnetic Lamp"}]},{"@type":"WebSite","@id":"https:\/\/www.horse-dental-equipment.us\/#website","url":"https:\/\/www.horse-dental-equipment.us\/","name":"Horse Dental Equipment","description":"Your partner to develop your equine dentistry business","potentialAction":[{"@type":"SearchAction","target":{"@type":"EntryPoint","urlTemplate":"https:\/\/www.horse-dental-equipment.us\/?s={search_term_string}"},"query-input":{"@type":"PropertyValueSpecification","valueRequired":true,"valueName":"search_term_string"}}],"inLanguage":"es"}]}},"_links":{"self":[{"href":"https:\/\/www.horse-dental-equipment.us\/es\/wp-json\/wp\/v2\/product\/3064","targetHints":{"allow":["GET"]}}],"collection":[{"href":"https:\/\/www.horse-dental-equipment.us\/es\/wp-json\/wp\/v2\/product"}],"about":[{"href":"https:\/\/www.horse-dental-equipment.us\/es\/wp-json\/wp\/v2\/types\/product"}],"replies":[{"embeddable":true,"href":"https:\/\/www.horse-dental-equipment.us\/es\/wp-json\/wp\/v2\/comments?post=3064"}],"wp:featuredmedia":[{"embeddable":true,"href":"https:\/\/www.horse-dental-equipment.us\/es\/wp-json\/wp\/v2\/media\/4516"}],"wp:attachment":[{"href":"https:\/\/www.horse-dental-equipment.us\/es\/wp-json\/wp\/v2\/media?parent=3064"}],"wp:term":[{"taxonomy":"product_brand","embeddable":true,"href":"https:\/\/www.horse-dental-equipment.us\/es\/wp-json\/wp\/v2\/product_brand?post=3064"},{"taxonomy":"product_cat","embeddable":true,"href":"https:\/\/www.horse-dental-equipment.us\/es\/wp-json\/wp\/v2\/product_cat?post=3064"},{"taxonomy":"product_tag","embeddable":true,"href":"https:\/\/www.horse-dental-equipment.us\/es\/wp-json\/wp\/v2\/product_tag?post=3064"}],"curies":[{"name":"wp","href":"https:\/\/api.w.org\/{rel}","templated":true}]}}