{"id":3049,"date":"2020-07-08T15:26:54","date_gmt":"2020-07-08T13:26:54","guid":{"rendered":"http:\/\/www.horse-dental-equipment.us\/produit\/sheath-%c2%96-right-model\/"},"modified":"2026-05-05T16:20:15","modified_gmt":"2026-05-05T14:20:15","slug":"funda-derecha","status":"publish","type":"product","link":"https:\/\/www.horse-dental-equipment.us\/es\/producto\/funda-derecha\/","title":{"rendered":"Funda Derecha"},"content":{"rendered":"<p>Le permite tener las manos libres mientras sujeta la pieza de mano durante el diagn\u00f3stico.<br \/>\nFunda izquierda: ACC_FG<\/p>\n<p>Disponible hasta fin de stock.<\/p>\n<p><a href=\"https:\/\/helium-connect.fr\/player\/54c6710f8d12a6546600000a\/fid\/69f9f6773ca446f4bb6cceb8\">Rellene el formulario<\/a> para solicitar su cotizaci\u00f3n e ind\u00edquenos qu\u00e9 producto(s) de la categor\u00eda de <strong>liquidaci\u00f3n<\/strong> le interesa.<\/p>","protected":false},"excerpt":{"rendered":"<p>Allows you to have your hands free while holding your handpiece during the diagnosis. Can be used on the N1 belt and Evolution vest. Available while stocks last. Fill in the form to request a quote and let us know which product(s) in the destocking category you are interested in.<\/p>","protected":false},"featured_media":4551,"comment_status":"closed","ping_status":"closed","template":"","meta":{"_acf_changed":false},"product_brand":[],"product_cat":[458],"product_tag":[],"class_list":{"0":"post-3049","1":"product","2":"type-product","3":"status-publish","4":"has-post-thumbnail","6":"product_cat-destocking","8":"first","9":"instock","10":"sale","11":"purchasable","12":"product-type-simple"},"acf":[],"yoast_head":"<!-- This site is optimized with the Yoast SEO plugin v27.5 - https:\/\/yoast.com\/product\/yoast-seo-wordpress\/ -->\n<title>Sheath - right model - Horse Dental Equipment<\/title>\n<meta name=\"robots\" content=\"index, follow, max-snippet:-1, max-image-preview:large, max-video-preview:-1\" \/>\n<link rel=\"canonical\" href=\"https:\/\/www.horse-dental-equipment.us\/es\/producto\/funda-derecha\/\" \/>\n<meta property=\"og:locale\" content=\"es_MX\" \/>\n<meta property=\"og:type\" content=\"article\" \/>\n<meta property=\"og:title\" content=\"Sheath - right model - Horse Dental Equipment\" \/>\n<meta property=\"og:description\" content=\"Allows you to have your hands free while holding your handpiece during the diagnosis. Can be used on the N1 belt and Evolution vest. Available while stocks last. Fill in the form to request a quote and let us know which product(s) in the destocking category you are interested in.\" \/>\n<meta property=\"og:url\" content=\"https:\/\/www.horse-dental-equipment.us\/es\/producto\/funda-derecha\/\" \/>\n<meta property=\"og:site_name\" content=\"Horse Dental Equipment\" \/>\n<meta property=\"article:modified_time\" content=\"2026-05-05T14:20:15+00:00\" \/>\n<meta property=\"og:image\" content=\"https:\/\/www.horse-dental-equipment.us\/wp-content\/uploads\/2020\/07\/ACC_FG.png\" \/>\n\t<meta property=\"og:image:width\" content=\"800\" \/>\n\t<meta property=\"og:image:height\" content=\"619\" \/>\n\t<meta property=\"og:image:type\" content=\"image\/png\" \/>\n<meta name=\"twitter:card\" content=\"summary_large_image\" \/>\n<meta name=\"twitter:label1\" content=\"Tiempo de lectura\" \/>\n\t<meta name=\"twitter:data1\" content=\"1 minuto\" \/>\n<script type=\"application\/ld+json\" class=\"yoast-schema-graph\">{\"@context\":\"https:\\\/\\\/schema.org\",\"@graph\":[{\"@type\":\"WebPage\",\"@id\":\"https:\\\/\\\/www.horse-dental-equipment.us\\\/product\\\/sheath-right-model\\\/\",\"url\":\"https:\\\/\\\/www.horse-dental-equipment.us\\\/product\\\/sheath-right-model\\\/\",\"name\":\"Sheath - right model - Horse Dental Equipment\",\"isPartOf\":{\"@id\":\"https:\\\/\\\/www.horse-dental-equipment.us\\\/#website\"},\"primaryImageOfPage\":{\"@id\":\"https:\\\/\\\/www.horse-dental-equipment.us\\\/product\\\/sheath-right-model\\\/#primaryimage\"},\"image\":{\"@id\":\"https:\\\/\\\/www.horse-dental-equipment.us\\\/product\\\/sheath-right-model\\\/#primaryimage\"},\"thumbnailUrl\":\"https:\\\/\\\/www.horse-dental-equipment.us\\\/wp-content\\\/uploads\\\/2020\\\/07\\\/ACC_FG.png\",\"datePublished\":\"2020-07-08T13:26:54+00:00\",\"dateModified\":\"2026-05-05T14:20:15+00:00\",\"breadcrumb\":{\"@id\":\"https:\\\/\\\/www.horse-dental-equipment.us\\\/product\\\/sheath-right-model\\\/#breadcrumb\"},\"inLanguage\":\"es\",\"potentialAction\":[{\"@type\":\"ReadAction\",\"target\":[\"https:\\\/\\\/www.horse-dental-equipment.us\\\/product\\\/sheath-right-model\\\/\"]}]},{\"@type\":\"ImageObject\",\"inLanguage\":\"es\",\"@id\":\"https:\\\/\\\/www.horse-dental-equipment.us\\\/product\\\/sheath-right-model\\\/#primaryimage\",\"url\":\"https:\\\/\\\/www.horse-dental-equipment.us\\\/wp-content\\\/uploads\\\/2020\\\/07\\\/ACC_FG.png\",\"contentUrl\":\"https:\\\/\\\/www.horse-dental-equipment.us\\\/wp-content\\\/uploads\\\/2020\\\/07\\\/ACC_FG.png\",\"width\":800,\"height\":619,\"caption\":\"Sheath - left model\"},{\"@type\":\"BreadcrumbList\",\"@id\":\"https:\\\/\\\/www.horse-dental-equipment.us\\\/product\\\/sheath-right-model\\\/#breadcrumb\",\"itemListElement\":[{\"@type\":\"ListItem\",\"position\":1,\"name\":\"Home\",\"item\":\"https:\\\/\\\/www.horse-dental-equipment.us\\\/\"},{\"@type\":\"ListItem\",\"position\":2,\"name\":\"Products\",\"item\":\"https:\\\/\\\/www.horse-dental-equipment.us\\\/products\\\/\"},{\"@type\":\"ListItem\",\"position\":3,\"name\":\"Sheath &#8211; right model\"}]},{\"@type\":\"WebSite\",\"@id\":\"https:\\\/\\\/www.horse-dental-equipment.us\\\/#website\",\"url\":\"https:\\\/\\\/www.horse-dental-equipment.us\\\/\",\"name\":\"Horse Dental Equipment\",\"description\":\"Your partner to develop your equine dentistry business\",\"potentialAction\":[{\"@type\":\"SearchAction\",\"target\":{\"@type\":\"EntryPoint\",\"urlTemplate\":\"https:\\\/\\\/www.horse-dental-equipment.us\\\/?s={search_term_string}\"},\"query-input\":{\"@type\":\"PropertyValueSpecification\",\"valueRequired\":true,\"valueName\":\"search_term_string\"}}],\"inLanguage\":\"es\"}]}<\/script>\n<!-- \/ Yoast SEO plugin. -->","yoast_head_json":{"title":"Funda Derecha - Horse Dental Equipment","robots":{"index":"index","follow":"follow","max-snippet":"max-snippet:-1","max-image-preview":"max-image-preview:large","max-video-preview":"max-video-preview:-1"},"canonical":"https:\/\/www.horse-dental-equipment.us\/es\/producto\/funda-derecha\/","og_locale":"es_MX","og_type":"article","og_title":"Sheath - right model - Horse Dental Equipment","og_description":"Allows you to have your hands free while holding your handpiece during the diagnosis. Can be used on the N1 belt and Evolution vest. Available while stocks last. Fill in the form to request a quote and let us know which product(s) in the destocking category you are interested in.","og_url":"https:\/\/www.horse-dental-equipment.us\/es\/producto\/funda-derecha\/","og_site_name":"Horse Dental Equipment","article_modified_time":"2026-05-05T14:20:15+00:00","og_image":[{"width":800,"height":619,"url":"https:\/\/www.horse-dental-equipment.us\/wp-content\/uploads\/2020\/07\/ACC_FG.png","type":"image\/png"}],"twitter_card":"summary_large_image","twitter_misc":{"Tiempo de lectura":"1 minuto"},"schema":{"@context":"https:\/\/schema.org","@graph":[{"@type":"WebPage","@id":"https:\/\/www.horse-dental-equipment.us\/product\/sheath-right-model\/","url":"https:\/\/www.horse-dental-equipment.us\/product\/sheath-right-model\/","name":"Funda Derecha - Horse Dental Equipment","isPartOf":{"@id":"https:\/\/www.horse-dental-equipment.us\/#website"},"primaryImageOfPage":{"@id":"https:\/\/www.horse-dental-equipment.us\/product\/sheath-right-model\/#primaryimage"},"image":{"@id":"https:\/\/www.horse-dental-equipment.us\/product\/sheath-right-model\/#primaryimage"},"thumbnailUrl":"https:\/\/www.horse-dental-equipment.us\/wp-content\/uploads\/2020\/07\/ACC_FG.png","datePublished":"2020-07-08T13:26:54+00:00","dateModified":"2026-05-05T14:20:15+00:00","breadcrumb":{"@id":"https:\/\/www.horse-dental-equipment.us\/product\/sheath-right-model\/#breadcrumb"},"inLanguage":"es","potentialAction":[{"@type":"ReadAction","target":["https:\/\/www.horse-dental-equipment.us\/product\/sheath-right-model\/"]}]},{"@type":"ImageObject","inLanguage":"es","@id":"https:\/\/www.horse-dental-equipment.us\/product\/sheath-right-model\/#primaryimage","url":"https:\/\/www.horse-dental-equipment.us\/wp-content\/uploads\/2020\/07\/ACC_FG.png","contentUrl":"https:\/\/www.horse-dental-equipment.us\/wp-content\/uploads\/2020\/07\/ACC_FG.png","width":800,"height":619,"caption":"Sheath - left model"},{"@type":"BreadcrumbList","@id":"https:\/\/www.horse-dental-equipment.us\/product\/sheath-right-model\/#breadcrumb","itemListElement":[{"@type":"ListItem","position":1,"name":"Home","item":"https:\/\/www.horse-dental-equipment.us\/"},{"@type":"ListItem","position":2,"name":"Products","item":"https:\/\/www.horse-dental-equipment.us\/products\/"},{"@type":"ListItem","position":3,"name":"Sheath &#8211; right model"}]},{"@type":"WebSite","@id":"https:\/\/www.horse-dental-equipment.us\/#website","url":"https:\/\/www.horse-dental-equipment.us\/","name":"Horse Dental Equipment","description":"Your partner to develop your equine dentistry business","potentialAction":[{"@type":"SearchAction","target":{"@type":"EntryPoint","urlTemplate":"https:\/\/www.horse-dental-equipment.us\/?s={search_term_string}"},"query-input":{"@type":"PropertyValueSpecification","valueRequired":true,"valueName":"search_term_string"}}],"inLanguage":"es"}]}},"_links":{"self":[{"href":"https:\/\/www.horse-dental-equipment.us\/es\/wp-json\/wp\/v2\/product\/3049","targetHints":{"allow":["GET"]}}],"collection":[{"href":"https:\/\/www.horse-dental-equipment.us\/es\/wp-json\/wp\/v2\/product"}],"about":[{"href":"https:\/\/www.horse-dental-equipment.us\/es\/wp-json\/wp\/v2\/types\/product"}],"replies":[{"embeddable":true,"href":"https:\/\/www.horse-dental-equipment.us\/es\/wp-json\/wp\/v2\/comments?post=3049"}],"wp:featuredmedia":[{"embeddable":true,"href":"https:\/\/www.horse-dental-equipment.us\/es\/wp-json\/wp\/v2\/media\/4551"}],"wp:attachment":[{"href":"https:\/\/www.horse-dental-equipment.us\/es\/wp-json\/wp\/v2\/media?parent=3049"}],"wp:term":[{"taxonomy":"product_brand","embeddable":true,"href":"https:\/\/www.horse-dental-equipment.us\/es\/wp-json\/wp\/v2\/product_brand?post=3049"},{"taxonomy":"product_cat","embeddable":true,"href":"https:\/\/www.horse-dental-equipment.us\/es\/wp-json\/wp\/v2\/product_cat?post=3049"},{"taxonomy":"product_tag","embeddable":true,"href":"https:\/\/www.horse-dental-equipment.us\/es\/wp-json\/wp\/v2\/product_tag?post=3049"}],"curies":[{"name":"wp","href":"https:\/\/api.w.org\/{rel}","templated":true}]}}