{"id":3025,"date":"2020-07-08T15:26:51","date_gmt":"2020-07-08T13:26:51","guid":{"rendered":"http:\/\/www.horse-dental-equipment.us\/produit\/3-roots-molar-forceps-onside\/"},"modified":"2025-07-01T09:11:09","modified_gmt":"2025-07-01T07:11:09","slug":"forceps-3-pinzas-fragmentos-derecha","status":"publish","type":"product","link":"https:\/\/www.horse-dental-equipment.us\/es\/producto\/forceps-3-pinzas-fragmentos-derecha\/","title":{"rendered":"F\u00f3rceps 3 Pinzas para Fragmentos (derecha)"},"content":{"rendered":"<p>Sirve para la extracci\u00f3n de molares fracturadas. Se cera casi totalmente, lo que permite coger fragmentos de peque\u00f1as dimensiones.<br>El agarre se hace en 3 puntos y se adapta perfectamente a un fragmento de forma triangular.<br \/>\nEl lado con 2 bits se pone en la parte derecha del molar y el tercer bit se pone en la parte fragmentada.<br \/>\n\u2022 Longitud: 53,5 cm<br>\u2022 Peso: 1,8 kg<br>\u2022 2 modelos diferentes (derecha e izquierda)<br>\u2022 Sirve para la extracci\u00f3n de molares fracturadas<br \/>\nModelo izquierda: DAV_F3BG<br>Modelo derecha: DAV_F3B<br \/>\nCalidad acero inoxidable.<\/p>\n<p><strong>Referencia de Jorgensen:<\/strong> J1093ho<\/p>","protected":false},"excerpt":{"rendered":"<p>Its three-point grip is perfect for removing fractured tooth. The side with the two points is positioned on the left or the right side of the tooth (depending on the forceps) and the other on the fractured side. For lower right molars and upper left molars. For complete instrumentation, it is recommended to be purchased [&hellip;]<\/p>\n","protected":false},"featured_media":4622,"comment_status":"closed","ping_status":"closed","template":"","meta":{"_acf_changed":false},"product_brand":[],"product_cat":[100,79],"product_tag":[],"class_list":{"0":"post-3025","1":"product","2":"type-product","3":"status-publish","4":"has-post-thumbnail","6":"product_cat-molars-extraction","7":"product_cat-stomatology","9":"first","10":"instock","11":"purchasable","12":"product-type-simple"},"acf":[],"yoast_head":"<!-- This site is optimized with the Yoast SEO plugin v27.4 - https:\/\/yoast.com\/product\/yoast-seo-wordpress\/ -->\n<title>3 Roots Molar Forceps (onside) - Horse Dental Equipment<\/title>\n<meta name=\"description\" content=\"Its three-point grip is perfect for removing fractured tooth. The side with the two points is positioned on the left or the right side of the tooth...\" \/>\n<meta name=\"robots\" content=\"index, follow, max-snippet:-1, max-image-preview:large, max-video-preview:-1\" \/>\n<link rel=\"canonical\" href=\"https:\/\/www.horse-dental-equipment.us\/es\/producto\/forceps-3-pinzas-fragmentos-derecha\/\" \/>\n<meta property=\"og:locale\" content=\"es_MX\" \/>\n<meta property=\"og:type\" content=\"article\" \/>\n<meta property=\"og:title\" content=\"3 Roots Molar Forceps (onside) - Horse Dental Equipment\" \/>\n<meta property=\"og:description\" content=\"Its three-point grip is perfect for removing fractured tooth. The side with the two points is positioned on the left or the right side of the tooth...\" \/>\n<meta property=\"og:url\" content=\"https:\/\/www.horse-dental-equipment.us\/es\/producto\/forceps-3-pinzas-fragmentos-derecha\/\" \/>\n<meta property=\"og:site_name\" content=\"Horse Dental Equipment\" \/>\n<meta property=\"article:modified_time\" content=\"2025-07-01T07:11:09+00:00\" \/>\n<meta property=\"og:image\" content=\"https:\/\/www.horse-dental-equipment.us\/wp-content\/uploads\/2020\/07\/DAV_F3B.png\" \/>\n\t<meta property=\"og:image:width\" content=\"800\" \/>\n\t<meta property=\"og:image:height\" content=\"619\" \/>\n\t<meta property=\"og:image:type\" content=\"image\/png\" \/>\n<meta name=\"twitter:card\" content=\"summary_large_image\" \/>\n<meta name=\"twitter:label1\" content=\"Tiempo de lectura\" \/>\n\t<meta name=\"twitter:data1\" content=\"1 minuto\" \/>\n<script type=\"application\/ld+json\" class=\"yoast-schema-graph\">{\"@context\":\"https:\\\/\\\/schema.org\",\"@graph\":[{\"@type\":\"WebPage\",\"@id\":\"https:\\\/\\\/www.horse-dental-equipment.us\\\/product\\\/3-roots-molar-forceps-onside\\\/\",\"url\":\"https:\\\/\\\/www.horse-dental-equipment.us\\\/product\\\/3-roots-molar-forceps-onside\\\/\",\"name\":\"3 Roots Molar Forceps (onside) - Horse Dental Equipment\",\"isPartOf\":{\"@id\":\"https:\\\/\\\/www.horse-dental-equipment.us\\\/#website\"},\"primaryImageOfPage\":{\"@id\":\"https:\\\/\\\/www.horse-dental-equipment.us\\\/product\\\/3-roots-molar-forceps-onside\\\/#primaryimage\"},\"image\":{\"@id\":\"https:\\\/\\\/www.horse-dental-equipment.us\\\/product\\\/3-roots-molar-forceps-onside\\\/#primaryimage\"},\"thumbnailUrl\":\"https:\\\/\\\/www.horse-dental-equipment.us\\\/wp-content\\\/uploads\\\/2020\\\/07\\\/DAV_F3B.png\",\"datePublished\":\"2020-07-08T13:26:51+00:00\",\"dateModified\":\"2025-07-01T07:11:09+00:00\",\"description\":\"Its three-point grip is perfect for removing fractured tooth. The side with the two points is positioned on the left or the right side of the tooth...\",\"breadcrumb\":{\"@id\":\"https:\\\/\\\/www.horse-dental-equipment.us\\\/product\\\/3-roots-molar-forceps-onside\\\/#breadcrumb\"},\"inLanguage\":\"es\",\"potentialAction\":[{\"@type\":\"ReadAction\",\"target\":[\"https:\\\/\\\/www.horse-dental-equipment.us\\\/product\\\/3-roots-molar-forceps-onside\\\/\"]}]},{\"@type\":\"ImageObject\",\"inLanguage\":\"es\",\"@id\":\"https:\\\/\\\/www.horse-dental-equipment.us\\\/product\\\/3-roots-molar-forceps-onside\\\/#primaryimage\",\"url\":\"https:\\\/\\\/www.horse-dental-equipment.us\\\/wp-content\\\/uploads\\\/2020\\\/07\\\/DAV_F3B.png\",\"contentUrl\":\"https:\\\/\\\/www.horse-dental-equipment.us\\\/wp-content\\\/uploads\\\/2020\\\/07\\\/DAV_F3B.png\",\"width\":800,\"height\":619,\"caption\":\"3 Roots Molar Forceps (onside)\"},{\"@type\":\"BreadcrumbList\",\"@id\":\"https:\\\/\\\/www.horse-dental-equipment.us\\\/product\\\/3-roots-molar-forceps-onside\\\/#breadcrumb\",\"itemListElement\":[{\"@type\":\"ListItem\",\"position\":1,\"name\":\"Home\",\"item\":\"https:\\\/\\\/www.horse-dental-equipment.us\\\/\"},{\"@type\":\"ListItem\",\"position\":2,\"name\":\"Products\",\"item\":\"https:\\\/\\\/www.horse-dental-equipment.us\\\/products\\\/\"},{\"@type\":\"ListItem\",\"position\":3,\"name\":\"3 Roots Molar Forceps (onside)\"}]},{\"@type\":\"WebSite\",\"@id\":\"https:\\\/\\\/www.horse-dental-equipment.us\\\/#website\",\"url\":\"https:\\\/\\\/www.horse-dental-equipment.us\\\/\",\"name\":\"Horse Dental Equipment\",\"description\":\"Your partner to develop your equine dentistry business\",\"potentialAction\":[{\"@type\":\"SearchAction\",\"target\":{\"@type\":\"EntryPoint\",\"urlTemplate\":\"https:\\\/\\\/www.horse-dental-equipment.us\\\/?s={search_term_string}\"},\"query-input\":{\"@type\":\"PropertyValueSpecification\",\"valueRequired\":true,\"valueName\":\"search_term_string\"}}],\"inLanguage\":\"es\"}]}<\/script>\n<!-- \/ Yoast SEO plugin. -->","yoast_head_json":{"title":"F\u00f3rceps 3 Pinzas para Fragmentos (derecha) - Horse Dental Equipment","description":"Sirve para la extraccion de molares fracturadas. Se cera casi totalmente, lo que permite coger fragmentos de peque\u00f1as dimensiones.\nEl agarre se hace en 3 puntos y se adapta perfectamente a un fragmento de forma triangular.","robots":{"index":"index","follow":"follow","max-snippet":"max-snippet:-1","max-image-preview":"max-image-preview:large","max-video-preview":"max-video-preview:-1"},"canonical":"https:\/\/www.horse-dental-equipment.us\/es\/producto\/forceps-3-pinzas-fragmentos-derecha\/","og_locale":"es_MX","og_type":"article","og_title":"3 Roots Molar Forceps (onside) - Horse Dental Equipment","og_description":"Its three-point grip is perfect for removing fractured tooth. The side with the two points is positioned on the left or the right side of the tooth...","og_url":"https:\/\/www.horse-dental-equipment.us\/es\/producto\/forceps-3-pinzas-fragmentos-derecha\/","og_site_name":"Horse Dental Equipment","article_modified_time":"2025-07-01T07:11:09+00:00","og_image":[{"width":800,"height":619,"url":"https:\/\/www.horse-dental-equipment.us\/wp-content\/uploads\/2020\/07\/DAV_F3B.png","type":"image\/png"}],"twitter_card":"summary_large_image","twitter_misc":{"Tiempo de lectura":"1 minuto"},"schema":{"@context":"https:\/\/schema.org","@graph":[{"@type":"WebPage","@id":"https:\/\/www.horse-dental-equipment.us\/product\/3-roots-molar-forceps-onside\/","url":"https:\/\/www.horse-dental-equipment.us\/product\/3-roots-molar-forceps-onside\/","name":"F\u00f3rceps 3 Pinzas para Fragmentos (derecha) - Horse Dental Equipment","isPartOf":{"@id":"https:\/\/www.horse-dental-equipment.us\/#website"},"primaryImageOfPage":{"@id":"https:\/\/www.horse-dental-equipment.us\/product\/3-roots-molar-forceps-onside\/#primaryimage"},"image":{"@id":"https:\/\/www.horse-dental-equipment.us\/product\/3-roots-molar-forceps-onside\/#primaryimage"},"thumbnailUrl":"https:\/\/www.horse-dental-equipment.us\/wp-content\/uploads\/2020\/07\/DAV_F3B.png","datePublished":"2020-07-08T13:26:51+00:00","dateModified":"2025-07-01T07:11:09+00:00","description":"Sirve para la extraccion de molares fracturadas. Se cera casi totalmente, lo que permite coger fragmentos de peque\u00f1as dimensiones.\nEl agarre se hace en 3 puntos y se adapta perfectamente a un fragmento de forma triangular.","breadcrumb":{"@id":"https:\/\/www.horse-dental-equipment.us\/product\/3-roots-molar-forceps-onside\/#breadcrumb"},"inLanguage":"es","potentialAction":[{"@type":"ReadAction","target":["https:\/\/www.horse-dental-equipment.us\/product\/3-roots-molar-forceps-onside\/"]}]},{"@type":"ImageObject","inLanguage":"es","@id":"https:\/\/www.horse-dental-equipment.us\/product\/3-roots-molar-forceps-onside\/#primaryimage","url":"https:\/\/www.horse-dental-equipment.us\/wp-content\/uploads\/2020\/07\/DAV_F3B.png","contentUrl":"https:\/\/www.horse-dental-equipment.us\/wp-content\/uploads\/2020\/07\/DAV_F3B.png","width":800,"height":619,"caption":"3 Roots Molar Forceps (onside)"},{"@type":"BreadcrumbList","@id":"https:\/\/www.horse-dental-equipment.us\/product\/3-roots-molar-forceps-onside\/#breadcrumb","itemListElement":[{"@type":"ListItem","position":1,"name":"Home","item":"https:\/\/www.horse-dental-equipment.us\/"},{"@type":"ListItem","position":2,"name":"Products","item":"https:\/\/www.horse-dental-equipment.us\/products\/"},{"@type":"ListItem","position":3,"name":"3 Roots Molar Forceps (onside)"}]},{"@type":"WebSite","@id":"https:\/\/www.horse-dental-equipment.us\/#website","url":"https:\/\/www.horse-dental-equipment.us\/","name":"Horse Dental Equipment","description":"Your partner to develop your equine dentistry business","potentialAction":[{"@type":"SearchAction","target":{"@type":"EntryPoint","urlTemplate":"https:\/\/www.horse-dental-equipment.us\/?s={search_term_string}"},"query-input":{"@type":"PropertyValueSpecification","valueRequired":true,"valueName":"search_term_string"}}],"inLanguage":"es"}]}},"_links":{"self":[{"href":"https:\/\/www.horse-dental-equipment.us\/es\/wp-json\/wp\/v2\/product\/3025","targetHints":{"allow":["GET"]}}],"collection":[{"href":"https:\/\/www.horse-dental-equipment.us\/es\/wp-json\/wp\/v2\/product"}],"about":[{"href":"https:\/\/www.horse-dental-equipment.us\/es\/wp-json\/wp\/v2\/types\/product"}],"replies":[{"embeddable":true,"href":"https:\/\/www.horse-dental-equipment.us\/es\/wp-json\/wp\/v2\/comments?post=3025"}],"wp:featuredmedia":[{"embeddable":true,"href":"https:\/\/www.horse-dental-equipment.us\/es\/wp-json\/wp\/v2\/media\/4622"}],"wp:attachment":[{"href":"https:\/\/www.horse-dental-equipment.us\/es\/wp-json\/wp\/v2\/media?parent=3025"}],"wp:term":[{"taxonomy":"product_brand","embeddable":true,"href":"https:\/\/www.horse-dental-equipment.us\/es\/wp-json\/wp\/v2\/product_brand?post=3025"},{"taxonomy":"product_cat","embeddable":true,"href":"https:\/\/www.horse-dental-equipment.us\/es\/wp-json\/wp\/v2\/product_cat?post=3025"},{"taxonomy":"product_tag","embeddable":true,"href":"https:\/\/www.horse-dental-equipment.us\/es\/wp-json\/wp\/v2\/product_tag?post=3025"}],"curies":[{"name":"wp","href":"https:\/\/api.w.org\/{rel}","templated":true}]}}