{"id":3005,"date":"2020-07-08T15:26:48","date_gmt":"2020-07-08T13:26:48","guid":{"rendered":"http:\/\/www.horse-dental-equipment.us\/produit\/polyfloat-conical-burr-short-model\/"},"modified":"2025-10-29T14:11:40","modified_gmt":"2025-10-29T13:11:40","slug":"classic-fresa-conica-corta","status":"publish","type":"product","link":"https:\/\/www.horse-dental-equipment.us\/es\/producto\/classic-fresa-conica-corta\/","title":{"rendered":"CLASSIC - Fresa C\u00f3nica Corta"},"content":{"rendered":"<p>HDE ofrece 2 fresas diamantadas Classic de diferentes tama\u00f1os y formas, desarrolladas espec\u00edficamente para tratamientos de caries.<br \/>\nElija entre Polyfloat Classic c\u00f3nica larga (15 mm) y corta (9 mm).<br \/>\nEl diamante minimiza el da\u00f1o a los tejidos blandos.<br \/>\n\u2022 Longitud: 9 mm<\/p>\n<p>Esta fresa solo es compatible con las fresas Polyfloat CLASSIC.<\/p>\n<p>Disponible hasta fin de stock.<\/p>\n<p><strong>Referencia de Jorgensen:\u00a0<\/strong>J1412d19<\/p>","protected":false},"excerpt":{"rendered":"<p>HDE offers 2 Classic burrs of different sizes and shapes, specifically developed for decay treatments. Choose from either Classic Polyfloat conical long (15 mm) or short (9 mm). Diamond minimizes soft tissues damage. \u2022 Height: 1\/2 inch This burr is compatible only with CLASSIC Polyfloat handpieces. Available while stocks last. Jorgensen&#8217;s reference:\u00a0J1412d19<\/p>","protected":false},"featured_media":4525,"comment_status":"closed","ping_status":"closed","template":"","meta":{"_acf_changed":false},"product_brand":[],"product_cat":[81,82],"product_tag":[],"class_list":{"0":"post-3005","1":"product","2":"type-product","3":"status-publish","4":"has-post-thumbnail","6":"product_cat-individual-motorized-instruments","7":"product_cat-polyfloat-polyfloat-burrs","9":"first","10":"instock","11":"purchasable","12":"product-type-simple"},"acf":[],"yoast_head":"<!-- This site is optimized with the Yoast SEO plugin v27.3 - https:\/\/yoast.com\/product\/yoast-seo-wordpress\/ -->\n<title>CLASSIC - Conical Burr Short - Horse Dental Equipment<\/title>\n<meta name=\"description\" content=\"HDE offers 2 Classic burrs of different sizes and shapes, specifically developed for decay treatments. Choose from either Classic Polyfloat conical long\" \/>\n<meta name=\"robots\" content=\"index, follow, max-snippet:-1, max-image-preview:large, max-video-preview:-1\" \/>\n<link rel=\"canonical\" href=\"https:\/\/www.horse-dental-equipment.us\/es\/producto\/classic-fresa-conica-corta\/\" \/>\n<meta property=\"og:locale\" content=\"es_MX\" \/>\n<meta property=\"og:type\" content=\"article\" \/>\n<meta property=\"og:title\" content=\"CLASSIC - Conical Burr Short - Horse Dental Equipment\" \/>\n<meta property=\"og:description\" content=\"HDE offers 2 Classic burrs of different sizes and shapes, specifically developed for decay treatments. Choose from either Classic Polyfloat conical long\" \/>\n<meta property=\"og:url\" content=\"https:\/\/www.horse-dental-equipment.us\/es\/producto\/classic-fresa-conica-corta\/\" \/>\n<meta property=\"og:site_name\" content=\"Horse Dental Equipment\" \/>\n<meta property=\"article:modified_time\" content=\"2025-10-29T13:11:40+00:00\" \/>\n<meta property=\"og:image\" content=\"https:\/\/www.horse-dental-equipment.us\/wp-content\/uploads\/2020\/07\/FRA_COCV2.png\" \/>\n\t<meta property=\"og:image:width\" content=\"800\" \/>\n\t<meta property=\"og:image:height\" content=\"619\" \/>\n\t<meta property=\"og:image:type\" content=\"image\/png\" \/>\n<meta name=\"twitter:card\" content=\"summary_large_image\" \/>\n<meta name=\"twitter:label1\" content=\"Tiempo de lectura\" \/>\n\t<meta name=\"twitter:data1\" content=\"1 minuto\" \/>\n<script type=\"application\/ld+json\" class=\"yoast-schema-graph\">{\"@context\":\"https:\\\/\\\/schema.org\",\"@graph\":[{\"@type\":\"WebPage\",\"@id\":\"https:\\\/\\\/www.horse-dental-equipment.us\\\/product\\\/classic-conical-burr-short\\\/\",\"url\":\"https:\\\/\\\/www.horse-dental-equipment.us\\\/product\\\/classic-conical-burr-short\\\/\",\"name\":\"CLASSIC - Conical Burr Short - Horse Dental Equipment\",\"isPartOf\":{\"@id\":\"https:\\\/\\\/www.horse-dental-equipment.us\\\/#website\"},\"primaryImageOfPage\":{\"@id\":\"https:\\\/\\\/www.horse-dental-equipment.us\\\/product\\\/classic-conical-burr-short\\\/#primaryimage\"},\"image\":{\"@id\":\"https:\\\/\\\/www.horse-dental-equipment.us\\\/product\\\/classic-conical-burr-short\\\/#primaryimage\"},\"thumbnailUrl\":\"https:\\\/\\\/www.horse-dental-equipment.us\\\/wp-content\\\/uploads\\\/2020\\\/07\\\/FRA_COCV2.png\",\"datePublished\":\"2020-07-08T13:26:48+00:00\",\"dateModified\":\"2025-10-29T13:11:40+00:00\",\"description\":\"HDE offers 2 Classic burrs of different sizes and shapes, specifically developed for decay treatments. Choose from either Classic Polyfloat conical long\",\"breadcrumb\":{\"@id\":\"https:\\\/\\\/www.horse-dental-equipment.us\\\/product\\\/classic-conical-burr-short\\\/#breadcrumb\"},\"inLanguage\":\"es\",\"potentialAction\":[{\"@type\":\"ReadAction\",\"target\":[\"https:\\\/\\\/www.horse-dental-equipment.us\\\/product\\\/classic-conical-burr-short\\\/\"]}]},{\"@type\":\"ImageObject\",\"inLanguage\":\"es\",\"@id\":\"https:\\\/\\\/www.horse-dental-equipment.us\\\/product\\\/classic-conical-burr-short\\\/#primaryimage\",\"url\":\"https:\\\/\\\/www.horse-dental-equipment.us\\\/wp-content\\\/uploads\\\/2020\\\/07\\\/FRA_COCV2.png\",\"contentUrl\":\"https:\\\/\\\/www.horse-dental-equipment.us\\\/wp-content\\\/uploads\\\/2020\\\/07\\\/FRA_COCV2.png\",\"width\":800,\"height\":619,\"caption\":\"CLASSIC - Conical Burr Long\"},{\"@type\":\"BreadcrumbList\",\"@id\":\"https:\\\/\\\/www.horse-dental-equipment.us\\\/product\\\/classic-conical-burr-short\\\/#breadcrumb\",\"itemListElement\":[{\"@type\":\"ListItem\",\"position\":1,\"name\":\"Home\",\"item\":\"https:\\\/\\\/www.horse-dental-equipment.us\\\/\"},{\"@type\":\"ListItem\",\"position\":2,\"name\":\"Products\",\"item\":\"https:\\\/\\\/www.horse-dental-equipment.us\\\/products\\\/\"},{\"@type\":\"ListItem\",\"position\":3,\"name\":\"CLASSIC &#8211; Conical Burr Short\"}]},{\"@type\":\"WebSite\",\"@id\":\"https:\\\/\\\/www.horse-dental-equipment.us\\\/#website\",\"url\":\"https:\\\/\\\/www.horse-dental-equipment.us\\\/\",\"name\":\"Horse Dental Equipment\",\"description\":\"Your partner to develop your equine dentistry business\",\"potentialAction\":[{\"@type\":\"SearchAction\",\"target\":{\"@type\":\"EntryPoint\",\"urlTemplate\":\"https:\\\/\\\/www.horse-dental-equipment.us\\\/?s={search_term_string}\"},\"query-input\":{\"@type\":\"PropertyValueSpecification\",\"valueRequired\":true,\"valueName\":\"search_term_string\"}}],\"inLanguage\":\"es\"}]}<\/script>\n<!-- \/ Yoast SEO plugin. -->","yoast_head_json":{"title":"CLASSIC - Fresa C\u00f3nica Corta - Horse Dental Equipment","description":"HDE ofrece 2 fresas diamantadas Classic de diferentes tama\u00f1os y formas, desarrolladas especificamente para tratamientos de caries.\nElija entre Polyfloat Classic conica larga (15 mm) y corta (9 mm).","robots":{"index":"index","follow":"follow","max-snippet":"max-snippet:-1","max-image-preview":"max-image-preview:large","max-video-preview":"max-video-preview:-1"},"canonical":"https:\/\/www.horse-dental-equipment.us\/es\/producto\/classic-fresa-conica-corta\/","og_locale":"es_MX","og_type":"article","og_title":"CLASSIC - Conical Burr Short - Horse Dental Equipment","og_description":"HDE offers 2 Classic burrs of different sizes and shapes, specifically developed for decay treatments. Choose from either Classic Polyfloat conical long","og_url":"https:\/\/www.horse-dental-equipment.us\/es\/producto\/classic-fresa-conica-corta\/","og_site_name":"Horse Dental Equipment","article_modified_time":"2025-10-29T13:11:40+00:00","og_image":[{"width":800,"height":619,"url":"https:\/\/www.horse-dental-equipment.us\/wp-content\/uploads\/2020\/07\/FRA_COCV2.png","type":"image\/png"}],"twitter_card":"summary_large_image","twitter_misc":{"Tiempo de lectura":"1 minuto"},"schema":{"@context":"https:\/\/schema.org","@graph":[{"@type":"WebPage","@id":"https:\/\/www.horse-dental-equipment.us\/product\/classic-conical-burr-short\/","url":"https:\/\/www.horse-dental-equipment.us\/product\/classic-conical-burr-short\/","name":"CLASSIC - Fresa C\u00f3nica Corta - Horse Dental Equipment","isPartOf":{"@id":"https:\/\/www.horse-dental-equipment.us\/#website"},"primaryImageOfPage":{"@id":"https:\/\/www.horse-dental-equipment.us\/product\/classic-conical-burr-short\/#primaryimage"},"image":{"@id":"https:\/\/www.horse-dental-equipment.us\/product\/classic-conical-burr-short\/#primaryimage"},"thumbnailUrl":"https:\/\/www.horse-dental-equipment.us\/wp-content\/uploads\/2020\/07\/FRA_COCV2.png","datePublished":"2020-07-08T13:26:48+00:00","dateModified":"2025-10-29T13:11:40+00:00","description":"HDE ofrece 2 fresas diamantadas Classic de diferentes tama\u00f1os y formas, desarrolladas especificamente para tratamientos de caries.\nElija entre Polyfloat Classic conica larga (15 mm) y corta (9 mm).","breadcrumb":{"@id":"https:\/\/www.horse-dental-equipment.us\/product\/classic-conical-burr-short\/#breadcrumb"},"inLanguage":"es","potentialAction":[{"@type":"ReadAction","target":["https:\/\/www.horse-dental-equipment.us\/product\/classic-conical-burr-short\/"]}]},{"@type":"ImageObject","inLanguage":"es","@id":"https:\/\/www.horse-dental-equipment.us\/product\/classic-conical-burr-short\/#primaryimage","url":"https:\/\/www.horse-dental-equipment.us\/wp-content\/uploads\/2020\/07\/FRA_COCV2.png","contentUrl":"https:\/\/www.horse-dental-equipment.us\/wp-content\/uploads\/2020\/07\/FRA_COCV2.png","width":800,"height":619,"caption":"CLASSIC - Conical Burr Long"},{"@type":"BreadcrumbList","@id":"https:\/\/www.horse-dental-equipment.us\/product\/classic-conical-burr-short\/#breadcrumb","itemListElement":[{"@type":"ListItem","position":1,"name":"Home","item":"https:\/\/www.horse-dental-equipment.us\/"},{"@type":"ListItem","position":2,"name":"Products","item":"https:\/\/www.horse-dental-equipment.us\/products\/"},{"@type":"ListItem","position":3,"name":"CLASSIC &#8211; Conical Burr Short"}]},{"@type":"WebSite","@id":"https:\/\/www.horse-dental-equipment.us\/#website","url":"https:\/\/www.horse-dental-equipment.us\/","name":"Horse Dental Equipment","description":"Your partner to develop your equine dentistry business","potentialAction":[{"@type":"SearchAction","target":{"@type":"EntryPoint","urlTemplate":"https:\/\/www.horse-dental-equipment.us\/?s={search_term_string}"},"query-input":{"@type":"PropertyValueSpecification","valueRequired":true,"valueName":"search_term_string"}}],"inLanguage":"es"}]}},"_links":{"self":[{"href":"https:\/\/www.horse-dental-equipment.us\/es\/wp-json\/wp\/v2\/product\/3005","targetHints":{"allow":["GET"]}}],"collection":[{"href":"https:\/\/www.horse-dental-equipment.us\/es\/wp-json\/wp\/v2\/product"}],"about":[{"href":"https:\/\/www.horse-dental-equipment.us\/es\/wp-json\/wp\/v2\/types\/product"}],"replies":[{"embeddable":true,"href":"https:\/\/www.horse-dental-equipment.us\/es\/wp-json\/wp\/v2\/comments?post=3005"}],"wp:featuredmedia":[{"embeddable":true,"href":"https:\/\/www.horse-dental-equipment.us\/es\/wp-json\/wp\/v2\/media\/4525"}],"wp:attachment":[{"href":"https:\/\/www.horse-dental-equipment.us\/es\/wp-json\/wp\/v2\/media?parent=3005"}],"wp:term":[{"taxonomy":"product_brand","embeddable":true,"href":"https:\/\/www.horse-dental-equipment.us\/es\/wp-json\/wp\/v2\/product_brand?post=3005"},{"taxonomy":"product_cat","embeddable":true,"href":"https:\/\/www.horse-dental-equipment.us\/es\/wp-json\/wp\/v2\/product_cat?post=3005"},{"taxonomy":"product_tag","embeddable":true,"href":"https:\/\/www.horse-dental-equipment.us\/es\/wp-json\/wp\/v2\/product_tag?post=3005"}],"curies":[{"name":"wp","href":"https:\/\/api.w.org\/{rel}","templated":true}]}}