{"id":2999,"date":"2020-07-08T15:26:48","date_gmt":"2020-07-08T13:26:48","guid":{"rendered":"http:\/\/www.horse-dental-equipment.us\/produit\/flexxidisc-long-curved-twist\/"},"modified":"2026-04-17T14:33:28","modified_gmt":"2026-04-17T12:33:28","slug":"flexxidisc-classic-larga-curva-twist","status":"publish","type":"product","link":"https:\/\/www.horse-dental-equipment.us\/es\/producto\/flexxidisc-classic-larga-curva-twist\/","title":{"rendered":"Flexxidisc CLASSIC Larga Curva Twist"},"content":{"rendered":"<p>El Flexxidisc es una fresa polivalente que se adapta perfectamente a la nivelaci\u00f3n eficaz de los sobredientes, as\u00ed como perfilado de rutina.<br \/>\nExiste en diferentes formas y tama\u00f1os adaptados a cada tipo de pr\u00e1ctica odontol\u00f3gica.<br \/>\nEl cabezal giratorio de 360\u00b0 permite un acceso \u00f3ptimo (sistema de giro solo en la versi\u00f3n curva).<br \/>\nTambi\u00e9n disponible en 28 mm de di\u00e1metro y en diferentes granos de diamante.<\/p>\n<p>\u2022 Longitud: 54 cm<br \/>\n\u2022 Di\u00e1metro del disco: 3,18 cm<br \/>\n\u2022 Altura de la cabeza: 2,54 cm por 1,27 cm<br \/>\n\u2022 Peso: 870 g<\/p>\n<p><strong>Referencia de Jorgensen:\u00a0<\/strong>J1413d7<\/p>\n<p><iframe title=\"vimeo-player\" src=\"https:\/\/player.vimeo.com\/video\/942283475?h=6b5c7e55e5\" width=\"640\" height=\"360\" frameborder=\"0\" allowfullscreen=\"allowfullscreen\"><\/iframe><\/p>\n<p>How to use the HDE Flexxidisc handpiece? &#8211; Dr Carolyn Perkins &#8211; HDE Vet Ambassador<\/p>","protected":false},"excerpt":{"rendered":"<p>The Flexxidisc is a versatile handpiece perfectly adapted for an efficient work on overgrowths as well as for routine profiling. It exists in different shapes and sizes adapted to every type of dentistry practice. The 360\u00b0 rotating head allows optimal access (twist system on the curved version only). Also available in diameter 1.1 inch and [&hellip;]<\/p>\n","protected":false},"featured_media":4504,"comment_status":"closed","ping_status":"closed","template":"","meta":{"_acf_changed":false},"product_brand":[],"product_cat":[85,81],"product_tag":[],"class_list":{"0":"post-2999","1":"product","2":"type-product","3":"status-publish","4":"has-post-thumbnail","6":"product_cat-flexxidisc","7":"product_cat-individual-motorized-instruments","9":"first","10":"instock","11":"purchasable","12":"product-type-simple"},"acf":[],"yoast_head":"<!-- This site is optimized with the Yoast SEO plugin v27.4 - https:\/\/yoast.com\/product\/yoast-seo-wordpress\/ -->\n<title>CLASSIC Flexxidisc Long Curved Twist - Horse Dental Equipment<\/title>\n<meta name=\"description\" content=\"The Flexxidisc is a versatile handpiece perfectly adapted for an efficient work on overgrowths as well as for routine profiling. It exists in different...\" \/>\n<meta name=\"robots\" content=\"index, follow, max-snippet:-1, max-image-preview:large, max-video-preview:-1\" \/>\n<link rel=\"canonical\" href=\"https:\/\/www.horse-dental-equipment.us\/es\/producto\/flexxidisc-classic-larga-curva-twist\/\" \/>\n<meta property=\"og:locale\" content=\"es_MX\" \/>\n<meta property=\"og:type\" content=\"article\" \/>\n<meta property=\"og:title\" content=\"CLASSIC Flexxidisc Long Curved Twist - Horse Dental Equipment\" \/>\n<meta property=\"og:description\" content=\"The Flexxidisc is a versatile handpiece perfectly adapted for an efficient work on overgrowths as well as for routine profiling. It exists in different...\" \/>\n<meta property=\"og:url\" content=\"https:\/\/www.horse-dental-equipment.us\/es\/producto\/flexxidisc-classic-larga-curva-twist\/\" \/>\n<meta property=\"og:site_name\" content=\"Horse Dental Equipment\" \/>\n<meta property=\"article:modified_time\" content=\"2026-04-17T12:33:28+00:00\" \/>\n<meta property=\"og:image\" content=\"https:\/\/www.horse-dental-equipment.us\/wp-content\/uploads\/2020\/07\/FRA_GF8T.png\" \/>\n\t<meta property=\"og:image:width\" content=\"800\" \/>\n\t<meta property=\"og:image:height\" content=\"619\" \/>\n\t<meta property=\"og:image:type\" content=\"image\/png\" \/>\n<meta name=\"twitter:card\" content=\"summary_large_image\" \/>\n<meta name=\"twitter:label1\" content=\"Tiempo de lectura\" \/>\n\t<meta name=\"twitter:data1\" content=\"1 minuto\" \/>\n<script type=\"application\/ld+json\" class=\"yoast-schema-graph\">{\"@context\":\"https:\\\/\\\/schema.org\",\"@graph\":[{\"@type\":\"WebPage\",\"@id\":\"https:\\\/\\\/www.horse-dental-equipment.us\\\/product\\\/classic-flexxidisc-long-curved-twist\\\/\",\"url\":\"https:\\\/\\\/www.horse-dental-equipment.us\\\/product\\\/classic-flexxidisc-long-curved-twist\\\/\",\"name\":\"CLASSIC Flexxidisc Long Curved Twist - Horse Dental Equipment\",\"isPartOf\":{\"@id\":\"https:\\\/\\\/www.horse-dental-equipment.us\\\/#website\"},\"primaryImageOfPage\":{\"@id\":\"https:\\\/\\\/www.horse-dental-equipment.us\\\/product\\\/classic-flexxidisc-long-curved-twist\\\/#primaryimage\"},\"image\":{\"@id\":\"https:\\\/\\\/www.horse-dental-equipment.us\\\/product\\\/classic-flexxidisc-long-curved-twist\\\/#primaryimage\"},\"thumbnailUrl\":\"https:\\\/\\\/www.horse-dental-equipment.us\\\/wp-content\\\/uploads\\\/2020\\\/07\\\/FRA_GF8T.png\",\"datePublished\":\"2020-07-08T13:26:48+00:00\",\"dateModified\":\"2026-04-17T12:33:28+00:00\",\"description\":\"The Flexxidisc is a versatile handpiece perfectly adapted for an efficient work on overgrowths as well as for routine profiling. It exists in different...\",\"breadcrumb\":{\"@id\":\"https:\\\/\\\/www.horse-dental-equipment.us\\\/product\\\/classic-flexxidisc-long-curved-twist\\\/#breadcrumb\"},\"inLanguage\":\"es\",\"potentialAction\":[{\"@type\":\"ReadAction\",\"target\":[\"https:\\\/\\\/www.horse-dental-equipment.us\\\/product\\\/classic-flexxidisc-long-curved-twist\\\/\"]}]},{\"@type\":\"ImageObject\",\"inLanguage\":\"es\",\"@id\":\"https:\\\/\\\/www.horse-dental-equipment.us\\\/product\\\/classic-flexxidisc-long-curved-twist\\\/#primaryimage\",\"url\":\"https:\\\/\\\/www.horse-dental-equipment.us\\\/wp-content\\\/uploads\\\/2020\\\/07\\\/FRA_GF8T.png\",\"contentUrl\":\"https:\\\/\\\/www.horse-dental-equipment.us\\\/wp-content\\\/uploads\\\/2020\\\/07\\\/FRA_GF8T.png\",\"width\":800,\"height\":619,\"caption\":\"CLASSIC Flexxidisc Long Curved Twist\"},{\"@type\":\"BreadcrumbList\",\"@id\":\"https:\\\/\\\/www.horse-dental-equipment.us\\\/product\\\/classic-flexxidisc-long-curved-twist\\\/#breadcrumb\",\"itemListElement\":[{\"@type\":\"ListItem\",\"position\":1,\"name\":\"Home\",\"item\":\"https:\\\/\\\/www.horse-dental-equipment.us\\\/\"},{\"@type\":\"ListItem\",\"position\":2,\"name\":\"Products\",\"item\":\"https:\\\/\\\/www.horse-dental-equipment.us\\\/products\\\/\"},{\"@type\":\"ListItem\",\"position\":3,\"name\":\"CLASSIC Flexxidisc Long Curved Twist\"}]},{\"@type\":\"WebSite\",\"@id\":\"https:\\\/\\\/www.horse-dental-equipment.us\\\/#website\",\"url\":\"https:\\\/\\\/www.horse-dental-equipment.us\\\/\",\"name\":\"Horse Dental Equipment\",\"description\":\"Your partner to develop your equine dentistry business\",\"potentialAction\":[{\"@type\":\"SearchAction\",\"target\":{\"@type\":\"EntryPoint\",\"urlTemplate\":\"https:\\\/\\\/www.horse-dental-equipment.us\\\/?s={search_term_string}\"},\"query-input\":{\"@type\":\"PropertyValueSpecification\",\"valueRequired\":true,\"valueName\":\"search_term_string\"}}],\"inLanguage\":\"es\"}]}<\/script>\n<!-- \/ Yoast SEO plugin. -->","yoast_head_json":{"title":"Flexxidisc CLASSIC Larga Curva Twist - Horse Dental Equipment","description":"El Flexxidisc es una fresa polivalente que se adapta perfectamente a la nivelacion eficaz de los sobredientes, asi como perfilado de rutina.\nExiste en diferentes formas y tama\u00f1os adaptados a cada tipo de practica odontologica.","robots":{"index":"index","follow":"follow","max-snippet":"max-snippet:-1","max-image-preview":"max-image-preview:large","max-video-preview":"max-video-preview:-1"},"canonical":"https:\/\/www.horse-dental-equipment.us\/es\/producto\/flexxidisc-classic-larga-curva-twist\/","og_locale":"es_MX","og_type":"article","og_title":"CLASSIC Flexxidisc Long Curved Twist - Horse Dental Equipment","og_description":"The Flexxidisc is a versatile handpiece perfectly adapted for an efficient work on overgrowths as well as for routine profiling. It exists in different...","og_url":"https:\/\/www.horse-dental-equipment.us\/es\/producto\/flexxidisc-classic-larga-curva-twist\/","og_site_name":"Horse Dental Equipment","article_modified_time":"2026-04-17T12:33:28+00:00","og_image":[{"width":800,"height":619,"url":"https:\/\/www.horse-dental-equipment.us\/wp-content\/uploads\/2020\/07\/FRA_GF8T.png","type":"image\/png"}],"twitter_card":"summary_large_image","twitter_misc":{"Tiempo de lectura":"1 minuto"},"schema":{"@context":"https:\/\/schema.org","@graph":[{"@type":"WebPage","@id":"https:\/\/www.horse-dental-equipment.us\/product\/classic-flexxidisc-long-curved-twist\/","url":"https:\/\/www.horse-dental-equipment.us\/product\/classic-flexxidisc-long-curved-twist\/","name":"Flexxidisc CLASSIC Larga Curva Twist - Horse Dental Equipment","isPartOf":{"@id":"https:\/\/www.horse-dental-equipment.us\/#website"},"primaryImageOfPage":{"@id":"https:\/\/www.horse-dental-equipment.us\/product\/classic-flexxidisc-long-curved-twist\/#primaryimage"},"image":{"@id":"https:\/\/www.horse-dental-equipment.us\/product\/classic-flexxidisc-long-curved-twist\/#primaryimage"},"thumbnailUrl":"https:\/\/www.horse-dental-equipment.us\/wp-content\/uploads\/2020\/07\/FRA_GF8T.png","datePublished":"2020-07-08T13:26:48+00:00","dateModified":"2026-04-17T12:33:28+00:00","description":"El Flexxidisc es una fresa polivalente que se adapta perfectamente a la nivelacion eficaz de los sobredientes, asi como perfilado de rutina.\nExiste en diferentes formas y tama\u00f1os adaptados a cada tipo de practica odontologica.","breadcrumb":{"@id":"https:\/\/www.horse-dental-equipment.us\/product\/classic-flexxidisc-long-curved-twist\/#breadcrumb"},"inLanguage":"es","potentialAction":[{"@type":"ReadAction","target":["https:\/\/www.horse-dental-equipment.us\/product\/classic-flexxidisc-long-curved-twist\/"]}]},{"@type":"ImageObject","inLanguage":"es","@id":"https:\/\/www.horse-dental-equipment.us\/product\/classic-flexxidisc-long-curved-twist\/#primaryimage","url":"https:\/\/www.horse-dental-equipment.us\/wp-content\/uploads\/2020\/07\/FRA_GF8T.png","contentUrl":"https:\/\/www.horse-dental-equipment.us\/wp-content\/uploads\/2020\/07\/FRA_GF8T.png","width":800,"height":619,"caption":"CLASSIC Flexxidisc Long Curved Twist"},{"@type":"BreadcrumbList","@id":"https:\/\/www.horse-dental-equipment.us\/product\/classic-flexxidisc-long-curved-twist\/#breadcrumb","itemListElement":[{"@type":"ListItem","position":1,"name":"Home","item":"https:\/\/www.horse-dental-equipment.us\/"},{"@type":"ListItem","position":2,"name":"Products","item":"https:\/\/www.horse-dental-equipment.us\/products\/"},{"@type":"ListItem","position":3,"name":"CLASSIC Flexxidisc Long Curved Twist"}]},{"@type":"WebSite","@id":"https:\/\/www.horse-dental-equipment.us\/#website","url":"https:\/\/www.horse-dental-equipment.us\/","name":"Horse Dental Equipment","description":"Your partner to develop your equine dentistry business","potentialAction":[{"@type":"SearchAction","target":{"@type":"EntryPoint","urlTemplate":"https:\/\/www.horse-dental-equipment.us\/?s={search_term_string}"},"query-input":{"@type":"PropertyValueSpecification","valueRequired":true,"valueName":"search_term_string"}}],"inLanguage":"es"}]}},"_links":{"self":[{"href":"https:\/\/www.horse-dental-equipment.us\/es\/wp-json\/wp\/v2\/product\/2999","targetHints":{"allow":["GET"]}}],"collection":[{"href":"https:\/\/www.horse-dental-equipment.us\/es\/wp-json\/wp\/v2\/product"}],"about":[{"href":"https:\/\/www.horse-dental-equipment.us\/es\/wp-json\/wp\/v2\/types\/product"}],"replies":[{"embeddable":true,"href":"https:\/\/www.horse-dental-equipment.us\/es\/wp-json\/wp\/v2\/comments?post=2999"}],"wp:featuredmedia":[{"embeddable":true,"href":"https:\/\/www.horse-dental-equipment.us\/es\/wp-json\/wp\/v2\/media\/4504"}],"wp:attachment":[{"href":"https:\/\/www.horse-dental-equipment.us\/es\/wp-json\/wp\/v2\/media?parent=2999"}],"wp:term":[{"taxonomy":"product_brand","embeddable":true,"href":"https:\/\/www.horse-dental-equipment.us\/es\/wp-json\/wp\/v2\/product_brand?post=2999"},{"taxonomy":"product_cat","embeddable":true,"href":"https:\/\/www.horse-dental-equipment.us\/es\/wp-json\/wp\/v2\/product_cat?post=2999"},{"taxonomy":"product_tag","embeddable":true,"href":"https:\/\/www.horse-dental-equipment.us\/es\/wp-json\/wp\/v2\/product_tag?post=2999"}],"curies":[{"name":"wp","href":"https:\/\/api.w.org\/{rel}","templated":true}]}}