{"id":11312,"date":"2026-04-27T15:38:12","date_gmt":"2026-04-27T13:38:12","guid":{"rendered":"https:\/\/www.horse-dental-equipment.us\/?post_type=product&#038;p=11312"},"modified":"2026-04-27T15:38:12","modified_gmt":"2026-04-27T13:38:12","slug":"poni-lima-mandibular-angulo-5","status":"publish","type":"product","link":"https:\/\/www.horse-dental-equipment.us\/es\/producto\/poni-lima-mandibular-angulo-5\/","title":{"rendered":"Poni - Lima Mandibular - Angulo 5\u00b0"},"content":{"rendered":"<p>Estas limas han sido especialmente dise\u00f1adas para trabajar en ponis con bocas m\u00e1s peque\u00f1as.<br \/>\nLima mandibular, angulo 5\u00b0, 43 cm.<br \/>\nRecambio de 50 mm.<br \/>\nSe vende sin recambios.<br \/>\nF\u00e1cil de limpiar.<\/p>\n<p>Disponible hasta fin de stock.<\/p>","protected":false},"excerpt":{"rendered":"<p>These rasps have been specially designed to work on ponies with smaller mouths. Mandibulary rasp, angle 5\u00b0, 43 cm. 50 mm blades. Sold without blades. The rubber handles are easy to clean. Available while stocks last.<\/p>","protected":false},"featured_media":11313,"comment_status":"closed","ping_status":"closed","template":"","meta":{"_acf_changed":false},"product_brand":[],"product_cat":[458],"product_tag":[],"class_list":{"0":"post-11312","1":"product","2":"type-product","3":"status-publish","4":"has-post-thumbnail","6":"product_cat-destocking","8":"first","9":"instock","10":"sale","11":"shipping-taxable","12":"purchasable","13":"product-type-simple"},"acf":[],"yoast_head":"<!-- This site is optimized with the Yoast SEO plugin v27.5 - https:\/\/yoast.com\/product\/yoast-seo-wordpress\/ -->\n<title>Pony \u2013 Mandibulary Rasp \u2013 Angle 5\u00b0 - Horse Dental Equipment<\/title>\n<meta name=\"description\" content=\"These rasps have been specially designed to work on ponies with smaller mouths. Mandibulary rasp, angle 5\u00b0, 43 cm. 50 mm blades. Sold without blades.\" \/>\n<meta name=\"robots\" content=\"index, follow, max-snippet:-1, max-image-preview:large, max-video-preview:-1\" \/>\n<link rel=\"canonical\" href=\"https:\/\/www.horse-dental-equipment.us\/es\/producto\/poni-lima-mandibular-angulo-5\/\" \/>\n<meta property=\"og:locale\" content=\"es_MX\" \/>\n<meta property=\"og:type\" content=\"article\" \/>\n<meta property=\"og:title\" content=\"Pony \u2013 Mandibulary Rasp \u2013 Angle 5\u00b0 - Horse Dental Equipment\" \/>\n<meta property=\"og:description\" content=\"These rasps have been specially designed to work on ponies with smaller mouths. Mandibulary rasp, angle 5\u00b0, 43 cm. 50 mm blades. Sold without blades.\" \/>\n<meta property=\"og:url\" content=\"https:\/\/www.horse-dental-equipment.us\/es\/producto\/poni-lima-mandibular-angulo-5\/\" \/>\n<meta property=\"og:site_name\" content=\"Horse Dental Equipment\" \/>\n<meta property=\"og:image\" content=\"https:\/\/www.horse-dental-equipment.us\/wp-content\/uploads\/2026\/04\/RAP_BP3.jpg\" \/>\n\t<meta property=\"og:image:width\" content=\"800\" \/>\n\t<meta property=\"og:image:height\" content=\"619\" \/>\n\t<meta property=\"og:image:type\" content=\"image\/jpeg\" \/>\n<meta name=\"twitter:card\" content=\"summary_large_image\" \/>\n<meta name=\"twitter:label1\" content=\"Tiempo de lectura\" \/>\n\t<meta name=\"twitter:data1\" content=\"1 minuto\" \/>\n<script type=\"application\/ld+json\" class=\"yoast-schema-graph\">{\"@context\":\"https:\\\/\\\/schema.org\",\"@graph\":[{\"@type\":\"WebPage\",\"@id\":\"https:\\\/\\\/www.horse-dental-equipment.us\\\/product\\\/pony-mandibulary-rasp-angle-5\\\/\",\"url\":\"https:\\\/\\\/www.horse-dental-equipment.us\\\/product\\\/pony-mandibulary-rasp-angle-5\\\/\",\"name\":\"Pony \u2013 Mandibulary Rasp \u2013 Angle 5\u00b0 - Horse Dental Equipment\",\"isPartOf\":{\"@id\":\"https:\\\/\\\/www.horse-dental-equipment.us\\\/#website\"},\"primaryImageOfPage\":{\"@id\":\"https:\\\/\\\/www.horse-dental-equipment.us\\\/product\\\/pony-mandibulary-rasp-angle-5\\\/#primaryimage\"},\"image\":{\"@id\":\"https:\\\/\\\/www.horse-dental-equipment.us\\\/product\\\/pony-mandibulary-rasp-angle-5\\\/#primaryimage\"},\"thumbnailUrl\":\"https:\\\/\\\/www.horse-dental-equipment.us\\\/wp-content\\\/uploads\\\/2026\\\/04\\\/RAP_BP3.jpg\",\"datePublished\":\"2026-04-27T13:38:12+00:00\",\"description\":\"These rasps have been specially designed to work on ponies with smaller mouths. Mandibulary rasp, angle 5\u00b0, 43 cm. 50 mm blades. Sold without blades.\",\"breadcrumb\":{\"@id\":\"https:\\\/\\\/www.horse-dental-equipment.us\\\/product\\\/pony-mandibulary-rasp-angle-5\\\/#breadcrumb\"},\"inLanguage\":\"es\",\"potentialAction\":[{\"@type\":\"ReadAction\",\"target\":[\"https:\\\/\\\/www.horse-dental-equipment.us\\\/product\\\/pony-mandibulary-rasp-angle-5\\\/\"]}]},{\"@type\":\"ImageObject\",\"inLanguage\":\"es\",\"@id\":\"https:\\\/\\\/www.horse-dental-equipment.us\\\/product\\\/pony-mandibulary-rasp-angle-5\\\/#primaryimage\",\"url\":\"https:\\\/\\\/www.horse-dental-equipment.us\\\/wp-content\\\/uploads\\\/2026\\\/04\\\/RAP_BP3.jpg\",\"contentUrl\":\"https:\\\/\\\/www.horse-dental-equipment.us\\\/wp-content\\\/uploads\\\/2026\\\/04\\\/RAP_BP3.jpg\",\"width\":800,\"height\":619,\"caption\":\"Pony \u2013 Mandibulary Rasp \u2013 Angle 5\u00b0\"},{\"@type\":\"BreadcrumbList\",\"@id\":\"https:\\\/\\\/www.horse-dental-equipment.us\\\/product\\\/pony-mandibulary-rasp-angle-5\\\/#breadcrumb\",\"itemListElement\":[{\"@type\":\"ListItem\",\"position\":1,\"name\":\"Home\",\"item\":\"https:\\\/\\\/www.horse-dental-equipment.us\\\/\"},{\"@type\":\"ListItem\",\"position\":2,\"name\":\"Products\",\"item\":\"https:\\\/\\\/www.horse-dental-equipment.us\\\/products\\\/\"},{\"@type\":\"ListItem\",\"position\":3,\"name\":\"Pony \u2013 Mandibulary Rasp \u2013 Angle 5\u00b0\"}]},{\"@type\":\"WebSite\",\"@id\":\"https:\\\/\\\/www.horse-dental-equipment.us\\\/#website\",\"url\":\"https:\\\/\\\/www.horse-dental-equipment.us\\\/\",\"name\":\"Horse Dental Equipment\",\"description\":\"Your partner to develop your equine dentistry business\",\"potentialAction\":[{\"@type\":\"SearchAction\",\"target\":{\"@type\":\"EntryPoint\",\"urlTemplate\":\"https:\\\/\\\/www.horse-dental-equipment.us\\\/?s={search_term_string}\"},\"query-input\":{\"@type\":\"PropertyValueSpecification\",\"valueRequired\":true,\"valueName\":\"search_term_string\"}}],\"inLanguage\":\"es\"}]}<\/script>\n<!-- \/ Yoast SEO plugin. -->","yoast_head_json":{"title":"Poni - Lima Mandibular - Angulo 5\u00b0 - Horse Dental Equipment","description":"Estas limas han sido especialmente dise\u00f1adas para trabajar en ponis con bocas m\u00e1s peque\u00f1as.\nLima mandibular, angulo 5\u00b0, 43 cm.\nRecambio de 50 mm.","robots":{"index":"index","follow":"follow","max-snippet":"max-snippet:-1","max-image-preview":"max-image-preview:large","max-video-preview":"max-video-preview:-1"},"canonical":"https:\/\/www.horse-dental-equipment.us\/es\/producto\/poni-lima-mandibular-angulo-5\/","og_locale":"es_MX","og_type":"article","og_title":"Pony \u2013 Mandibulary Rasp \u2013 Angle 5\u00b0 - Horse Dental Equipment","og_description":"These rasps have been specially designed to work on ponies with smaller mouths. Mandibulary rasp, angle 5\u00b0, 43 cm. 50 mm blades. Sold without blades.","og_url":"https:\/\/www.horse-dental-equipment.us\/es\/producto\/poni-lima-mandibular-angulo-5\/","og_site_name":"Horse Dental Equipment","og_image":[{"width":800,"height":619,"url":"https:\/\/www.horse-dental-equipment.us\/wp-content\/uploads\/2026\/04\/RAP_BP3.jpg","type":"image\/jpeg"}],"twitter_card":"summary_large_image","twitter_misc":{"Tiempo de lectura":"1 minuto"},"schema":{"@context":"https:\/\/schema.org","@graph":[{"@type":"WebPage","@id":"https:\/\/www.horse-dental-equipment.us\/product\/pony-mandibulary-rasp-angle-5\/","url":"https:\/\/www.horse-dental-equipment.us\/product\/pony-mandibulary-rasp-angle-5\/","name":"Poni - Lima Mandibular - Angulo 5\u00b0 - Horse Dental Equipment","isPartOf":{"@id":"https:\/\/www.horse-dental-equipment.us\/#website"},"primaryImageOfPage":{"@id":"https:\/\/www.horse-dental-equipment.us\/product\/pony-mandibulary-rasp-angle-5\/#primaryimage"},"image":{"@id":"https:\/\/www.horse-dental-equipment.us\/product\/pony-mandibulary-rasp-angle-5\/#primaryimage"},"thumbnailUrl":"https:\/\/www.horse-dental-equipment.us\/wp-content\/uploads\/2026\/04\/RAP_BP3.jpg","datePublished":"2026-04-27T13:38:12+00:00","description":"Estas limas han sido especialmente dise\u00f1adas para trabajar en ponis con bocas m\u00e1s peque\u00f1as.\nLima mandibular, angulo 5\u00b0, 43 cm.\nRecambio de 50 mm.","breadcrumb":{"@id":"https:\/\/www.horse-dental-equipment.us\/product\/pony-mandibulary-rasp-angle-5\/#breadcrumb"},"inLanguage":"es","potentialAction":[{"@type":"ReadAction","target":["https:\/\/www.horse-dental-equipment.us\/product\/pony-mandibulary-rasp-angle-5\/"]}]},{"@type":"ImageObject","inLanguage":"es","@id":"https:\/\/www.horse-dental-equipment.us\/product\/pony-mandibulary-rasp-angle-5\/#primaryimage","url":"https:\/\/www.horse-dental-equipment.us\/wp-content\/uploads\/2026\/04\/RAP_BP3.jpg","contentUrl":"https:\/\/www.horse-dental-equipment.us\/wp-content\/uploads\/2026\/04\/RAP_BP3.jpg","width":800,"height":619,"caption":"Pony \u2013 Mandibulary Rasp \u2013 Angle 5\u00b0"},{"@type":"BreadcrumbList","@id":"https:\/\/www.horse-dental-equipment.us\/product\/pony-mandibulary-rasp-angle-5\/#breadcrumb","itemListElement":[{"@type":"ListItem","position":1,"name":"Home","item":"https:\/\/www.horse-dental-equipment.us\/"},{"@type":"ListItem","position":2,"name":"Products","item":"https:\/\/www.horse-dental-equipment.us\/products\/"},{"@type":"ListItem","position":3,"name":"Pony \u2013 Mandibulary Rasp \u2013 Angle 5\u00b0"}]},{"@type":"WebSite","@id":"https:\/\/www.horse-dental-equipment.us\/#website","url":"https:\/\/www.horse-dental-equipment.us\/","name":"Horse Dental Equipment","description":"Your partner to develop your equine dentistry business","potentialAction":[{"@type":"SearchAction","target":{"@type":"EntryPoint","urlTemplate":"https:\/\/www.horse-dental-equipment.us\/?s={search_term_string}"},"query-input":{"@type":"PropertyValueSpecification","valueRequired":true,"valueName":"search_term_string"}}],"inLanguage":"es"}]}},"_links":{"self":[{"href":"https:\/\/www.horse-dental-equipment.us\/es\/wp-json\/wp\/v2\/product\/11312","targetHints":{"allow":["GET"]}}],"collection":[{"href":"https:\/\/www.horse-dental-equipment.us\/es\/wp-json\/wp\/v2\/product"}],"about":[{"href":"https:\/\/www.horse-dental-equipment.us\/es\/wp-json\/wp\/v2\/types\/product"}],"replies":[{"embeddable":true,"href":"https:\/\/www.horse-dental-equipment.us\/es\/wp-json\/wp\/v2\/comments?post=11312"}],"wp:featuredmedia":[{"embeddable":true,"href":"https:\/\/www.horse-dental-equipment.us\/es\/wp-json\/wp\/v2\/media\/11313"}],"wp:attachment":[{"href":"https:\/\/www.horse-dental-equipment.us\/es\/wp-json\/wp\/v2\/media?parent=11312"}],"wp:term":[{"taxonomy":"product_brand","embeddable":true,"href":"https:\/\/www.horse-dental-equipment.us\/es\/wp-json\/wp\/v2\/product_brand?post=11312"},{"taxonomy":"product_cat","embeddable":true,"href":"https:\/\/www.horse-dental-equipment.us\/es\/wp-json\/wp\/v2\/product_cat?post=11312"},{"taxonomy":"product_tag","embeddable":true,"href":"https:\/\/www.horse-dental-equipment.us\/es\/wp-json\/wp\/v2\/product_tag?post=11312"}],"curies":[{"name":"wp","href":"https:\/\/api.w.org\/{rel}","templated":true}]}}