{"id":11182,"date":"2025-10-29T11:13:13","date_gmt":"2025-10-29T10:13:13","guid":{"rendered":"https:\/\/www.horse-dental-equipment.us\/?post_type=product&#038;p=11182"},"modified":"2025-10-29T11:30:09","modified_gmt":"2025-10-29T10:30:09","slug":"cabestro-dental-hde","status":"publish","type":"product","link":"https:\/\/www.horse-dental-equipment.us\/es\/producto\/cabestro-dental-hde\/","title":{"rendered":"HDE Dental Halter"},"content":{"rendered":"<p>Gracias a su funda flexible de neopreno y al foam integrado, el producto garantiza una comodidad \u00f3ptima para el caballo durante el tratamiento. Las curvas del producto se adaptan perfectamente a la morfolog\u00eda del caballo, con m\u00faltiples ajustes de correas para adaptarse a todo tipo y tama\u00f1o de caballos.<\/p>\n<p>Caracter\u00edsticas:<\/p>\n<ul>\n<li>Ajuste muy f\u00e1cil con una sola mano de la tensi\u00f3n y la altura de la cuerda gracias a un sistema de tacos<\/li>\n<li>Producto listo para suspender de un potro<\/li>\n<li>El material utilizado para la funda es conocido por su durabilidad<\/li>\n<li>Est\u00e1 reforzado con una tira de bi\u00f3tano superresistente<\/li>\n<li>La funda se cierra con tiras de velcro anchas y ultraadherentes<\/li>\n<li>Correas de bi\u00f3tano<\/li>\n<\/ul>","protected":false},"excerpt":{"rendered":"<p>Thanks to its flexible neoprene cover and integrated foam, the product guarantees optimal comfort for the horse during treatment. The curves of the product adapt perfectly to the horse&#8217;s morphology, with multiple strap adjustments to fit all types and sizes of horses. Characteristics: Very simple, one-handed adjustment of rope tension and height thanks to a [&hellip;]<\/p>\n","protected":false},"featured_media":11183,"comment_status":"closed","ping_status":"closed","template":"","meta":{"_acf_changed":false},"product_brand":[],"product_cat":[186,88,240],"product_tag":[],"class_list":{"0":"post-11182","1":"product","2":"type-product","3":"status-publish","4":"has-post-thumbnail","6":"product_cat-new-products","7":"product_cat-mouth-openers-accessories","8":"product_cat-accessories-of-mouth-openers","10":"first","11":"instock","12":"shipping-taxable","13":"purchasable","14":"product-type-simple"},"acf":[],"yoast_head":"<!-- This site is optimized with the Yoast SEO plugin v27.3 - https:\/\/yoast.com\/product\/yoast-seo-wordpress\/ -->\n<title>HDE Dental Halter - Horse Dental Equipment<\/title>\n<meta name=\"description\" content=\"Thanks to its flexible neoprene cover and integrated foam, the product guarantees optimal comfort for the horse during treatment.\" \/>\n<meta name=\"robots\" content=\"index, follow, max-snippet:-1, max-image-preview:large, max-video-preview:-1\" \/>\n<link rel=\"canonical\" href=\"https:\/\/www.horse-dental-equipment.us\/es\/producto\/cabestro-dental-hde\/\" \/>\n<meta property=\"og:locale\" content=\"es_MX\" \/>\n<meta property=\"og:type\" content=\"article\" \/>\n<meta property=\"og:title\" content=\"HDE Dental Halter - Horse Dental Equipment\" \/>\n<meta property=\"og:description\" content=\"Thanks to its flexible neoprene cover and integrated foam, the product guarantees optimal comfort for the horse during treatment.\" \/>\n<meta property=\"og:url\" content=\"https:\/\/www.horse-dental-equipment.us\/es\/producto\/cabestro-dental-hde\/\" \/>\n<meta property=\"og:site_name\" content=\"Horse Dental Equipment\" \/>\n<meta property=\"article:modified_time\" content=\"2025-10-29T10:30:09+00:00\" \/>\n<meta property=\"og:image\" content=\"https:\/\/www.horse-dental-equipment.us\/wp-content\/uploads\/2025\/10\/ACC_DH.jpg\" \/>\n\t<meta property=\"og:image:width\" content=\"800\" \/>\n\t<meta property=\"og:image:height\" content=\"619\" \/>\n\t<meta property=\"og:image:type\" content=\"image\/jpeg\" \/>\n<meta name=\"twitter:card\" content=\"summary_large_image\" \/>\n<meta name=\"twitter:label1\" content=\"Tiempo de lectura\" \/>\n\t<meta name=\"twitter:data1\" content=\"1 minuto\" \/>\n<script type=\"application\/ld+json\" class=\"yoast-schema-graph\">{\"@context\":\"https:\\\/\\\/schema.org\",\"@graph\":[{\"@type\":\"WebPage\",\"@id\":\"https:\\\/\\\/www.horse-dental-equipment.us\\\/product\\\/hde-dental-halter\\\/\",\"url\":\"https:\\\/\\\/www.horse-dental-equipment.us\\\/product\\\/hde-dental-halter\\\/\",\"name\":\"HDE Dental Halter - Horse Dental Equipment\",\"isPartOf\":{\"@id\":\"https:\\\/\\\/www.horse-dental-equipment.us\\\/#website\"},\"primaryImageOfPage\":{\"@id\":\"https:\\\/\\\/www.horse-dental-equipment.us\\\/product\\\/hde-dental-halter\\\/#primaryimage\"},\"image\":{\"@id\":\"https:\\\/\\\/www.horse-dental-equipment.us\\\/product\\\/hde-dental-halter\\\/#primaryimage\"},\"thumbnailUrl\":\"https:\\\/\\\/www.horse-dental-equipment.us\\\/wp-content\\\/uploads\\\/2025\\\/10\\\/ACC_DH.jpg\",\"datePublished\":\"2025-10-29T10:13:13+00:00\",\"dateModified\":\"2025-10-29T10:30:09+00:00\",\"description\":\"Thanks to its flexible neoprene cover and integrated foam, the product guarantees optimal comfort for the horse during treatment.\",\"breadcrumb\":{\"@id\":\"https:\\\/\\\/www.horse-dental-equipment.us\\\/product\\\/hde-dental-halter\\\/#breadcrumb\"},\"inLanguage\":\"es\",\"potentialAction\":[{\"@type\":\"ReadAction\",\"target\":[\"https:\\\/\\\/www.horse-dental-equipment.us\\\/product\\\/hde-dental-halter\\\/\"]}]},{\"@type\":\"ImageObject\",\"inLanguage\":\"es\",\"@id\":\"https:\\\/\\\/www.horse-dental-equipment.us\\\/product\\\/hde-dental-halter\\\/#primaryimage\",\"url\":\"https:\\\/\\\/www.horse-dental-equipment.us\\\/wp-content\\\/uploads\\\/2025\\\/10\\\/ACC_DH.jpg\",\"contentUrl\":\"https:\\\/\\\/www.horse-dental-equipment.us\\\/wp-content\\\/uploads\\\/2025\\\/10\\\/ACC_DH.jpg\",\"width\":800,\"height\":619,\"caption\":\"HDE Dental Halter\"},{\"@type\":\"BreadcrumbList\",\"@id\":\"https:\\\/\\\/www.horse-dental-equipment.us\\\/product\\\/hde-dental-halter\\\/#breadcrumb\",\"itemListElement\":[{\"@type\":\"ListItem\",\"position\":1,\"name\":\"Home\",\"item\":\"https:\\\/\\\/www.horse-dental-equipment.us\\\/\"},{\"@type\":\"ListItem\",\"position\":2,\"name\":\"Products\",\"item\":\"https:\\\/\\\/www.horse-dental-equipment.us\\\/products\\\/\"},{\"@type\":\"ListItem\",\"position\":3,\"name\":\"HDE Dental Halter\"}]},{\"@type\":\"WebSite\",\"@id\":\"https:\\\/\\\/www.horse-dental-equipment.us\\\/#website\",\"url\":\"https:\\\/\\\/www.horse-dental-equipment.us\\\/\",\"name\":\"Horse Dental Equipment\",\"description\":\"Your partner to develop your equine dentistry business\",\"potentialAction\":[{\"@type\":\"SearchAction\",\"target\":{\"@type\":\"EntryPoint\",\"urlTemplate\":\"https:\\\/\\\/www.horse-dental-equipment.us\\\/?s={search_term_string}\"},\"query-input\":{\"@type\":\"PropertyValueSpecification\",\"valueRequired\":true,\"valueName\":\"search_term_string\"}}],\"inLanguage\":\"es\"}]}<\/script>\n<!-- \/ Yoast SEO plugin. -->","yoast_head_json":{"title":"Cabestro Dental HDE - Horse Dental Equipment","description":"Gracias a su funda flexible de neopreno y al foam integrado, el producto garantiza una comodidad \u00f3ptima para el caballo durante el tratamiento.","robots":{"index":"index","follow":"follow","max-snippet":"max-snippet:-1","max-image-preview":"max-image-preview:large","max-video-preview":"max-video-preview:-1"},"canonical":"https:\/\/www.horse-dental-equipment.us\/es\/producto\/cabestro-dental-hde\/","og_locale":"es_MX","og_type":"article","og_title":"HDE Dental Halter - Horse Dental Equipment","og_description":"Thanks to its flexible neoprene cover and integrated foam, the product guarantees optimal comfort for the horse during treatment.","og_url":"https:\/\/www.horse-dental-equipment.us\/es\/producto\/cabestro-dental-hde\/","og_site_name":"Horse Dental Equipment","article_modified_time":"2025-10-29T10:30:09+00:00","og_image":[{"width":800,"height":619,"url":"https:\/\/www.horse-dental-equipment.us\/wp-content\/uploads\/2025\/10\/ACC_DH.jpg","type":"image\/jpeg"}],"twitter_card":"summary_large_image","twitter_misc":{"Tiempo de lectura":"1 minuto"},"schema":{"@context":"https:\/\/schema.org","@graph":[{"@type":"WebPage","@id":"https:\/\/www.horse-dental-equipment.us\/product\/hde-dental-halter\/","url":"https:\/\/www.horse-dental-equipment.us\/product\/hde-dental-halter\/","name":"Cabestro Dental HDE - Horse Dental Equipment","isPartOf":{"@id":"https:\/\/www.horse-dental-equipment.us\/#website"},"primaryImageOfPage":{"@id":"https:\/\/www.horse-dental-equipment.us\/product\/hde-dental-halter\/#primaryimage"},"image":{"@id":"https:\/\/www.horse-dental-equipment.us\/product\/hde-dental-halter\/#primaryimage"},"thumbnailUrl":"https:\/\/www.horse-dental-equipment.us\/wp-content\/uploads\/2025\/10\/ACC_DH.jpg","datePublished":"2025-10-29T10:13:13+00:00","dateModified":"2025-10-29T10:30:09+00:00","description":"Gracias a su funda flexible de neopreno y al foam integrado, el producto garantiza una comodidad \u00f3ptima para el caballo durante el tratamiento.","breadcrumb":{"@id":"https:\/\/www.horse-dental-equipment.us\/product\/hde-dental-halter\/#breadcrumb"},"inLanguage":"es","potentialAction":[{"@type":"ReadAction","target":["https:\/\/www.horse-dental-equipment.us\/product\/hde-dental-halter\/"]}]},{"@type":"ImageObject","inLanguage":"es","@id":"https:\/\/www.horse-dental-equipment.us\/product\/hde-dental-halter\/#primaryimage","url":"https:\/\/www.horse-dental-equipment.us\/wp-content\/uploads\/2025\/10\/ACC_DH.jpg","contentUrl":"https:\/\/www.horse-dental-equipment.us\/wp-content\/uploads\/2025\/10\/ACC_DH.jpg","width":800,"height":619,"caption":"HDE Dental Halter"},{"@type":"BreadcrumbList","@id":"https:\/\/www.horse-dental-equipment.us\/product\/hde-dental-halter\/#breadcrumb","itemListElement":[{"@type":"ListItem","position":1,"name":"Home","item":"https:\/\/www.horse-dental-equipment.us\/"},{"@type":"ListItem","position":2,"name":"Products","item":"https:\/\/www.horse-dental-equipment.us\/products\/"},{"@type":"ListItem","position":3,"name":"HDE Dental Halter"}]},{"@type":"WebSite","@id":"https:\/\/www.horse-dental-equipment.us\/#website","url":"https:\/\/www.horse-dental-equipment.us\/","name":"Horse Dental Equipment","description":"Your partner to develop your equine dentistry business","potentialAction":[{"@type":"SearchAction","target":{"@type":"EntryPoint","urlTemplate":"https:\/\/www.horse-dental-equipment.us\/?s={search_term_string}"},"query-input":{"@type":"PropertyValueSpecification","valueRequired":true,"valueName":"search_term_string"}}],"inLanguage":"es"}]}},"_links":{"self":[{"href":"https:\/\/www.horse-dental-equipment.us\/es\/wp-json\/wp\/v2\/product\/11182","targetHints":{"allow":["GET"]}}],"collection":[{"href":"https:\/\/www.horse-dental-equipment.us\/es\/wp-json\/wp\/v2\/product"}],"about":[{"href":"https:\/\/www.horse-dental-equipment.us\/es\/wp-json\/wp\/v2\/types\/product"}],"replies":[{"embeddable":true,"href":"https:\/\/www.horse-dental-equipment.us\/es\/wp-json\/wp\/v2\/comments?post=11182"}],"wp:featuredmedia":[{"embeddable":true,"href":"https:\/\/www.horse-dental-equipment.us\/es\/wp-json\/wp\/v2\/media\/11183"}],"wp:attachment":[{"href":"https:\/\/www.horse-dental-equipment.us\/es\/wp-json\/wp\/v2\/media?parent=11182"}],"wp:term":[{"taxonomy":"product_brand","embeddable":true,"href":"https:\/\/www.horse-dental-equipment.us\/es\/wp-json\/wp\/v2\/product_brand?post=11182"},{"taxonomy":"product_cat","embeddable":true,"href":"https:\/\/www.horse-dental-equipment.us\/es\/wp-json\/wp\/v2\/product_cat?post=11182"},{"taxonomy":"product_tag","embeddable":true,"href":"https:\/\/www.horse-dental-equipment.us\/es\/wp-json\/wp\/v2\/product_tag?post=11182"}],"curies":[{"name":"wp","href":"https:\/\/api.w.org\/{rel}","templated":true}]}}