{"id":10631,"date":"2024-06-05T16:20:52","date_gmt":"2024-06-05T14:20:52","guid":{"rendered":"https:\/\/www.horse-dental-equipment.us\/?post_type=product&#038;p=10631"},"modified":"2025-10-26T18:12:09","modified_gmt":"2025-10-26T17:12:09","slug":"tornillo-bloqueo","status":"publish","type":"product","link":"https:\/\/www.horse-dental-equipment.us\/es\/producto\/tornillo-bloqueo\/","title":{"rendered":"Tornillo de Bloqueo"},"content":{"rendered":"<p>Este tornillo de bloqueo permite una fijaci\u00f3n segura de los f\u00f3rceps y una transmisi\u00f3n eficaz de la fuerza durante el proceso de aflojamiento y extracci\u00f3n.<br \/>\nEl tornillo de bloqueo s\u00f3lo est\u00e1 disponible para los f\u00f3rceps Pegasos equipados con orificios en cada extremo del mango.<\/p>\n<p><iframe title=\"vimeo-player\" src=\"https:\/\/player.vimeo.com\/video\/970701809?h=752acd93ae\" width=\"640\" height=\"360\" frameborder=\"0\" allowfullscreen=\"allowfullscreen\"><\/iframe><\/p>\n<p>Lock Screw for Forceps &#8211; Dr Frank Schellenberger<\/p>","protected":false},"excerpt":{"rendered":"<p>This lock screw enables the safe fixation of the forceps and efficient power transmission during the loosening and extraction process. The lock screw is available only for Pegasos forceps equipped with holes at each end of the handle. Lock Screw for Forceps &#8211; Dr Frank Schellenberger<\/p>","protected":false},"featured_media":10717,"comment_status":"closed","ping_status":"closed","template":"","meta":{"_acf_changed":false},"product_brand":[],"product_cat":[186,15,111],"product_tag":[],"class_list":{"0":"post-10631","1":"product","2":"type-product","3":"status-publish","4":"has-post-thumbnail","6":"product_cat-new-products","7":"product_cat-pegasos","8":"product_cat-pegasos-stomatology","10":"first","11":"instock","12":"shipping-taxable","13":"purchasable","14":"product-type-simple"},"acf":[],"yoast_head":"<!-- This site is optimized with the Yoast SEO plugin v27.3 - https:\/\/yoast.com\/product\/yoast-seo-wordpress\/ -->\n<title>Lock Screw - Horse Dental Equipment<\/title>\n<meta name=\"description\" content=\"This lock screw enables the safe fixation of the forceps and efficient power transmission during the loosening and extraction process.\" \/>\n<meta name=\"robots\" content=\"index, follow, max-snippet:-1, max-image-preview:large, max-video-preview:-1\" \/>\n<link rel=\"canonical\" href=\"https:\/\/www.horse-dental-equipment.us\/es\/producto\/tornillo-bloqueo\/\" \/>\n<meta property=\"og:locale\" content=\"es_MX\" \/>\n<meta property=\"og:type\" content=\"article\" \/>\n<meta property=\"og:title\" content=\"Lock Screw - Horse Dental Equipment\" \/>\n<meta property=\"og:description\" content=\"This lock screw enables the safe fixation of the forceps and efficient power transmission during the loosening and extraction process.\" \/>\n<meta property=\"og:url\" content=\"https:\/\/www.horse-dental-equipment.us\/es\/producto\/tornillo-bloqueo\/\" \/>\n<meta property=\"og:site_name\" content=\"Horse Dental Equipment\" \/>\n<meta property=\"article:modified_time\" content=\"2025-10-26T17:12:09+00:00\" \/>\n<meta property=\"og:image\" content=\"https:\/\/www.horse-dental-equipment.us\/wp-content\/uploads\/2024\/06\/PEGA_321011-1.jpg\" \/>\n\t<meta property=\"og:image:width\" content=\"800\" \/>\n\t<meta property=\"og:image:height\" content=\"619\" \/>\n\t<meta property=\"og:image:type\" content=\"image\/jpeg\" \/>\n<meta name=\"twitter:card\" content=\"summary_large_image\" \/>\n<meta name=\"twitter:label1\" content=\"Tiempo de lectura\" \/>\n\t<meta name=\"twitter:data1\" content=\"1 minuto\" \/>\n<script type=\"application\/ld+json\" class=\"yoast-schema-graph\">{\"@context\":\"https:\\\/\\\/schema.org\",\"@graph\":[{\"@type\":\"WebPage\",\"@id\":\"https:\\\/\\\/www.horse-dental-equipment.us\\\/product\\\/lock-screw\\\/\",\"url\":\"https:\\\/\\\/www.horse-dental-equipment.us\\\/product\\\/lock-screw\\\/\",\"name\":\"Lock Screw - Horse Dental Equipment\",\"isPartOf\":{\"@id\":\"https:\\\/\\\/www.horse-dental-equipment.us\\\/#website\"},\"primaryImageOfPage\":{\"@id\":\"https:\\\/\\\/www.horse-dental-equipment.us\\\/product\\\/lock-screw\\\/#primaryimage\"},\"image\":{\"@id\":\"https:\\\/\\\/www.horse-dental-equipment.us\\\/product\\\/lock-screw\\\/#primaryimage\"},\"thumbnailUrl\":\"https:\\\/\\\/www.horse-dental-equipment.us\\\/wp-content\\\/uploads\\\/2024\\\/06\\\/PEGA_321011-1.jpg\",\"datePublished\":\"2024-06-05T14:20:52+00:00\",\"dateModified\":\"2025-10-26T17:12:09+00:00\",\"description\":\"This lock screw enables the safe fixation of the forceps and efficient power transmission during the loosening and extraction process.\",\"breadcrumb\":{\"@id\":\"https:\\\/\\\/www.horse-dental-equipment.us\\\/product\\\/lock-screw\\\/#breadcrumb\"},\"inLanguage\":\"es\",\"potentialAction\":[{\"@type\":\"ReadAction\",\"target\":[\"https:\\\/\\\/www.horse-dental-equipment.us\\\/product\\\/lock-screw\\\/\"]}]},{\"@type\":\"ImageObject\",\"inLanguage\":\"es\",\"@id\":\"https:\\\/\\\/www.horse-dental-equipment.us\\\/product\\\/lock-screw\\\/#primaryimage\",\"url\":\"https:\\\/\\\/www.horse-dental-equipment.us\\\/wp-content\\\/uploads\\\/2024\\\/06\\\/PEGA_321011-1.jpg\",\"contentUrl\":\"https:\\\/\\\/www.horse-dental-equipment.us\\\/wp-content\\\/uploads\\\/2024\\\/06\\\/PEGA_321011-1.jpg\",\"width\":800,\"height\":619,\"caption\":\"Lock Screw\"},{\"@type\":\"BreadcrumbList\",\"@id\":\"https:\\\/\\\/www.horse-dental-equipment.us\\\/product\\\/lock-screw\\\/#breadcrumb\",\"itemListElement\":[{\"@type\":\"ListItem\",\"position\":1,\"name\":\"Home\",\"item\":\"https:\\\/\\\/www.horse-dental-equipment.us\\\/\"},{\"@type\":\"ListItem\",\"position\":2,\"name\":\"Products\",\"item\":\"https:\\\/\\\/www.horse-dental-equipment.us\\\/products\\\/\"},{\"@type\":\"ListItem\",\"position\":3,\"name\":\"Lock Screw\"}]},{\"@type\":\"WebSite\",\"@id\":\"https:\\\/\\\/www.horse-dental-equipment.us\\\/#website\",\"url\":\"https:\\\/\\\/www.horse-dental-equipment.us\\\/\",\"name\":\"Horse Dental Equipment\",\"description\":\"Your partner to develop your equine dentistry business\",\"potentialAction\":[{\"@type\":\"SearchAction\",\"target\":{\"@type\":\"EntryPoint\",\"urlTemplate\":\"https:\\\/\\\/www.horse-dental-equipment.us\\\/?s={search_term_string}\"},\"query-input\":{\"@type\":\"PropertyValueSpecification\",\"valueRequired\":true,\"valueName\":\"search_term_string\"}}],\"inLanguage\":\"es\"}]}<\/script>\n<!-- \/ Yoast SEO plugin. -->","yoast_head_json":{"title":"Tornillo de Bloqueo - Horse Dental Equipment","description":"Este tornillo de bloqueo permite una fijaci\u00f3n segura de los f\u00f3rceps y una transmisi\u00f3n eficaz de la fuerza durante el proceso de aflojamiento y extracci\u00f3n.","robots":{"index":"index","follow":"follow","max-snippet":"max-snippet:-1","max-image-preview":"max-image-preview:large","max-video-preview":"max-video-preview:-1"},"canonical":"https:\/\/www.horse-dental-equipment.us\/es\/producto\/tornillo-bloqueo\/","og_locale":"es_MX","og_type":"article","og_title":"Lock Screw - Horse Dental Equipment","og_description":"This lock screw enables the safe fixation of the forceps and efficient power transmission during the loosening and extraction process.","og_url":"https:\/\/www.horse-dental-equipment.us\/es\/producto\/tornillo-bloqueo\/","og_site_name":"Horse Dental Equipment","article_modified_time":"2025-10-26T17:12:09+00:00","og_image":[{"width":800,"height":619,"url":"https:\/\/www.horse-dental-equipment.us\/wp-content\/uploads\/2024\/06\/PEGA_321011-1.jpg","type":"image\/jpeg"}],"twitter_card":"summary_large_image","twitter_misc":{"Tiempo de lectura":"1 minuto"},"schema":{"@context":"https:\/\/schema.org","@graph":[{"@type":"WebPage","@id":"https:\/\/www.horse-dental-equipment.us\/product\/lock-screw\/","url":"https:\/\/www.horse-dental-equipment.us\/product\/lock-screw\/","name":"Tornillo de Bloqueo - Horse Dental Equipment","isPartOf":{"@id":"https:\/\/www.horse-dental-equipment.us\/#website"},"primaryImageOfPage":{"@id":"https:\/\/www.horse-dental-equipment.us\/product\/lock-screw\/#primaryimage"},"image":{"@id":"https:\/\/www.horse-dental-equipment.us\/product\/lock-screw\/#primaryimage"},"thumbnailUrl":"https:\/\/www.horse-dental-equipment.us\/wp-content\/uploads\/2024\/06\/PEGA_321011-1.jpg","datePublished":"2024-06-05T14:20:52+00:00","dateModified":"2025-10-26T17:12:09+00:00","description":"Este tornillo de bloqueo permite una fijaci\u00f3n segura de los f\u00f3rceps y una transmisi\u00f3n eficaz de la fuerza durante el proceso de aflojamiento y extracci\u00f3n.","breadcrumb":{"@id":"https:\/\/www.horse-dental-equipment.us\/product\/lock-screw\/#breadcrumb"},"inLanguage":"es","potentialAction":[{"@type":"ReadAction","target":["https:\/\/www.horse-dental-equipment.us\/product\/lock-screw\/"]}]},{"@type":"ImageObject","inLanguage":"es","@id":"https:\/\/www.horse-dental-equipment.us\/product\/lock-screw\/#primaryimage","url":"https:\/\/www.horse-dental-equipment.us\/wp-content\/uploads\/2024\/06\/PEGA_321011-1.jpg","contentUrl":"https:\/\/www.horse-dental-equipment.us\/wp-content\/uploads\/2024\/06\/PEGA_321011-1.jpg","width":800,"height":619,"caption":"Lock Screw"},{"@type":"BreadcrumbList","@id":"https:\/\/www.horse-dental-equipment.us\/product\/lock-screw\/#breadcrumb","itemListElement":[{"@type":"ListItem","position":1,"name":"Home","item":"https:\/\/www.horse-dental-equipment.us\/"},{"@type":"ListItem","position":2,"name":"Products","item":"https:\/\/www.horse-dental-equipment.us\/products\/"},{"@type":"ListItem","position":3,"name":"Lock Screw"}]},{"@type":"WebSite","@id":"https:\/\/www.horse-dental-equipment.us\/#website","url":"https:\/\/www.horse-dental-equipment.us\/","name":"Horse Dental Equipment","description":"Your partner to develop your equine dentistry business","potentialAction":[{"@type":"SearchAction","target":{"@type":"EntryPoint","urlTemplate":"https:\/\/www.horse-dental-equipment.us\/?s={search_term_string}"},"query-input":{"@type":"PropertyValueSpecification","valueRequired":true,"valueName":"search_term_string"}}],"inLanguage":"es"}]}},"_links":{"self":[{"href":"https:\/\/www.horse-dental-equipment.us\/es\/wp-json\/wp\/v2\/product\/10631","targetHints":{"allow":["GET"]}}],"collection":[{"href":"https:\/\/www.horse-dental-equipment.us\/es\/wp-json\/wp\/v2\/product"}],"about":[{"href":"https:\/\/www.horse-dental-equipment.us\/es\/wp-json\/wp\/v2\/types\/product"}],"replies":[{"embeddable":true,"href":"https:\/\/www.horse-dental-equipment.us\/es\/wp-json\/wp\/v2\/comments?post=10631"}],"wp:featuredmedia":[{"embeddable":true,"href":"https:\/\/www.horse-dental-equipment.us\/es\/wp-json\/wp\/v2\/media\/10717"}],"wp:attachment":[{"href":"https:\/\/www.horse-dental-equipment.us\/es\/wp-json\/wp\/v2\/media?parent=10631"}],"wp:term":[{"taxonomy":"product_brand","embeddable":true,"href":"https:\/\/www.horse-dental-equipment.us\/es\/wp-json\/wp\/v2\/product_brand?post=10631"},{"taxonomy":"product_cat","embeddable":true,"href":"https:\/\/www.horse-dental-equipment.us\/es\/wp-json\/wp\/v2\/product_cat?post=10631"},{"taxonomy":"product_tag","embeddable":true,"href":"https:\/\/www.horse-dental-equipment.us\/es\/wp-json\/wp\/v2\/product_tag?post=10631"}],"curies":[{"name":"wp","href":"https:\/\/api.w.org\/{rel}","templated":true}]}}